{"id":14931,"date":"2025-09-22T12:20:13","date_gmt":"2025-09-22T09:20:13","guid":{"rendered":"https:\/\/abz.ee\/?post_type=product&#038;p=14931"},"modified":"2026-04-27T14:29:28","modified_gmt":"2026-04-27T11:29:28","slug":"abba-ja-joulu-london-29-22-11-2026","status":"publish","type":"product","link":"https:\/\/abz.ee\/en\/reis\/abba-ja-joulu-london-29-22-11-2026\/","title":{"rendered":"ABBA ja J\u00d5ULU-LONDON  20.-22.11.2026 &#8211; \u00dcKS VABA KOHT"},"content":{"rendered":"<p><strong><span style=\"font-family: Arial, sans-serif;\"><span style=\"font-size: medium;\">ABBA ja J\u00d5ULU-LONDON\u00a0\u00a0<\/span><\/span><\/strong><\/p>\n<p><em><span style=\"font-weight: 400;\">Novembri l\u00f5pus muutub <\/span><b>London<\/b><span style=\"font-weight: 400;\"> t\u00f5eliseks j\u00f5ululinnaks \u2013 tuledes\u00e4ras t\u00e4navad, kaunistatud vaateaknad ja pidulik meeleolu. Glamuur ja j\u00f5uluturud l\u00e4bisegi.<\/span><span style=\"font-weight: 400;\"><br \/>\n<\/span><span style=\"font-weight: 400;\">Selle erilise aja ja atmosf\u00e4\u00e4ri krooniks on innovaatiline show, kus legendaarne ABBA astub lavale t\u00e4iesti uuel moel, \u00fchendades nostalgia ja tipptasemel tehnoloogia. Meie l\u00fchikese reisi plussiks on ka \u00f6\u00f6bimiskoht, kust k\u00f5ige olulisemad Londoni vaatamisv\u00e4\u00e4rsused j\u00e4\u00e4vad\u00a0 jalutusk\u00e4igu kaugusele.\u00a0<\/span><\/em><\/p>\n<p><em><span style=\"font-weight: 400;\">Reisgrupi suurus: 16<\/span><span style=\"font-weight: 400;\"><br \/>\n<\/span><span style=\"font-weight: 400;\">Reisidokumendiks on PASS! Lisaks tuleb k\u00f5igil reisijatel hoolitseda selle eest, et neil oleks kehtiv<\/span><b> ETA (\u00dchendkuningriiki sisenemise elektrooniline luba).<\/b><span style=\"font-weight: 400;\"> Vajadusel k\u00fcsi meilt lisainfot ja abi <\/span><span style=\"font-weight: 400;\">(vt ka punkti \u201clisatasu eest\u201d!)<\/span><\/em><\/p>\n<p><strong><span style=\"font-family: Arial, sans-serif;\"><span style=\"font-size: medium;\">1. p\u00e4ev, R, 20.november<\/span><\/span><\/strong><\/p>\n<p><span style=\"font-family: Arial, sans-serif;\"><span style=\"font-size: medium;\">Wizzair lend Tallinn &#8211; London (Luton) 11.35 -12.45.\u00a0 <\/span><\/span><span style=\"font-family: Arial, sans-serif;\"><span style=\"font-size: medium;\">Transfeer majutuskohta Londoni kesklinnas. <\/span><\/span><\/p>\n<p><span style=\"font-family: Arial, sans-serif;\"><span style=\"font-size: medium;\">Meie \u00f6\u00f6bimiskoht kaheks \u00f6\u00f6ks,<strong> Stay Kula London-Victoria, <\/strong><\/span><\/span><span style=\"font-family: Arial, sans-serif;\"><span style=\"font-size: medium;\">on korter-t\u00fc\u00fcpi majutus:\u00a0 2-sed toad, igas korteris on ka k\u00f6\u00f6ginurk. \u00d6\u00f6bimiskoht asub ca 600 m kaugusel briti kuningalossist Buckinghami paleest, mis annab v\u00f5imaluse vaadata nii &#8220;tavalist&#8221; vahtkonnavahetust kui ka seda, kus osalevad hobused. Ca 600 m kaugusel on ka Hyde Park, kus 14.novembril avatakse traditsiooniline, Euroopa \u00fcks suurematest ja kuulsamatest j\u00f5ulumaadest. Ca 1 km kaugusel on Briti parlamendihoone, kuningate kroonimiskirik Westminister Abbey ja Big Ben. Sama palju on ka Londoni s\u00fcdame, Trafalgari v\u00e4ljakuni. Big Beni juurest \u00fcle j\u00f5e asub Londoni ikooniline vaateratas London Eye ning selle l\u00e4hedal \u00fcks kuulsamaid Lodoni j\u00f5uluturge &#8211;<strong> Southbank Centre Winter Market. <\/strong><\/span><\/span><\/p>\n<p><span style=\"font-family: Arial, sans-serif;\"><span style=\"font-size: medium;\">J\u00f5uame natuke ringi vaadata London s\u00fcdames ning soovi korral ka pisut puhata enne kontserdile minekut. <\/span><\/span><span style=\"font-family: Arial, sans-serif;\"><span style=\"font-size: medium;\">17.45\u00a0 stardime \u00fchistranspordiga kontserdipaika. 19.45 algav <\/span><\/span><span style=\"font-family: Arial, sans-serif;\"><span style=\"font-size: medium;\"><strong>ABBA Voyage<\/strong> on kontsert, kus \u201cesinejateks\u201d on virtuaalsed hologramm-avatarid, mis kujutavad gruppi 1979. aastal, kuid saadavad neid p\u00e4ris muusikud ja 10-liikmelise live-instrumentaalb\u00e4ndi ehe, v\u00f5imas heli. <\/span><\/span><span style=\"font-family: Arial, sans-serif;\"><span style=\"font-size: medium;\">Kontsert toimub spetsiaalselt selleks ehitatud ABBA Arenal, kus heli, valgus ja visuaalid loovad erakordse atmosf\u00e4\u00e4ri. Kahetunnise show jooksul k\u00f5lavad k\u00f5ik suurimad hitid pakkudes \u00e4ratundmisr\u00f5\u00f5mu ja emotsioone igale kuulajale. ABBA Voyage \u00fchendab nostalgia ja tulevikutehnoloogia viisil, mida mujal ei n\u00e4e. <\/span><\/span><a href=\"https:\/\/abbavoyage.com\/\"><span style=\"font-family: Arial, sans-serif;\"><span style=\"font-size: medium;\">https:\/\/abbavoyage.com\/<\/span><\/span><\/a><\/p>\n<p><strong><span style=\"font-family: Arial, sans-serif;\"><span style=\"font-size: medium;\">2. p\u00e4ev, L, 21.november<\/span><\/span><\/strong><\/p>\n<p><span style=\"font-family: Arial, sans-serif;\"><span style=\"font-size: medium;\">Klassikaline inglise hommikus\u00f6\u00f6k 5 min jalutusk\u00e4igu kaugusel asuvas Londoni kohvikus <strong>The English Rose Cafe and Tea Shop<\/strong>,\u00a0<a href=\"https:\/\/theenglishrosecafe.co.uk\/\">https:\/\/theenglishrosecafe.co.uk\/<\/a><\/span><\/span><\/p>\n<p><span style=\"font-family: Arial, sans-serif;\"><span style=\"font-size: medium;\">Edasine p\u00e4ev soovi korral kas vabaks kulgemiseks v\u00f5i liikumiseks koos reisijuhiga. <\/span><\/span><span style=\"font-family: Arial, sans-serif;\"><span style=\"font-size: medium;\">J\u00f5ulu-eri v\u00f5imalused Londonis:<\/span><\/span><\/p>\n<ul>\n<li><span style=\"font-family: Arial, sans-serif;\"><span style=\"font-size: medium;\">Hyde Park Winter Wonderland (150+ atraktsiooni &#8211; karussellid, vaateratas jms, tuled- dekoratsioonid). Hyde Parki l\u00e4hedal asub ka maailmakuulus kaubamaja Harrods, mis samuti on kuulus oma j\u00f5uludekoratsioonide poolest.<\/span><\/span><\/li>\n<li><span style=\"font-family: Arial, sans-serif;\"><span style=\"font-size: medium;\">Oxford Street ja Regent Street (Londoni kuulsaimad j\u00f5uluvalgustused, Regent Streeti ikoonilised inglitiivad)<\/span><\/span><\/li>\n<li><span style=\"font-family: Arial, sans-serif;\"><span style=\"font-size: medium;\">Convent Garden j\u00f5uluk\u00fcla koos hiiglasliku j\u00f5ulukuusega<\/span><\/span><\/li>\n<\/ul>\n<p>&nbsp;<\/p>\n<p><strong><span style=\"font-family: Arial, sans-serif;\"><span style=\"font-size: medium;\">3. p\u00e4ev, P, 22.november<\/span><\/span><\/strong><\/p>\n<p><span style=\"font-family: Arial, sans-serif;\"><span style=\"font-size: medium;\">Transfeer lennujaama, start \u00f6\u00f6sel 03.00.\u00a0 <\/span><\/span><span style=\"font-family: Arial, sans-serif;\"><span style=\"font-size: medium;\">Lend Wizzair, London &#8211; Tallinn 6.05-11.00<\/span><\/span><\/p>\n<p><strong><span style=\"font-family: Arial, sans-serif;\"><span style=\"font-size: medium;\">Hind: 640 EUR\/inimene<\/span><\/span><\/strong><\/p>\n<p><strong><span style=\"font-family: Arial, sans-serif;\"><span style=\"font-size: medium;\">Hinna sees:<\/span><\/span><\/strong><\/p>\n<ul>\n<li><span style=\"font-family: Arial, sans-serif;\"><span style=\"font-size: medium;\">Lennupiletid (Wizzair) koos k\u00e4sipagasiga (40x30x20 cm, kuni 10 kg) lend nr W95446<\/span><\/span><\/li>\n<li><span style=\"font-family: Arial, sans-serif;\"><span style=\"font-size: medium;\">Transfeer Londonis lennujaam &#8211; majutuskoht &#8211; lennujaam<\/span><\/span><\/li>\n<li><span style=\"font-family: Arial, sans-serif;\"><span style=\"font-size: medium;\">\u00d6\u00f6bimine koos \u00fche hommikus\u00f6\u00f6giga<\/span><\/span><\/li>\n<li><span style=\"font-family: Arial, sans-serif;\"><span style=\"font-size: medium;\">ABBA Voyjage pilet (sektor K, read F,G,H) \u00a0<\/span><\/span><\/li>\n<li><span style=\"font-family: Arial, sans-serif;\"><span style=\"font-size: medium;\">Reisijuhi teenus<\/span><\/span><\/li>\n<\/ul>\n<p>&nbsp;<\/p>\n<p><strong><span style=\"font-family: Arial, sans-serif;\"><span style=\"font-size: medium;\">Lisatasu eest:<\/span><\/span><\/strong><\/p>\n<ul>\n<li><span style=\"font-family: Arial, sans-serif;\"><span style=\"font-size: medium;\">Elektrooniline reisiluba (ETA) \u00dchendkuningriiki sisenemiseks (NB! Maksab ca 20 eur!) <\/span><\/span><a href=\"https:\/\/reisitargalt.vm.ee\/sihtkoht\/suurbritannia\/\"><span style=\"font-family: Arial, sans-serif;\"><span style=\"font-size: medium;\">https:\/\/reisitargalt.vm.ee\/sihtkoht\/suurbritannia\/<\/span><\/span><\/a><\/li>\n<li><span style=\"font-family: Arial, sans-serif;\"><span style=\"font-size: medium;\">Lisapagas lennukisse<\/span><\/span><\/li>\n<li><span style=\"font-family: Arial, sans-serif;\"><span style=\"font-size: medium;\">\u00dchistranspordiga liikumine Londonis <\/span><\/span><\/li>\n<\/ul>\n<p>&nbsp;<\/p>\n<p><strong><span style=\"font-family: Arial, sans-serif;\"><span style=\"font-size: medium;\">Soovi korral:<\/span><\/span><\/strong><\/p>\n<ul>\n<li><span style=\"font-family: Arial, sans-serif;\"><span style=\"font-size: medium;\">Westminster Abbey (vajalik ette broneerimine, hind ca 35 eur)\u00a0 <a href=\"https:\/\/www.westminster-abbey.org\/visit-us\/prices-entry-times\">https:\/\/www.westminster-abbey.org\/visit-us\/prices-entry-times<\/a><\/span><\/span><\/li>\n<li><span style=\"font-family: Arial, sans-serif;\"><span style=\"font-size: medium;\">Vaateratas London Eye (hind al ca 40 eur) <a href=\"https:\/\/www.londoneye.com\/tickets-and-prices\/\">https:\/\/www.londoneye.com\/tickets-and-prices\/<\/a><\/span><\/span><\/li>\n<li><span style=\"font-family: Arial, sans-serif;\"><span style=\"font-size: medium;\">Hyde Park Winter Wonderland (sissep\u00e4\u00e4s ca 10 eur, ei sisadal atraktsioone)<\/span><\/span><\/li>\n<li><span style=\"font-family: Arial, sans-serif;\"><span style=\"font-size: medium;\">Hop-on, hop-of buss (hind 40-50 eur s\u00f5ltuvalt bussifirmast)<\/span><\/span><\/li>\n<\/ul>\n<p>&nbsp;<\/p>\n<p><span style=\"font-family: Arial, sans-serif;\"><span style=\"font-size: medium;\">Soovitame s\u00f5lmida ka<\/span><\/span><strong><span style=\"font-family: Arial, sans-serif;\"><span style=\"font-size: medium;\">\u00a0meditsiiniabikindlustuse<\/span><\/span><\/strong><span style=\"font-family: Arial, sans-serif;\"><span style=\"font-size: medium;\">\u00a0<\/span><\/span><strong><span style=\"font-family: Arial, sans-serif;\"><span style=\"font-size: medium;\">koos\u00a0reisit\u00f5rkekindlustusega<\/span><\/span><\/strong><span style=\"font-family: Arial, sans-serif;\"><span style=\"font-size: medium;\">. Meditsiiniabikindlustus katab kindlustusjuhtumi korral ka visiiditasud, voodip\u00e4evatasud ja riikidevahelise transpordi, mida Euroopa ravikindlustuskaart ei kata.<\/span><\/span><\/p>\n<p><span style=\"font-family: Arial, sans-serif;\"><span style=\"font-size: medium;\">Reisit\u00f5rkekindlustus katab tehtud reisipaketi kulud juhul, kui j\u00e4\u00e4te reisi eel haigeks ja ei saa reisile minna (vajalik on sel juhul esitada kindlustusfirmale arstit\u00f5end). Reisit\u00f5rkekindlustus maksab kulud ka juhul, kui l\u00e4hedane inimene peaks j\u00e4\u00e4ma haigeks v\u00f5i surema. Tutvu konkreetse kindlustuspakkuja tingimustega! Reisit\u00f5rkekindlustuse soovitame s\u00f5lmida esimese ettemaksu tegemise j\u00e4rel, kuid mitte hiljem kui n\u00e4dal aega enne reisi.<\/span><\/span><\/p>\n<p><strong><span style=\"font-family: Arial, sans-serif;\"><span style=\"font-size: medium;\">Vaatamisv\u00e4\u00e4rsuste hinnad v\u00f5ivad v\u00e4hesel m\u00e4\u00e4ral muutuda!<\/span><\/span><\/strong><\/p>\n<p><strong><span style=\"font-family: Arial, sans-serif;\"><span style=\"font-size: medium;\">ABZ Reisid j\u00e4tab endale \u00f5iguse teha muudatusi reisikavas.\u00a0\u00a0\u00a0<\/span><\/span><\/strong><\/p>\n<p><strong><span style=\"font-family: Arial, sans-serif;\"><span style=\"font-size: medium;\"><span lang=\"et-EE\">Reisile on vajalik kaasa\u00a0v\u00f5tta\u00a0pass (ID kaariga riiki sisse ei saa), mis peab kehtima v\u00e4hemalt 6 kuud<\/span><\/span><\/span><\/strong><strong><span style=\"font-family: Arial, sans-serif;\"><span style=\"font-size: medium;\">\u00a0<\/span><\/span><\/strong><strong><span style=\"font-family: Arial, sans-serif;\"><span style=\"font-size: medium;\"><span lang=\"et-EE\">peale reisi l\u00f5ppu ja Euroopa ravikindlustuskaart!<\/span><\/span><\/span><\/strong><strong><span style=\"font-family: Arial, sans-serif;\"><span style=\"font-size: medium;\">\u00a0<\/span><\/span><\/strong><span style=\"font-family: Arial, sans-serif;\"><span style=\"font-size: medium;\"><span lang=\"et-EE\">Ravikindlustuskaart annab \u00f5iguse vajaminevale arstiabile Euroopa Liidus. Kaardi tellimise kohta loe:\u00a0<a href=\"https:\/\/www.tervisekassa.ee\/kontaktpunkt\/arstiabi-euroopas\/euroopa-ravikindlustuskaart\">https:\/\/www.tervisekassa.ee\/kontaktpunkt\/arstiabi-euroopas\/euroopa-ravikindlustuskaart<\/a><\/span><\/span><\/span><span style=\"font-family: Arial, sans-serif;\"><span style=\"font-size: medium;\">\u00a0<\/span><\/span><\/p>\n<p><strong><span style=\"font-family: Arial, sans-serif;\"><span style=\"font-size: medium;\">V\u00e4hemalt kaks n\u00e4dalat enne reisi tuleb vormistada elektrooniline reisiluba,<\/span><\/span><\/strong><span style=\"font-family: Arial, sans-serif;\"><span style=\"font-size: medium;\">\u00a0mis kehtib kaks aastat. Viisa saad taotleda\u00a0<a href=\"https:\/\/reisitargalt.vm.ee\/sihtkoht\/suurbritannia\/\">https:\/\/reisitargalt.vm.ee\/sihtkoht\/suurbritannia\/<\/a><\/span><\/span><\/p>\n<p><strong><span style=\"font-family: Arial, sans-serif;\"><span style=\"font-size: medium;\">Vajalik on kaasa v\u00f5tta ka adapter, mille abil saad Inglismaal oma seadmeid laadida!<\/span><\/span><\/strong><\/p>\n<p><span style=\"font-family: Arial, sans-serif;\"><span style=\"font-size: medium;\"><span lang=\"en-US\">Palun<\/span><\/span><\/span><span style=\"font-family: Arial, sans-serif;\"><span style=\"font-size: medium;\">\u00a0<\/span><\/span><span style=\"font-family: Arial, sans-serif;\"><span style=\"font-size: medium;\"><span lang=\"et-EE\">tutvuda O\u00dc ABZ Reisid reisitingimustega\u00a0<a href=\"http:\/\/www.abz.ee\/\">www.abz.ee<\/a><\/span><\/span><\/span><span style=\"font-family: Arial, sans-serif;\"><span style=\"font-size: medium;\">\u00a0\u00a0<\/span><\/span><\/p>\n<p><strong><span style=\"font-family: Arial, sans-serif;\"><span style=\"font-size: medium;\">Tasumine:<\/span><\/span><\/strong><span style=\"font-family: Arial, sans-serif;\"><span style=\"font-size: medium;\">\u00a0Ettemaks 100 eurot palume tasuda ABZ Reiside kontole EE121010220003996017 SEB pangas 5 p\u00e4eva jooksul peale reisile registreerumist. Kogu reisiraha peab olema tasutud 31 p\u00e4eva enne reisi.<\/span><\/span><\/p>\n<p><strong><span style=\"font-family: Arial, sans-serif;\"><span style=\"font-size: medium;\">Reisile registreerumise ja reisiraha tasumisega kinnitate, et olete tutvunud O\u00dc ABZ Reisid reisitingimustega.<\/span><\/span><\/strong><\/p>\n<p>&nbsp;<\/p>\n<p><span style=\"font-family: Arial, sans-serif;\"><span style=\"font-size: medium;\">O\u00dc ABZ Reisid<\/span><\/span><\/p>\n<p><span style=\"font-family: Arial, sans-serif;\"><span style=\"font-size: medium;\">Seminari 5<\/span><\/span><\/p>\n<p><span style=\"font-family: Arial, sans-serif;\"><span style=\"font-size: medium;\">V\u00f5ru 65608<\/span><\/span><\/p>\n<p><span style=\"font-family: Arial, sans-serif;\"><span style=\"font-size: medium;\">Tel. +372 78 28 498<\/span><\/span><\/p>\n<p><span style=\"font-family: Arial, sans-serif;\"><span style=\"font-size: medium;\">info@abz.ee<\/span><\/span><\/p>\n<p><span style=\"font-family: Arial, sans-serif;\"><span style=\"font-size: medium;\">www.abz.ee<\/span><\/span><\/p>\n","protected":false},"excerpt":{"rendered":"<p>ABBA ja J\u00d5ULU-LONDON\u00a0\u00a0 Novembri l\u00f5pus muutub London t\u00f5eliseks j\u00f5ululinnaks \u2013 tuledes\u00e4ras t\u00e4navad, kaunistatud vaateaknad ja pidulik meeleolu. Glamuur ja j\u00f5uluturud l\u00e4bisegi. Selle erilise aja ja atmosf\u00e4\u00e4ri krooniks on innovaatiline show, kus legendaarne ABBA astub lavale t\u00e4iesti uuel moel, \u00fchendades nostalgia ja tipptasemel tehnoloogia. Meie l\u00fchikese reisi plussiks on ka \u00f6\u00f6bimiskoht, kust k\u00f5ige olulisemad Londoni vaatamisv\u00e4\u00e4rsused [&hellip;]<\/p>\n","protected":false},"featured_media":14848,"template":"","meta":{"_acf_changed":false},"product_brand":[],"product_cat":[56],"product_tag":[],"class_list":{"0":"post-14931","1":"product","2":"type-product","3":"status-publish","4":"has-post-thumbnail","6":"product_cat-valisreisid","8":"first","9":"instock","10":"shipping-taxable","11":"purchasable","12":"product-type-ovabrw_car_rental"},"acf":[],"yoast_head":"<!-- This site is optimized with the Yoast SEO plugin v27.5 - https:\/\/yoast.com\/product\/yoast-seo-wordpress\/ -->\n<title>ABBA ja J\u00d5ULU-LONDON 20.-22.11.2026 - \u00dcKS VABA KOHT - ABZ Reisid<\/title>\n<meta name=\"robots\" content=\"index, follow, max-snippet:-1, max-image-preview:large, max-video-preview:-1\" \/>\n<link rel=\"canonical\" href=\"https:\/\/abz.ee\/en\/reis\/abba-ja-joulu-london-29-22-11-2026\/\" \/>\n<meta property=\"og:locale\" content=\"en_US\" \/>\n<meta property=\"og:type\" content=\"article\" \/>\n<meta property=\"og:title\" content=\"ABBA ja J\u00d5ULU-LONDON 20.-22.11.2026 - \u00dcKS VABA KOHT - ABZ Reisid\" \/>\n<meta property=\"og:description\" content=\"ABBA ja J\u00d5ULU-LONDON\u00a0\u00a0 Novembri l\u00f5pus muutub London t\u00f5eliseks j\u00f5ululinnaks \u2013 tuledes\u00e4ras t\u00e4navad, kaunistatud vaateaknad ja pidulik meeleolu. Glamuur ja j\u00f5uluturud l\u00e4bisegi. Selle erilise aja ja atmosf\u00e4\u00e4ri krooniks on innovaatiline show, kus legendaarne ABBA astub lavale t\u00e4iesti uuel moel, \u00fchendades nostalgia ja tipptasemel tehnoloogia. Meie l\u00fchikese reisi plussiks on ka \u00f6\u00f6bimiskoht, kust k\u00f5ige olulisemad Londoni vaatamisv\u00e4\u00e4rsused [&hellip;]\" \/>\n<meta property=\"og:url\" content=\"https:\/\/abz.ee\/en\/reis\/abba-ja-joulu-london-29-22-11-2026\/\" \/>\n<meta property=\"og:site_name\" content=\"ABZ Reisid\" \/>\n<meta property=\"article:modified_time\" content=\"2026-04-27T11:29:28+00:00\" \/>\n<meta property=\"og:image\" content=\"https:\/\/abz.ee\/wp-content\/uploads\/2026\/04\/abba_voyage_london.jpg\" \/>\n\t<meta property=\"og:image:width\" content=\"790\" \/>\n\t<meta property=\"og:image:height\" content=\"526\" \/>\n\t<meta property=\"og:image:type\" content=\"image\/jpeg\" \/>\n<meta name=\"twitter:card\" content=\"summary_large_image\" \/>\n<meta name=\"twitter:label1\" content=\"Est. reading time\" \/>\n\t<meta name=\"twitter:data1\" content=\"5 minutes\" \/>\n<script type=\"application\/ld+json\" class=\"yoast-schema-graph\">{\"@context\":\"https:\\\/\\\/schema.org\",\"@graph\":[{\"@type\":\"WebPage\",\"@id\":\"https:\\\/\\\/abz.ee\\\/en\\\/reis\\\/abba-ja-joulu-london-29-22-11-2026\\\/\",\"url\":\"https:\\\/\\\/abz.ee\\\/en\\\/reis\\\/abba-ja-joulu-london-29-22-11-2026\\\/\",\"name\":\"ABBA ja J\u00d5ULU-LONDON 20.-22.11.2026 - \u00dcKS VABA KOHT - ABZ Reisid\",\"isPartOf\":{\"@id\":\"https:\\\/\\\/abz.ee\\\/en\\\/#website\"},\"primaryImageOfPage\":{\"@id\":\"https:\\\/\\\/abz.ee\\\/en\\\/reis\\\/abba-ja-joulu-london-29-22-11-2026\\\/#primaryimage\"},\"image\":{\"@id\":\"https:\\\/\\\/abz.ee\\\/en\\\/reis\\\/abba-ja-joulu-london-29-22-11-2026\\\/#primaryimage\"},\"thumbnailUrl\":\"https:\\\/\\\/abz.ee\\\/wp-content\\\/uploads\\\/2026\\\/04\\\/abba_voyage_london.jpg\",\"datePublished\":\"2025-09-22T09:20:13+00:00\",\"dateModified\":\"2026-04-27T11:29:28+00:00\",\"breadcrumb\":{\"@id\":\"https:\\\/\\\/abz.ee\\\/en\\\/reis\\\/abba-ja-joulu-london-29-22-11-2026\\\/#breadcrumb\"},\"inLanguage\":\"en-US\",\"potentialAction\":[{\"@type\":\"ReadAction\",\"target\":[\"https:\\\/\\\/abz.ee\\\/en\\\/reis\\\/abba-ja-joulu-london-29-22-11-2026\\\/\"]}]},{\"@type\":\"ImageObject\",\"inLanguage\":\"en-US\",\"@id\":\"https:\\\/\\\/abz.ee\\\/en\\\/reis\\\/abba-ja-joulu-london-29-22-11-2026\\\/#primaryimage\",\"url\":\"https:\\\/\\\/abz.ee\\\/wp-content\\\/uploads\\\/2026\\\/04\\\/abba_voyage_london.jpg\",\"contentUrl\":\"https:\\\/\\\/abz.ee\\\/wp-content\\\/uploads\\\/2026\\\/04\\\/abba_voyage_london.jpg\",\"width\":790,\"height\":526},{\"@type\":\"BreadcrumbList\",\"@id\":\"https:\\\/\\\/abz.ee\\\/en\\\/reis\\\/abba-ja-joulu-london-29-22-11-2026\\\/#breadcrumb\",\"itemListElement\":[{\"@type\":\"ListItem\",\"position\":1,\"name\":\"Home\",\"item\":\"https:\\\/\\\/abz.ee\\\/en\\\/\"},{\"@type\":\"ListItem\",\"position\":2,\"name\":\"Shop\",\"item\":\"https:\\\/\\\/abz.ee\\\/shop\\\/\"},{\"@type\":\"ListItem\",\"position\":3,\"name\":\"ABBA ja J\u00d5ULU-LONDON 20.-22.11.2026 &#8211; \u00dcKS VABA KOHT\"}]},{\"@type\":\"WebSite\",\"@id\":\"https:\\\/\\\/abz.ee\\\/en\\\/#website\",\"url\":\"https:\\\/\\\/abz.ee\\\/en\\\/\",\"name\":\"ABZ Reisid\",\"description\":\"Avastuste avar aabits\",\"publisher\":{\"@id\":\"https:\\\/\\\/abz.ee\\\/en\\\/#organization\"},\"potentialAction\":[{\"@type\":\"SearchAction\",\"target\":{\"@type\":\"EntryPoint\",\"urlTemplate\":\"https:\\\/\\\/abz.ee\\\/en\\\/?s={search_term_string}\"},\"query-input\":{\"@type\":\"PropertyValueSpecification\",\"valueRequired\":true,\"valueName\":\"search_term_string\"}}],\"inLanguage\":\"en-US\"},{\"@type\":\"Organization\",\"@id\":\"https:\\\/\\\/abz.ee\\\/en\\\/#organization\",\"name\":\"ABZ Reisid\",\"url\":\"https:\\\/\\\/abz.ee\\\/en\\\/\",\"logo\":{\"@type\":\"ImageObject\",\"inLanguage\":\"en-US\",\"@id\":\"https:\\\/\\\/abz.ee\\\/en\\\/#\\\/schema\\\/logo\\\/image\\\/\",\"url\":\"https:\\\/\\\/abz.ee\\\/wp-content\\\/uploads\\\/2024\\\/02\\\/cropped-favicon-1.png\",\"contentUrl\":\"https:\\\/\\\/abz.ee\\\/wp-content\\\/uploads\\\/2024\\\/02\\\/cropped-favicon-1.png\",\"width\":512,\"height\":512,\"caption\":\"ABZ Reisid\"},\"image\":{\"@id\":\"https:\\\/\\\/abz.ee\\\/en\\\/#\\\/schema\\\/logo\\\/image\\\/\"}}]}<\/script>\n<!-- \/ Yoast SEO plugin. -->","yoast_head_json":{"title":"ABBA ja J\u00d5ULU-LONDON 20.-22.11.2026 - \u00dcKS VABA KOHT - ABZ Reisid","robots":{"index":"index","follow":"follow","max-snippet":"max-snippet:-1","max-image-preview":"max-image-preview:large","max-video-preview":"max-video-preview:-1"},"canonical":"https:\/\/abz.ee\/en\/reis\/abba-ja-joulu-london-29-22-11-2026\/","og_locale":"en_US","og_type":"article","og_title":"ABBA ja J\u00d5ULU-LONDON 20.-22.11.2026 - \u00dcKS VABA KOHT - ABZ Reisid","og_description":"ABBA ja J\u00d5ULU-LONDON\u00a0\u00a0 Novembri l\u00f5pus muutub London t\u00f5eliseks j\u00f5ululinnaks \u2013 tuledes\u00e4ras t\u00e4navad, kaunistatud vaateaknad ja pidulik meeleolu. Glamuur ja j\u00f5uluturud l\u00e4bisegi. Selle erilise aja ja atmosf\u00e4\u00e4ri krooniks on innovaatiline show, kus legendaarne ABBA astub lavale t\u00e4iesti uuel moel, \u00fchendades nostalgia ja tipptasemel tehnoloogia. Meie l\u00fchikese reisi plussiks on ka \u00f6\u00f6bimiskoht, kust k\u00f5ige olulisemad Londoni vaatamisv\u00e4\u00e4rsused [&hellip;]","og_url":"https:\/\/abz.ee\/en\/reis\/abba-ja-joulu-london-29-22-11-2026\/","og_site_name":"ABZ Reisid","article_modified_time":"2026-04-27T11:29:28+00:00","og_image":[{"width":790,"height":526,"url":"https:\/\/abz.ee\/wp-content\/uploads\/2026\/04\/abba_voyage_london.jpg","type":"image\/jpeg"}],"twitter_card":"summary_large_image","twitter_misc":{"Est. reading time":"5 minutes"},"schema":{"@context":"https:\/\/schema.org","@graph":[{"@type":"WebPage","@id":"https:\/\/abz.ee\/en\/reis\/abba-ja-joulu-london-29-22-11-2026\/","url":"https:\/\/abz.ee\/en\/reis\/abba-ja-joulu-london-29-22-11-2026\/","name":"ABBA ja J\u00d5ULU-LONDON 20.-22.11.2026 - \u00dcKS VABA KOHT - ABZ Reisid","isPartOf":{"@id":"https:\/\/abz.ee\/en\/#website"},"primaryImageOfPage":{"@id":"https:\/\/abz.ee\/en\/reis\/abba-ja-joulu-london-29-22-11-2026\/#primaryimage"},"image":{"@id":"https:\/\/abz.ee\/en\/reis\/abba-ja-joulu-london-29-22-11-2026\/#primaryimage"},"thumbnailUrl":"https:\/\/abz.ee\/wp-content\/uploads\/2026\/04\/abba_voyage_london.jpg","datePublished":"2025-09-22T09:20:13+00:00","dateModified":"2026-04-27T11:29:28+00:00","breadcrumb":{"@id":"https:\/\/abz.ee\/en\/reis\/abba-ja-joulu-london-29-22-11-2026\/#breadcrumb"},"inLanguage":"en-US","potentialAction":[{"@type":"ReadAction","target":["https:\/\/abz.ee\/en\/reis\/abba-ja-joulu-london-29-22-11-2026\/"]}]},{"@type":"ImageObject","inLanguage":"en-US","@id":"https:\/\/abz.ee\/en\/reis\/abba-ja-joulu-london-29-22-11-2026\/#primaryimage","url":"https:\/\/abz.ee\/wp-content\/uploads\/2026\/04\/abba_voyage_london.jpg","contentUrl":"https:\/\/abz.ee\/wp-content\/uploads\/2026\/04\/abba_voyage_london.jpg","width":790,"height":526},{"@type":"BreadcrumbList","@id":"https:\/\/abz.ee\/en\/reis\/abba-ja-joulu-london-29-22-11-2026\/#breadcrumb","itemListElement":[{"@type":"ListItem","position":1,"name":"Home","item":"https:\/\/abz.ee\/en\/"},{"@type":"ListItem","position":2,"name":"Shop","item":"https:\/\/abz.ee\/shop\/"},{"@type":"ListItem","position":3,"name":"ABBA ja J\u00d5ULU-LONDON 20.-22.11.2026 &#8211; \u00dcKS VABA KOHT"}]},{"@type":"WebSite","@id":"https:\/\/abz.ee\/en\/#website","url":"https:\/\/abz.ee\/en\/","name":"ABZ Reisid","description":"Avastuste avar aabits","publisher":{"@id":"https:\/\/abz.ee\/en\/#organization"},"potentialAction":[{"@type":"SearchAction","target":{"@type":"EntryPoint","urlTemplate":"https:\/\/abz.ee\/en\/?s={search_term_string}"},"query-input":{"@type":"PropertyValueSpecification","valueRequired":true,"valueName":"search_term_string"}}],"inLanguage":"en-US"},{"@type":"Organization","@id":"https:\/\/abz.ee\/en\/#organization","name":"ABZ Reisid","url":"https:\/\/abz.ee\/en\/","logo":{"@type":"ImageObject","inLanguage":"en-US","@id":"https:\/\/abz.ee\/en\/#\/schema\/logo\/image\/","url":"https:\/\/abz.ee\/wp-content\/uploads\/2024\/02\/cropped-favicon-1.png","contentUrl":"https:\/\/abz.ee\/wp-content\/uploads\/2024\/02\/cropped-favicon-1.png","width":512,"height":512,"caption":"ABZ Reisid"},"image":{"@id":"https:\/\/abz.ee\/en\/#\/schema\/logo\/image\/"}}]}},"_links":{"self":[{"href":"https:\/\/abz.ee\/en\/wp-json\/wp\/v2\/product\/14931","targetHints":{"allow":["GET"]}}],"collection":[{"href":"https:\/\/abz.ee\/en\/wp-json\/wp\/v2\/product"}],"about":[{"href":"https:\/\/abz.ee\/en\/wp-json\/wp\/v2\/types\/product"}],"version-history":[{"count":9,"href":"https:\/\/abz.ee\/en\/wp-json\/wp\/v2\/product\/14931\/revisions"}],"predecessor-version":[{"id":14963,"href":"https:\/\/abz.ee\/en\/wp-json\/wp\/v2\/product\/14931\/revisions\/14963"}],"wp:featuredmedia":[{"embeddable":true,"href":"https:\/\/abz.ee\/en\/wp-json\/wp\/v2\/media\/14848"}],"wp:attachment":[{"href":"https:\/\/abz.ee\/en\/wp-json\/wp\/v2\/media?parent=14931"}],"wp:term":[{"taxonomy":"product_brand","embeddable":true,"href":"https:\/\/abz.ee\/en\/wp-json\/wp\/v2\/product_brand?post=14931"},{"taxonomy":"product_cat","embeddable":true,"href":"https:\/\/abz.ee\/en\/wp-json\/wp\/v2\/product_cat?post=14931"},{"taxonomy":"product_tag","embeddable":true,"href":"https:\/\/abz.ee\/en\/wp-json\/wp\/v2\/product_tag?post=14931"}],"curies":[{"name":"wp","href":"https:\/\/api.w.org\/{rel}","templated":true}]}}