{"id":14897,"date":"2025-09-22T12:05:35","date_gmt":"2025-09-22T09:05:35","guid":{"rendered":"https:\/\/abz.ee\/?post_type=product&#038;p=14897"},"modified":"2026-04-26T12:41:04","modified_gmt":"2026-04-26T09:41:04","slug":"veinifestival-moldovas-1-6-10-2026","status":"publish","type":"product","link":"https:\/\/abz.ee\/en\/reis\/veinifestival-moldovas-1-6-10-2026\/","title":{"rendered":"Veinifestival MOLDOVAS 1.-6.10.2026"},"content":{"rendered":"<p><strong><span style=\"color: #0000ff;\"><span style=\"color: #333333;\">Meie reiside eest saab tasuda ka<\/span> ESTO j\u00e4relmaksuga<span style=\"color: #333333;\">, loe l\u00e4hemalt siit:<\/span> <a href=\"https:\/\/abz.ee\/esto-jarelmaks\/\">https:\/\/abz.ee\/esto-jarelmaks\/<\/a><\/span><\/strong><\/p>\n<p><a name=\"docs-internal-guid-181d03f8-7fff-04ce-786c-847788220158\"><\/a> Maailma pikimad veinikeldrid-tunnelid, Euroopa suurima kalamarja tootja,\u00a0 hora-tants, n\u00f5uka-nostalgia ning palju veini &#8211; sest miks muidu \u00fcldse minna veinifestivalile?<br \/>\nReis toimub kolme s\u00f5iduautoga, grupi suurus 15 inimest. Reisijuhid Ulvi Mustmaa ja Urmas Kelgo.\u00a0<a href=\"https:\/\/wineday.wineofmoldova.com\/en\">https:\/\/wineday.wineofmoldova.com\/en<\/a><\/p>\n<p><span style=\"color: #0000ff;\"><b>Neljap\u00e4ev, 1. oktoober<\/b><\/span><\/p>\n<p>Airbaltic lend Riia &#8211; Chi\u0219in\u0103u 11.40.-14.05<br \/>\nV\u00f5tame lennujaamast autod ja suundume <b>Gagauusiasse.<\/b> V\u00e4ike peatus\u00a0 <b>Hiri\u0219eni Jumalas\u00fcnnitaja eestpalve puukiriku <\/b>juures. \u00a027 m k\u00f5rgune\u00a0 puukirik aastast 1642 tegutseb t\u00e4nini ja on eriti\u00a0 populaarne abiellujate hulgas.<br \/>\nGagauusia on autonoomne piirkond Moldaavia koosseisus, mille keel, kultuur ja toidud viitavad t\u00fcrgi juurtele. Gagauuside esivanemad on s\u00f5ja eest p\u00f5genenud moslemid, kellel lubati siia j\u00e4\u00e4da vaid tingimusel, et nad p\u00f6\u00f6rduvad ristiusku.<br \/>\nVaatame ringi Gagauusia pealinnas <b>Comratis. <\/b><br \/>\n\u00d6\u00f6bime gagauusi k\u00fclas nimega <b>Congaz<\/b> ja majutume gagauusi stiilis hotellis <b>ECO Hotel Gagauz Sofrasi.<\/b> \u00a0Enne magamaj\u00e4\u00e4mist soovijatele\u00a0 v\u00e4ike \u201cunevein\u201d siin: <a href=\"https:\/\/www.gagauzsofrasi.com\/\">https:\/\/www.gagauzsofrasi.com\/<\/a><\/p>\n<p><span style=\"color: #0000ff;\"><b>Reede, 2.oktoober <\/b><\/span><br \/>\nKes suudab endale ette kujutada veinikeldrite galeriid kogupikkusega 200 km?\u00a0 Lubame, et me ei jaluta l\u00e4bi k\u00f5iki <b>Mile\u0219tii Mici veinitunneleid<\/b>, kuid \u00fcht-teist saame Guinnessi rekordi v\u00e4\u00e4riliseks hinnatud\u00a0 \u201cGolden Collectionist\u201d (ca 1,5 miljonit pudelit) siiski maitsta. Palju punaseid, magusaid, dessert- jms veine, ekskursioonid auto- v\u00f5i elektrilise rongiga \u2013 no kes ei tahaks seda kogeda? <a href=\"https:\/\/www.milestii-mici.md\/en\/\">https:\/\/www.milestii-mici.md\/en\/<\/a><\/p>\n<p>Aga v\u00f5ib-olla Sulle meeldivad rohkem hoopis teise kuulsuse, Cricova veinid? Kui esimene uhkeldab Guinessiga, siis maailma kroonitud pead k\u00e4ivad hoopis Cricovas! Ega meiegi kehvemad pole!\u00a0 Cricova on kuulus oma vahuveinide poolest ning siinne\u00a0 maa-alune linn koos saalide, kino, kabeli jne-ga on midagi hoopis teistsugust kui eelmises veinikeldris kogetu.\u00a0<a href=\"https:\/\/cricova.md\/en\">https:\/\/cricova.md\/en<\/a><\/p>\n<p>\u00d6\u00f6bima s\u00f5idame pealinn <b>Chisinausse<\/b>. Meie <b>hotell Nicolas<\/b>, kuhu j\u00e4\u00e4me kaheks \u00f6\u00f6ks, asub nii m\u00f5nusalt kesklinnas, et kogu j\u00e4rgnev veinifestival toimub praktiliselt akna all. Ka turg on vaid sajakonna meetri kaugusel.\u00a0<a href=\"https:\/\/www.casai.com\/property\/hotel-nicholas\/BC-15281535\">https:\/\/www.casai.com\/property\/hotel-nicholas\/BC-15281535<\/a><\/p>\n<p><span style=\"color: #0000ff;\"><b>Laup\u00e4ev, 3.oktoober <\/b><\/span><br \/>\nVeinifestival. \u00d6\u00f6bime samas.<\/p>\n<p><span style=\"color: #0000ff;\"><b>P\u00fchap\u00e4ev, 4.oktoober<\/b><\/span><br \/>\nAitab l\u00f5butsemisest! P\u00e4rastl\u00f5unal s\u00f5idame <b>Transnistriasse.<\/b><br \/>\nTransnistria toimib de facto iseseisva riigina \u2013 oma valitsuse, armee, valuuta (Transnistria rubla) ja isegi oma piirivalvega, kuigi \u00fckski \u00dcRO liikmesriik seda ametlikult ei tunnusta. Transnistriat iseloomustab n\u00f5ukogude ajastu atmosf\u00e4\u00e4r: t\u00e4navatel n\u00e4eb endiselt Lenini kujusid, hoonetel on punased t\u00e4hed ja ajalugu on s\u00e4ilinud justkui ajakapslis.<br \/>\n<b>Bendery ehk Tighina<\/b> \u2013 piiripealne linn. Kuulus oma 17. sajandi osmanite kindluse poolest. Siin viibis l\u00fchidalt isegi Rootsi kuningas Karl XII, kui ta p\u00e4rast Poltava lahingut p\u00f5genes (1713).<br \/>\n\u00d6\u00f6bime pealinn <b>Tiraspolis<\/b> riigi <b>esindushotellis Russia.<\/b><\/p>\n<p><span style=\"color: #0000ff;\"><b>Esmasp\u00e4ev, 5.oktoober <\/b><\/span><br \/>\nHommikupoolik <b>Tiraspoli <\/b>avastamiseks. Tiraspoli nimi p\u00e4rineb kreeka s\u00f5nadest Tiras (Dnestr) ja polis (linn).<br \/>\n<b>Aquatir<\/b> \u2013 \u00fcks Euroopa suuremaid tuurakasvandusi. Mehepikkused kalad rabavad, nii nagu ka v\u00f5imalus n\u00e4ha, kuidas t\u00f6\u00f6deldakse maailma kallimat kulinaarset h\u00f5rgutist \u2013 musta kaaviari. K\u00f5ige parem osa on loomulikult degusteerimine! <a href=\"https:\/\/aquatir.md\/contact-us\/\">https:\/\/aquatir.md\/contact-us\/<\/a><br \/>\nHiiglasliku pudeli kujulises 28 meetrit k\u00f5rges hoones asub<b> pudelimuuseum,<\/b> kus on on \u00fcle 30 000 erineva alkoholipudeli 170 riigist. <a href=\"https:\/\/bottlemuseum.tilda.ws\/\">https:\/\/bottlemuseum.tilda.ws\/<\/a><\/p>\n<p>\u00d6\u00f6bima s\u00f5idame <b>Chisinausse<\/b>. <b>Hotel Jumbo<\/b><\/p>\n<p><span style=\"color: #0000ff;\"><b>Teisip\u00e4ev, 6.oktoober<\/b><\/span><\/p>\n<p>Airbaltic lend Chi\u0219in\u0103u &#8211; Riia 14.45 &#8211; 17.05<\/p>\n<p><b>Hind: 1225 EUR\/inimene<\/b><\/p>\n<p><b>Hinna sees:<\/b><\/p>\n<ul>\n<li>Lennupiletid Riia-Chisinau-Riia<\/li>\n<li>\u00d6\u00f6bimised koos hommikus\u00f6\u00f6giga<\/li>\n<li>P\u00e4\u00e4smed koos degusteerimisega Milestii Mici ja Cricova veinikeldritesse<\/li>\n<li>P\u00e4\u00e4se koos degusteerimisega Aquatir tuurakasvandusse (kaaviari tootja)<\/li>\n<li>P\u00e4\u00e4se pudelimajja<\/li>\n<li>Reisijuht-autojuht-giidide teenus<\/li>\n<\/ul>\n<p>&nbsp;<\/p>\n<p><strong>Lisatasu eest:<\/strong><\/p>\n<ul>\n<li>Lisatoitlustus<\/li>\n<\/ul>\n<ul>\n<li>Soovitame s\u00f5lmida ka\u00a0<strong>meditsiiniabikindlustuse<\/strong>\u00a0koos\u00a0<strong>reisit\u00f5rkekindlustusega<\/strong>. Meditsiiniabikindlustus katab kindlustusjuhtumi korral ka visiiditasud, voodip\u00e4evatasud ja riikidevahelise transpordi, mida Euroopa ravikindlustuskaart ei kata.<br \/>\nReisit\u00f5rkekindlustus katab tehtud reisipaketi kulud juhul, kui j\u00e4\u00e4te reisi eel haigeks ja ei saa reisile minna (vajalik on sel juhul esitada kindlustusfirmale arstit\u00f5end). Reisit\u00f5rkekindlustus maksab kulud ka juhul, kui l\u00e4hedane inimene peaks j\u00e4\u00e4ma haigeks v\u00f5i surema. Tutvu konkreetse kindlustuspakkuja tingimustega! Reisit\u00f5rkekindlustuse soovitame s\u00f5lmida esimese ettemaksu tegemise j\u00e4rel, kuid mitte hiljem kui n\u00e4dal aega enne reisi.<\/li>\n<\/ul>\n<p>&nbsp;<\/p>\n<p>Vaatamisv\u00e4\u00e4rsuste hinnad v\u00f5ivad v\u00e4hesel m\u00e4\u00e4ral muutuda!<br \/>\nABZ Reisid j\u00e4tab endale \u00f5iguse teha muudatusi reisikavas.\u00a0<strong>\u00a0\u00a0<\/strong><\/p>\n<p><strong>Reisile on vajalik kaasa v\u00f5tta v\u00e4hemalt reisi l\u00f5puni kehtiv pass v\u00f5i ID kaart ja Euroopa ravikindlustuskaart!<\/strong>\u00a0Ravikindlustuskaart annab \u00f5iguse vajaminevale arstiabile Euroopa Liidus. Kaardi tellimise kohta loe:\u00a0<a href=\"https:\/\/www.tervisekassa.ee\/kontaktpunkt\/arstiabi-euroopas\/euroopa-ravikindlustuskaart\">https:\/\/www.tervisekassa.ee\/kontaktpunkt\/arstiabi-euroopas\/euroopa-ravikindlustuskaart<\/a><strong>\u00a0<\/strong><\/p>\n<p><strong>NB! Kindlasti tutvuda O\u00dc ABZ Reisid reisitingimustega\u00a0<a href=\"http:\/\/www.abz.ee\/\">www.abz.ee<\/a>\u00a0\u00a0<\/strong><\/p>\n<p><strong>Tasumine:<\/strong>\u00a0Ettemaks 100 eurot palume tasuda ABZ Reiside kontole EE121010220003996017 SEB pangas 5 p\u00e4eva jooksul peale reisile registreerumist. Kogu reisiraha peab olema tasutud 31 p\u00e4eva enne reisi.<\/p>\n<p><strong>Reisile registreerumise ja reisiraha tasumisega kinnitate, et olete tutvunud O\u00dc ABZ Reisid reisitingimustega.<\/strong><\/p>\n<p>&nbsp;<\/p>\n<p>O\u00dc ABZ Reisid<br \/>\nSeminari 5<br \/>\nV\u00f5ru 65608<\/p>\n<p>Tel. +372 78 28 498<br \/>\ninfo@abz.ee<br \/>\nwww.abz.ee<\/p>\n<p>&nbsp;<\/p>\n","protected":false},"excerpt":{"rendered":"<p>Meie reiside eest saab tasuda ka ESTO j\u00e4relmaksuga, loe l\u00e4hemalt siit: https:\/\/abz.ee\/esto-jarelmaks\/ Maailma pikimad veinikeldrid-tunnelid, Euroopa suurima kalamarja tootja,\u00a0 hora-tants, n\u00f5uka-nostalgia ning palju veini &#8211; sest miks muidu \u00fcldse minna veinifestivalile? Reis toimub kolme s\u00f5iduautoga, grupi suurus 15 inimest. Reisijuhid Ulvi Mustmaa ja Urmas Kelgo.\u00a0https:\/\/wineday.wineofmoldova.com\/en Neljap\u00e4ev, 1. oktoober Airbaltic lend Riia &#8211; Chi\u0219in\u0103u 11.40.-14.05 V\u00f5tame [&hellip;]<\/p>\n","protected":false},"featured_media":14901,"template":"","meta":{"_acf_changed":false},"product_brand":[],"product_cat":[56],"product_tag":[],"class_list":{"0":"post-14897","1":"product","2":"type-product","3":"status-publish","4":"has-post-thumbnail","6":"product_cat-valisreisid","8":"first","9":"instock","10":"shipping-taxable","11":"purchasable","12":"product-type-ovabrw_car_rental"},"acf":[],"yoast_head":"<!-- This site is optimized with the Yoast SEO plugin v27.5 - https:\/\/yoast.com\/product\/yoast-seo-wordpress\/ -->\n<title>Veinifestival MOLDOVAS 1.-6.10.2026 - ABZ Reisid<\/title>\n<meta name=\"robots\" content=\"index, follow, max-snippet:-1, max-image-preview:large, max-video-preview:-1\" \/>\n<link rel=\"canonical\" href=\"https:\/\/abz.ee\/en\/reis\/veinifestival-moldovas-1-6-10-2026\/\" \/>\n<meta property=\"og:locale\" content=\"en_US\" \/>\n<meta property=\"og:type\" content=\"article\" \/>\n<meta property=\"og:title\" content=\"Veinifestival MOLDOVAS 1.-6.10.2026 - ABZ Reisid\" \/>\n<meta property=\"og:description\" content=\"Meie reiside eest saab tasuda ka ESTO j\u00e4relmaksuga, loe l\u00e4hemalt siit: https:\/\/abz.ee\/esto-jarelmaks\/ Maailma pikimad veinikeldrid-tunnelid, Euroopa suurima kalamarja tootja,\u00a0 hora-tants, n\u00f5uka-nostalgia ning palju veini &#8211; sest miks muidu \u00fcldse minna veinifestivalile? Reis toimub kolme s\u00f5iduautoga, grupi suurus 15 inimest. Reisijuhid Ulvi Mustmaa ja Urmas Kelgo.\u00a0https:\/\/wineday.wineofmoldova.com\/en Neljap\u00e4ev, 1. oktoober Airbaltic lend Riia &#8211; Chi\u0219in\u0103u 11.40.-14.05 V\u00f5tame [&hellip;]\" \/>\n<meta property=\"og:url\" content=\"https:\/\/abz.ee\/en\/reis\/veinifestival-moldovas-1-6-10-2026\/\" \/>\n<meta property=\"og:site_name\" content=\"ABZ Reisid\" \/>\n<meta property=\"article:modified_time\" content=\"2026-04-26T09:41:04+00:00\" \/>\n<meta property=\"og:image\" content=\"https:\/\/abz.ee\/wp-content\/uploads\/2026\/04\/moldova-veinifestival.jpg\" \/>\n\t<meta property=\"og:image:width\" content=\"670\" \/>\n\t<meta property=\"og:image:height\" content=\"446\" \/>\n\t<meta property=\"og:image:type\" content=\"image\/jpeg\" \/>\n<meta name=\"twitter:card\" content=\"summary_large_image\" \/>\n<meta name=\"twitter:label1\" content=\"Est. reading time\" \/>\n\t<meta name=\"twitter:data1\" content=\"4 minutes\" \/>\n<script type=\"application\/ld+json\" class=\"yoast-schema-graph\">{\"@context\":\"https:\\\/\\\/schema.org\",\"@graph\":[{\"@type\":\"WebPage\",\"@id\":\"https:\\\/\\\/abz.ee\\\/en\\\/reis\\\/veinifestival-moldovas-1-6-10-2026\\\/\",\"url\":\"https:\\\/\\\/abz.ee\\\/en\\\/reis\\\/veinifestival-moldovas-1-6-10-2026\\\/\",\"name\":\"Veinifestival MOLDOVAS 1.-6.10.2026 - ABZ Reisid\",\"isPartOf\":{\"@id\":\"https:\\\/\\\/abz.ee\\\/en\\\/#website\"},\"primaryImageOfPage\":{\"@id\":\"https:\\\/\\\/abz.ee\\\/en\\\/reis\\\/veinifestival-moldovas-1-6-10-2026\\\/#primaryimage\"},\"image\":{\"@id\":\"https:\\\/\\\/abz.ee\\\/en\\\/reis\\\/veinifestival-moldovas-1-6-10-2026\\\/#primaryimage\"},\"thumbnailUrl\":\"https:\\\/\\\/abz.ee\\\/wp-content\\\/uploads\\\/2026\\\/04\\\/moldova-veinifestival.jpg\",\"datePublished\":\"2025-09-22T09:05:35+00:00\",\"dateModified\":\"2026-04-26T09:41:04+00:00\",\"breadcrumb\":{\"@id\":\"https:\\\/\\\/abz.ee\\\/en\\\/reis\\\/veinifestival-moldovas-1-6-10-2026\\\/#breadcrumb\"},\"inLanguage\":\"en-US\",\"potentialAction\":[{\"@type\":\"ReadAction\",\"target\":[\"https:\\\/\\\/abz.ee\\\/en\\\/reis\\\/veinifestival-moldovas-1-6-10-2026\\\/\"]}]},{\"@type\":\"ImageObject\",\"inLanguage\":\"en-US\",\"@id\":\"https:\\\/\\\/abz.ee\\\/en\\\/reis\\\/veinifestival-moldovas-1-6-10-2026\\\/#primaryimage\",\"url\":\"https:\\\/\\\/abz.ee\\\/wp-content\\\/uploads\\\/2026\\\/04\\\/moldova-veinifestival.jpg\",\"contentUrl\":\"https:\\\/\\\/abz.ee\\\/wp-content\\\/uploads\\\/2026\\\/04\\\/moldova-veinifestival.jpg\",\"width\":670,\"height\":446},{\"@type\":\"BreadcrumbList\",\"@id\":\"https:\\\/\\\/abz.ee\\\/en\\\/reis\\\/veinifestival-moldovas-1-6-10-2026\\\/#breadcrumb\",\"itemListElement\":[{\"@type\":\"ListItem\",\"position\":1,\"name\":\"Home\",\"item\":\"https:\\\/\\\/abz.ee\\\/en\\\/\"},{\"@type\":\"ListItem\",\"position\":2,\"name\":\"Shop\",\"item\":\"https:\\\/\\\/abz.ee\\\/shop\\\/\"},{\"@type\":\"ListItem\",\"position\":3,\"name\":\"Veinifestival MOLDOVAS 1.-6.10.2026\"}]},{\"@type\":\"WebSite\",\"@id\":\"https:\\\/\\\/abz.ee\\\/en\\\/#website\",\"url\":\"https:\\\/\\\/abz.ee\\\/en\\\/\",\"name\":\"ABZ Reisid\",\"description\":\"Avastuste avar aabits\",\"publisher\":{\"@id\":\"https:\\\/\\\/abz.ee\\\/en\\\/#organization\"},\"potentialAction\":[{\"@type\":\"SearchAction\",\"target\":{\"@type\":\"EntryPoint\",\"urlTemplate\":\"https:\\\/\\\/abz.ee\\\/en\\\/?s={search_term_string}\"},\"query-input\":{\"@type\":\"PropertyValueSpecification\",\"valueRequired\":true,\"valueName\":\"search_term_string\"}}],\"inLanguage\":\"en-US\"},{\"@type\":\"Organization\",\"@id\":\"https:\\\/\\\/abz.ee\\\/en\\\/#organization\",\"name\":\"ABZ Reisid\",\"url\":\"https:\\\/\\\/abz.ee\\\/en\\\/\",\"logo\":{\"@type\":\"ImageObject\",\"inLanguage\":\"en-US\",\"@id\":\"https:\\\/\\\/abz.ee\\\/en\\\/#\\\/schema\\\/logo\\\/image\\\/\",\"url\":\"https:\\\/\\\/abz.ee\\\/wp-content\\\/uploads\\\/2024\\\/02\\\/cropped-favicon-1.png\",\"contentUrl\":\"https:\\\/\\\/abz.ee\\\/wp-content\\\/uploads\\\/2024\\\/02\\\/cropped-favicon-1.png\",\"width\":512,\"height\":512,\"caption\":\"ABZ Reisid\"},\"image\":{\"@id\":\"https:\\\/\\\/abz.ee\\\/en\\\/#\\\/schema\\\/logo\\\/image\\\/\"}}]}<\/script>\n<!-- \/ Yoast SEO plugin. -->","yoast_head_json":{"title":"Veinifestival MOLDOVAS 1.-6.10.2026 - ABZ Reisid","robots":{"index":"index","follow":"follow","max-snippet":"max-snippet:-1","max-image-preview":"max-image-preview:large","max-video-preview":"max-video-preview:-1"},"canonical":"https:\/\/abz.ee\/en\/reis\/veinifestival-moldovas-1-6-10-2026\/","og_locale":"en_US","og_type":"article","og_title":"Veinifestival MOLDOVAS 1.-6.10.2026 - ABZ Reisid","og_description":"Meie reiside eest saab tasuda ka ESTO j\u00e4relmaksuga, loe l\u00e4hemalt siit: https:\/\/abz.ee\/esto-jarelmaks\/ Maailma pikimad veinikeldrid-tunnelid, Euroopa suurima kalamarja tootja,\u00a0 hora-tants, n\u00f5uka-nostalgia ning palju veini &#8211; sest miks muidu \u00fcldse minna veinifestivalile? Reis toimub kolme s\u00f5iduautoga, grupi suurus 15 inimest. Reisijuhid Ulvi Mustmaa ja Urmas Kelgo.\u00a0https:\/\/wineday.wineofmoldova.com\/en Neljap\u00e4ev, 1. oktoober Airbaltic lend Riia &#8211; Chi\u0219in\u0103u 11.40.-14.05 V\u00f5tame [&hellip;]","og_url":"https:\/\/abz.ee\/en\/reis\/veinifestival-moldovas-1-6-10-2026\/","og_site_name":"ABZ Reisid","article_modified_time":"2026-04-26T09:41:04+00:00","og_image":[{"width":670,"height":446,"url":"https:\/\/abz.ee\/wp-content\/uploads\/2026\/04\/moldova-veinifestival.jpg","type":"image\/jpeg"}],"twitter_card":"summary_large_image","twitter_misc":{"Est. reading time":"4 minutes"},"schema":{"@context":"https:\/\/schema.org","@graph":[{"@type":"WebPage","@id":"https:\/\/abz.ee\/en\/reis\/veinifestival-moldovas-1-6-10-2026\/","url":"https:\/\/abz.ee\/en\/reis\/veinifestival-moldovas-1-6-10-2026\/","name":"Veinifestival MOLDOVAS 1.-6.10.2026 - ABZ Reisid","isPartOf":{"@id":"https:\/\/abz.ee\/en\/#website"},"primaryImageOfPage":{"@id":"https:\/\/abz.ee\/en\/reis\/veinifestival-moldovas-1-6-10-2026\/#primaryimage"},"image":{"@id":"https:\/\/abz.ee\/en\/reis\/veinifestival-moldovas-1-6-10-2026\/#primaryimage"},"thumbnailUrl":"https:\/\/abz.ee\/wp-content\/uploads\/2026\/04\/moldova-veinifestival.jpg","datePublished":"2025-09-22T09:05:35+00:00","dateModified":"2026-04-26T09:41:04+00:00","breadcrumb":{"@id":"https:\/\/abz.ee\/en\/reis\/veinifestival-moldovas-1-6-10-2026\/#breadcrumb"},"inLanguage":"en-US","potentialAction":[{"@type":"ReadAction","target":["https:\/\/abz.ee\/en\/reis\/veinifestival-moldovas-1-6-10-2026\/"]}]},{"@type":"ImageObject","inLanguage":"en-US","@id":"https:\/\/abz.ee\/en\/reis\/veinifestival-moldovas-1-6-10-2026\/#primaryimage","url":"https:\/\/abz.ee\/wp-content\/uploads\/2026\/04\/moldova-veinifestival.jpg","contentUrl":"https:\/\/abz.ee\/wp-content\/uploads\/2026\/04\/moldova-veinifestival.jpg","width":670,"height":446},{"@type":"BreadcrumbList","@id":"https:\/\/abz.ee\/en\/reis\/veinifestival-moldovas-1-6-10-2026\/#breadcrumb","itemListElement":[{"@type":"ListItem","position":1,"name":"Home","item":"https:\/\/abz.ee\/en\/"},{"@type":"ListItem","position":2,"name":"Shop","item":"https:\/\/abz.ee\/shop\/"},{"@type":"ListItem","position":3,"name":"Veinifestival MOLDOVAS 1.-6.10.2026"}]},{"@type":"WebSite","@id":"https:\/\/abz.ee\/en\/#website","url":"https:\/\/abz.ee\/en\/","name":"ABZ Reisid","description":"Avastuste avar aabits","publisher":{"@id":"https:\/\/abz.ee\/en\/#organization"},"potentialAction":[{"@type":"SearchAction","target":{"@type":"EntryPoint","urlTemplate":"https:\/\/abz.ee\/en\/?s={search_term_string}"},"query-input":{"@type":"PropertyValueSpecification","valueRequired":true,"valueName":"search_term_string"}}],"inLanguage":"en-US"},{"@type":"Organization","@id":"https:\/\/abz.ee\/en\/#organization","name":"ABZ Reisid","url":"https:\/\/abz.ee\/en\/","logo":{"@type":"ImageObject","inLanguage":"en-US","@id":"https:\/\/abz.ee\/en\/#\/schema\/logo\/image\/","url":"https:\/\/abz.ee\/wp-content\/uploads\/2024\/02\/cropped-favicon-1.png","contentUrl":"https:\/\/abz.ee\/wp-content\/uploads\/2024\/02\/cropped-favicon-1.png","width":512,"height":512,"caption":"ABZ Reisid"},"image":{"@id":"https:\/\/abz.ee\/en\/#\/schema\/logo\/image\/"}}]}},"_links":{"self":[{"href":"https:\/\/abz.ee\/en\/wp-json\/wp\/v2\/product\/14897","targetHints":{"allow":["GET"]}}],"collection":[{"href":"https:\/\/abz.ee\/en\/wp-json\/wp\/v2\/product"}],"about":[{"href":"https:\/\/abz.ee\/en\/wp-json\/wp\/v2\/types\/product"}],"version-history":[{"count":9,"href":"https:\/\/abz.ee\/en\/wp-json\/wp\/v2\/product\/14897\/revisions"}],"predecessor-version":[{"id":14955,"href":"https:\/\/abz.ee\/en\/wp-json\/wp\/v2\/product\/14897\/revisions\/14955"}],"wp:featuredmedia":[{"embeddable":true,"href":"https:\/\/abz.ee\/en\/wp-json\/wp\/v2\/media\/14901"}],"wp:attachment":[{"href":"https:\/\/abz.ee\/en\/wp-json\/wp\/v2\/media?parent=14897"}],"wp:term":[{"taxonomy":"product_brand","embeddable":true,"href":"https:\/\/abz.ee\/en\/wp-json\/wp\/v2\/product_brand?post=14897"},{"taxonomy":"product_cat","embeddable":true,"href":"https:\/\/abz.ee\/en\/wp-json\/wp\/v2\/product_cat?post=14897"},{"taxonomy":"product_tag","embeddable":true,"href":"https:\/\/abz.ee\/en\/wp-json\/wp\/v2\/product_tag?post=14897"}],"curies":[{"name":"wp","href":"https:\/\/api.w.org\/{rel}","templated":true}]}}