{"id":14870,"date":"2025-09-18T12:50:37","date_gmt":"2025-09-18T09:50:37","guid":{"rendered":"https:\/\/abz.ee\/?post_type=product&#038;p=14870"},"modified":"2026-04-26T12:40:24","modified_gmt":"2026-04-26T09:40:24","slug":"vihmana-ma-sajan-25-07-2026","status":"publish","type":"product","link":"https:\/\/abz.ee\/en\/reis\/vihmana-ma-sajan-25-07-2026\/","title":{"rendered":"\u201cVihmana ma sajan\u201d 25.07.2026"},"content":{"rendered":"<p><span style=\"font-family: Arial, sans-serif;\"><em>2025. aasta suvel \u00fcle 7000 teatrik\u00fclastaja ja mitmete kriitikute poolt erakordselt sooja vastuv\u00f5tu osaliseks saanud muusikaline lavastus <strong>\u201eVihmana ma sajan \u2013 Vendade Urbide lugu\u201c<\/strong>, etendub <strong>Palmses<\/strong> ka 2026. aasta juulis!<\/em><\/span><\/p>\n<p>V\u00e4ljas\u00f5it V\u00f5ru muusikakooli juurest kell 12.00<br \/>\nTeeme vahep\u00f5ikeid ja -peatusi <strong>Kiltsi m\u00f5isa<\/strong> ja <strong>Vao tornlinnuse<\/strong> juurde.<\/p>\n<p>Saabumine<strong> Palmsesse<\/strong>.\u00a0 Alates kella 17:30-st, on m\u00f5isa pargis avatud kohvikud ja toitlustuse ala, kus saab tasuda nii sularahas kui kaardiga.<br \/>\nEtenduse alale p\u00e4\u00e4seb alates kella 18:15-st.<\/p>\n<p><strong>Kell 19 Palmse m\u00f5isa pargis etendus \u201cVihmana ma sajan\u201d<\/strong>. Muusikaline lavastus jutustab Vendade Urbide seni r\u00e4\u00e4kimata loo. See on nii pisarateni naljakas, kui ka s\u00fcgavalt dramaatiline ja kohati nii uskumatu, et reaalsus muutub absurdsuseks ja vastupidi.<br \/>\nVennad Urbid on Eesti kultuuriloo \u00fcks m\u00fcstilisemaid maam\u00e4rke. Nii h\u00e4sti kui Tarmo ja Toomas Urbi h\u00e4\u00e4led ning t\u00e4mbrid imelises muusikas kokku k\u00f5lasid, ei leidu meie muusikaajaloos vastet. Paljudel, kes suvel 80-ndatel aastatel \u00f5pilasmalevasse l\u00e4ksid v\u00f5i niisama l\u00f5kke \u00e4\u00e4res kitarri tinistasid, kumasid peas Urbide viisid \u201eImeline laas\u201c, \u201eKuulaul\u201c, \u201eMoosi ja teed\u201c, \u201eAutoportree\u201c jt. Need on t\u00e4henduslikud lood paljude inimeste jaoks. Vendade tohutu populaarsus ei meeldinud aga v\u00f5\u00f5rale v\u00f5imule, nii tuli taluda pidevat tagakiusamist, arreteerimisi ja vangistusi kuni tapmis\u00e4hvardusteni v\u00e4lja. Tohutu menu eest tuli maksta meeletut l\u00f5ivu oma isikliku elu ning vabaduse arvelt, aga sellest ei teadnud publik peaaegu et midagi.<\/p>\n<p><span style=\"font-family: Arial, sans-serif;\">Autor: Toomas Uibo<br \/>\nLaval: Hele K\u00f5rve , Raivo E.Tamm, Piret Kalda, Jan Ehrenberg , Priit Volmer, Tarmo M\u00e4nnard, Amanda Hermiine K\u00fcnnapas, Ren\u00e9 Soom jt.<\/span><\/p>\n<p>Etenduse kestus kell 19:00-22:00 (1 vaheaeg 45 min).<br \/>\n\u00dcritus toimub vabas \u00f5hus. Nummerdatud istekohad asuvad trib\u00fc\u00fcnil, mille iga rida t\u00f5useb.<br \/>\n<a href=\"https:\/\/www.sirp.ee\/valu-osatamine-vendade-urbide-loos\/\">https:\/\/www.sirp.ee\/valu-osatamine-vendade-urbide-loos\/<\/a><\/p>\n<p><span style=\"font-family: Arial, sans-serif;\">V\u00f5rru tagasi j\u00f5uame s\u00fcda\u00f6\u00f6l, umbes kell 01.30.<\/span><\/p>\n<p><span style=\"font-family: Arial, sans-serif;\"><br \/>\n<strong>Hind: 150 EUR\/inimene<\/strong><\/span><\/p>\n<p><strong><span style=\"font-family: Arial, sans-serif;\">Hinna sees:<\/span><\/strong><\/p>\n<ul>\n<li><span style=\"font-family: Arial, sans-serif;\">Mugava 23-kohalise reisibussi kasutus<\/span><\/li>\n<li><span style=\"font-family: Arial, sans-serif;\">Kontserdipiletid (5. ja 6. rida)<\/span><\/li>\n<li>Jalutusk\u00e4ik Kiltsi m\u00f5isa ja Vao tornlinnuse juures<\/li>\n<li><span style=\"font-family: Arial, sans-serif;\">Reisijuhi teenus<\/span><\/li>\n<\/ul>\n<p>&nbsp;<\/p>\n<p><span style=\"font-family: Arial, sans-serif;\"><strong>Tasumine:<\/strong> V\u00e4hemalt kuu aega enne reisi ABZ Reisid O\u00dc arveldusarvele v\u00f5i sularahas ABZ Reisid kontoris selle lahtioleku aegadel.<\/span><\/p>\n<p><span style=\"font-family: Arial, sans-serif;\"><strong>NB! Reisija on kohustatud tutvuma ABZ Reiside reisitingimustega <\/strong><a href=\"http:\/\/www.abz.ee\/\"><strong>www.abz.ee<\/strong><\/a><\/span><\/p>\n<p><span style=\"font-family: Arial, sans-serif;\">O\u00dc ABZ Reisid<br \/>\nSeminari 5<br \/>\nV\u00f5ru 65608<br \/>\nTel. +372 78 28 498<br \/>\ninfo@abz.ee<br \/>\nwww.abz.ee<\/span><\/p>\n","protected":false},"excerpt":{"rendered":"<p>2025. aasta suvel \u00fcle 7000 teatrik\u00fclastaja ja mitmete kriitikute poolt erakordselt sooja vastuv\u00f5tu osaliseks saanud muusikaline lavastus \u201eVihmana ma sajan \u2013 Vendade Urbide lugu\u201c, etendub Palmses ka 2026. aasta juulis! V\u00e4ljas\u00f5it V\u00f5ru muusikakooli juurest kell 12.00 Teeme vahep\u00f5ikeid ja -peatusi Kiltsi m\u00f5isa ja Vao tornlinnuse juurde. Saabumine Palmsesse.\u00a0 Alates kella 17:30-st, on m\u00f5isa pargis avatud [&hellip;]<\/p>\n","protected":false},"featured_media":14879,"template":"","meta":{"_acf_changed":false},"product_brand":[],"product_cat":[55],"product_tag":[],"class_list":{"0":"post-14870","1":"product","2":"type-product","3":"status-publish","4":"has-post-thumbnail","6":"product_cat-eesti-reisid","8":"first","9":"instock","10":"shipping-taxable","11":"purchasable","12":"product-type-ovabrw_car_rental"},"acf":[],"yoast_head":"<!-- This site is optimized with the Yoast SEO plugin v27.5 - https:\/\/yoast.com\/product\/yoast-seo-wordpress\/ -->\n<title>\u201cVihmana ma sajan\u201d 25.07.2026 - ABZ Reisid<\/title>\n<meta name=\"robots\" content=\"index, follow, max-snippet:-1, max-image-preview:large, max-video-preview:-1\" \/>\n<link rel=\"canonical\" href=\"https:\/\/abz.ee\/en\/reis\/vihmana-ma-sajan-25-07-2026\/\" \/>\n<meta property=\"og:locale\" content=\"en_US\" \/>\n<meta property=\"og:type\" content=\"article\" \/>\n<meta property=\"og:title\" content=\"\u201cVihmana ma sajan\u201d 25.07.2026 - ABZ Reisid\" \/>\n<meta property=\"og:description\" content=\"2025. aasta suvel \u00fcle 7000 teatrik\u00fclastaja ja mitmete kriitikute poolt erakordselt sooja vastuv\u00f5tu osaliseks saanud muusikaline lavastus \u201eVihmana ma sajan \u2013 Vendade Urbide lugu\u201c, etendub Palmses ka 2026. aasta juulis! V\u00e4ljas\u00f5it V\u00f5ru muusikakooli juurest kell 12.00 Teeme vahep\u00f5ikeid ja -peatusi Kiltsi m\u00f5isa ja Vao tornlinnuse juurde. Saabumine Palmsesse.\u00a0 Alates kella 17:30-st, on m\u00f5isa pargis avatud [&hellip;]\" \/>\n<meta property=\"og:url\" content=\"https:\/\/abz.ee\/en\/reis\/vihmana-ma-sajan-25-07-2026\/\" \/>\n<meta property=\"og:site_name\" content=\"ABZ Reisid\" \/>\n<meta property=\"article:modified_time\" content=\"2026-04-26T09:40:24+00:00\" \/>\n<meta property=\"og:image\" content=\"https:\/\/abz.ee\/wp-content\/uploads\/2026\/04\/Vihmana-ma-sajan.jpg\" \/>\n\t<meta property=\"og:image:width\" content=\"526\" \/>\n\t<meta property=\"og:image:height\" content=\"526\" \/>\n\t<meta property=\"og:image:type\" content=\"image\/jpeg\" \/>\n<meta name=\"twitter:card\" content=\"summary_large_image\" \/>\n<meta name=\"twitter:label1\" content=\"Est. reading time\" \/>\n\t<meta name=\"twitter:data1\" content=\"2 minutes\" \/>\n<script type=\"application\/ld+json\" class=\"yoast-schema-graph\">{\"@context\":\"https:\\\/\\\/schema.org\",\"@graph\":[{\"@type\":\"WebPage\",\"@id\":\"https:\\\/\\\/abz.ee\\\/en\\\/reis\\\/vihmana-ma-sajan-25-07-2026\\\/\",\"url\":\"https:\\\/\\\/abz.ee\\\/en\\\/reis\\\/vihmana-ma-sajan-25-07-2026\\\/\",\"name\":\"\u201cVihmana ma sajan\u201d 25.07.2026 - ABZ Reisid\",\"isPartOf\":{\"@id\":\"https:\\\/\\\/abz.ee\\\/en\\\/#website\"},\"primaryImageOfPage\":{\"@id\":\"https:\\\/\\\/abz.ee\\\/en\\\/reis\\\/vihmana-ma-sajan-25-07-2026\\\/#primaryimage\"},\"image\":{\"@id\":\"https:\\\/\\\/abz.ee\\\/en\\\/reis\\\/vihmana-ma-sajan-25-07-2026\\\/#primaryimage\"},\"thumbnailUrl\":\"https:\\\/\\\/abz.ee\\\/wp-content\\\/uploads\\\/2026\\\/04\\\/Vihmana-ma-sajan.jpg\",\"datePublished\":\"2025-09-18T09:50:37+00:00\",\"dateModified\":\"2026-04-26T09:40:24+00:00\",\"breadcrumb\":{\"@id\":\"https:\\\/\\\/abz.ee\\\/en\\\/reis\\\/vihmana-ma-sajan-25-07-2026\\\/#breadcrumb\"},\"inLanguage\":\"en-US\",\"potentialAction\":[{\"@type\":\"ReadAction\",\"target\":[\"https:\\\/\\\/abz.ee\\\/en\\\/reis\\\/vihmana-ma-sajan-25-07-2026\\\/\"]}]},{\"@type\":\"ImageObject\",\"inLanguage\":\"en-US\",\"@id\":\"https:\\\/\\\/abz.ee\\\/en\\\/reis\\\/vihmana-ma-sajan-25-07-2026\\\/#primaryimage\",\"url\":\"https:\\\/\\\/abz.ee\\\/wp-content\\\/uploads\\\/2026\\\/04\\\/Vihmana-ma-sajan.jpg\",\"contentUrl\":\"https:\\\/\\\/abz.ee\\\/wp-content\\\/uploads\\\/2026\\\/04\\\/Vihmana-ma-sajan.jpg\",\"width\":526,\"height\":526},{\"@type\":\"BreadcrumbList\",\"@id\":\"https:\\\/\\\/abz.ee\\\/en\\\/reis\\\/vihmana-ma-sajan-25-07-2026\\\/#breadcrumb\",\"itemListElement\":[{\"@type\":\"ListItem\",\"position\":1,\"name\":\"Home\",\"item\":\"https:\\\/\\\/abz.ee\\\/en\\\/\"},{\"@type\":\"ListItem\",\"position\":2,\"name\":\"Shop\",\"item\":\"https:\\\/\\\/abz.ee\\\/shop\\\/\"},{\"@type\":\"ListItem\",\"position\":3,\"name\":\"\u201cVihmana ma sajan\u201d 25.07.2026\"}]},{\"@type\":\"WebSite\",\"@id\":\"https:\\\/\\\/abz.ee\\\/en\\\/#website\",\"url\":\"https:\\\/\\\/abz.ee\\\/en\\\/\",\"name\":\"ABZ Reisid\",\"description\":\"Avastuste avar aabits\",\"publisher\":{\"@id\":\"https:\\\/\\\/abz.ee\\\/en\\\/#organization\"},\"potentialAction\":[{\"@type\":\"SearchAction\",\"target\":{\"@type\":\"EntryPoint\",\"urlTemplate\":\"https:\\\/\\\/abz.ee\\\/en\\\/?s={search_term_string}\"},\"query-input\":{\"@type\":\"PropertyValueSpecification\",\"valueRequired\":true,\"valueName\":\"search_term_string\"}}],\"inLanguage\":\"en-US\"},{\"@type\":\"Organization\",\"@id\":\"https:\\\/\\\/abz.ee\\\/en\\\/#organization\",\"name\":\"ABZ Reisid\",\"url\":\"https:\\\/\\\/abz.ee\\\/en\\\/\",\"logo\":{\"@type\":\"ImageObject\",\"inLanguage\":\"en-US\",\"@id\":\"https:\\\/\\\/abz.ee\\\/en\\\/#\\\/schema\\\/logo\\\/image\\\/\",\"url\":\"https:\\\/\\\/abz.ee\\\/wp-content\\\/uploads\\\/2024\\\/02\\\/cropped-favicon-1.png\",\"contentUrl\":\"https:\\\/\\\/abz.ee\\\/wp-content\\\/uploads\\\/2024\\\/02\\\/cropped-favicon-1.png\",\"width\":512,\"height\":512,\"caption\":\"ABZ Reisid\"},\"image\":{\"@id\":\"https:\\\/\\\/abz.ee\\\/en\\\/#\\\/schema\\\/logo\\\/image\\\/\"}}]}<\/script>\n<!-- \/ Yoast SEO plugin. -->","yoast_head_json":{"title":"\u201cVihmana ma sajan\u201d 25.07.2026 - ABZ Reisid","robots":{"index":"index","follow":"follow","max-snippet":"max-snippet:-1","max-image-preview":"max-image-preview:large","max-video-preview":"max-video-preview:-1"},"canonical":"https:\/\/abz.ee\/en\/reis\/vihmana-ma-sajan-25-07-2026\/","og_locale":"en_US","og_type":"article","og_title":"\u201cVihmana ma sajan\u201d 25.07.2026 - ABZ Reisid","og_description":"2025. aasta suvel \u00fcle 7000 teatrik\u00fclastaja ja mitmete kriitikute poolt erakordselt sooja vastuv\u00f5tu osaliseks saanud muusikaline lavastus \u201eVihmana ma sajan \u2013 Vendade Urbide lugu\u201c, etendub Palmses ka 2026. aasta juulis! V\u00e4ljas\u00f5it V\u00f5ru muusikakooli juurest kell 12.00 Teeme vahep\u00f5ikeid ja -peatusi Kiltsi m\u00f5isa ja Vao tornlinnuse juurde. Saabumine Palmsesse.\u00a0 Alates kella 17:30-st, on m\u00f5isa pargis avatud [&hellip;]","og_url":"https:\/\/abz.ee\/en\/reis\/vihmana-ma-sajan-25-07-2026\/","og_site_name":"ABZ Reisid","article_modified_time":"2026-04-26T09:40:24+00:00","og_image":[{"width":526,"height":526,"url":"https:\/\/abz.ee\/wp-content\/uploads\/2026\/04\/Vihmana-ma-sajan.jpg","type":"image\/jpeg"}],"twitter_card":"summary_large_image","twitter_misc":{"Est. reading time":"2 minutes"},"schema":{"@context":"https:\/\/schema.org","@graph":[{"@type":"WebPage","@id":"https:\/\/abz.ee\/en\/reis\/vihmana-ma-sajan-25-07-2026\/","url":"https:\/\/abz.ee\/en\/reis\/vihmana-ma-sajan-25-07-2026\/","name":"\u201cVihmana ma sajan\u201d 25.07.2026 - ABZ Reisid","isPartOf":{"@id":"https:\/\/abz.ee\/en\/#website"},"primaryImageOfPage":{"@id":"https:\/\/abz.ee\/en\/reis\/vihmana-ma-sajan-25-07-2026\/#primaryimage"},"image":{"@id":"https:\/\/abz.ee\/en\/reis\/vihmana-ma-sajan-25-07-2026\/#primaryimage"},"thumbnailUrl":"https:\/\/abz.ee\/wp-content\/uploads\/2026\/04\/Vihmana-ma-sajan.jpg","datePublished":"2025-09-18T09:50:37+00:00","dateModified":"2026-04-26T09:40:24+00:00","breadcrumb":{"@id":"https:\/\/abz.ee\/en\/reis\/vihmana-ma-sajan-25-07-2026\/#breadcrumb"},"inLanguage":"en-US","potentialAction":[{"@type":"ReadAction","target":["https:\/\/abz.ee\/en\/reis\/vihmana-ma-sajan-25-07-2026\/"]}]},{"@type":"ImageObject","inLanguage":"en-US","@id":"https:\/\/abz.ee\/en\/reis\/vihmana-ma-sajan-25-07-2026\/#primaryimage","url":"https:\/\/abz.ee\/wp-content\/uploads\/2026\/04\/Vihmana-ma-sajan.jpg","contentUrl":"https:\/\/abz.ee\/wp-content\/uploads\/2026\/04\/Vihmana-ma-sajan.jpg","width":526,"height":526},{"@type":"BreadcrumbList","@id":"https:\/\/abz.ee\/en\/reis\/vihmana-ma-sajan-25-07-2026\/#breadcrumb","itemListElement":[{"@type":"ListItem","position":1,"name":"Home","item":"https:\/\/abz.ee\/en\/"},{"@type":"ListItem","position":2,"name":"Shop","item":"https:\/\/abz.ee\/shop\/"},{"@type":"ListItem","position":3,"name":"\u201cVihmana ma sajan\u201d 25.07.2026"}]},{"@type":"WebSite","@id":"https:\/\/abz.ee\/en\/#website","url":"https:\/\/abz.ee\/en\/","name":"ABZ Reisid","description":"Avastuste avar aabits","publisher":{"@id":"https:\/\/abz.ee\/en\/#organization"},"potentialAction":[{"@type":"SearchAction","target":{"@type":"EntryPoint","urlTemplate":"https:\/\/abz.ee\/en\/?s={search_term_string}"},"query-input":{"@type":"PropertyValueSpecification","valueRequired":true,"valueName":"search_term_string"}}],"inLanguage":"en-US"},{"@type":"Organization","@id":"https:\/\/abz.ee\/en\/#organization","name":"ABZ Reisid","url":"https:\/\/abz.ee\/en\/","logo":{"@type":"ImageObject","inLanguage":"en-US","@id":"https:\/\/abz.ee\/en\/#\/schema\/logo\/image\/","url":"https:\/\/abz.ee\/wp-content\/uploads\/2024\/02\/cropped-favicon-1.png","contentUrl":"https:\/\/abz.ee\/wp-content\/uploads\/2024\/02\/cropped-favicon-1.png","width":512,"height":512,"caption":"ABZ Reisid"},"image":{"@id":"https:\/\/abz.ee\/en\/#\/schema\/logo\/image\/"}}]}},"_links":{"self":[{"href":"https:\/\/abz.ee\/en\/wp-json\/wp\/v2\/product\/14870","targetHints":{"allow":["GET"]}}],"collection":[{"href":"https:\/\/abz.ee\/en\/wp-json\/wp\/v2\/product"}],"about":[{"href":"https:\/\/abz.ee\/en\/wp-json\/wp\/v2\/types\/product"}],"version-history":[{"count":4,"href":"https:\/\/abz.ee\/en\/wp-json\/wp\/v2\/product\/14870\/revisions"}],"predecessor-version":[{"id":14886,"href":"https:\/\/abz.ee\/en\/wp-json\/wp\/v2\/product\/14870\/revisions\/14886"}],"wp:featuredmedia":[{"embeddable":true,"href":"https:\/\/abz.ee\/en\/wp-json\/wp\/v2\/media\/14879"}],"wp:attachment":[{"href":"https:\/\/abz.ee\/en\/wp-json\/wp\/v2\/media?parent=14870"}],"wp:term":[{"taxonomy":"product_brand","embeddable":true,"href":"https:\/\/abz.ee\/en\/wp-json\/wp\/v2\/product_brand?post=14870"},{"taxonomy":"product_cat","embeddable":true,"href":"https:\/\/abz.ee\/en\/wp-json\/wp\/v2\/product_cat?post=14870"},{"taxonomy":"product_tag","embeddable":true,"href":"https:\/\/abz.ee\/en\/wp-json\/wp\/v2\/product_tag?post=14870"}],"curies":[{"name":"wp","href":"https:\/\/api.w.org\/{rel}","templated":true}]}}