{"id":14821,"date":"2025-09-18T12:57:42","date_gmt":"2025-09-18T09:57:42","guid":{"rendered":"https:\/\/abz.ee\/?post_type=product&#038;p=14821"},"modified":"2026-04-26T12:41:32","modified_gmt":"2026-04-26T09:41:32","slug":"raimond-valgre-ja-johann-koler-6-7-08-2026","status":"publish","type":"product","link":"https:\/\/abz.ee\/en\/reis\/raimond-valgre-ja-johann-koler-6-7-08-2026\/","title":{"rendered":"Raimond VALGRE ja Johann K\u00d6LER 6.-7.08.2026"},"content":{"rendered":"<p><b>6.-7.08 Raimond VALGRE ja Johann K\u00d6LER<\/b><b><br \/>\n<\/b><span style=\"font-weight: 400;\"><br \/>\n<\/span><span style=\"font-weight: 400;\">Reisi peaeesm\u00e4rk on <\/span><span style=\"font-weight: 400;\">Suvelavastus \u201eRAIM\u201c\u00a0 Raimond Valgrest P\u00e4rnu Kuursaali \u00f5uel. <\/span><span style=\"font-weight: 400;\"><br \/>\n<\/span><span style=\"font-weight: 400;\">Reis toimub 24-kohalise bussiga, reisijaid v\u00f5tame peale 20.<\/span><\/p>\n<p><b><br \/>\n<\/b><b>Neljap\u00e4ev, 6. august<\/b><span style=\"font-weight: 400;\"><br \/>\n<\/span><span style=\"font-weight: 400;\">V\u00e4ljas\u00f5it\u00a0 kell 10 V\u00f5ru muusikakooli juurest.<\/span><span style=\"font-weight: 400;\"><br \/>\n<\/span><b>Kl 12.30 &#8211; 16.00 <\/b><b><br \/>\n<\/b><span style=\"font-weight: 400;\">T\u00e4navu t\u00e4itub 200 aastat esimese eesti rahvusest professionaalse kunstniku Johann K\u00f6leri s\u00fcnnist. Sel puhul on\u00a0 Kondase keskus, Viljandi muuseum<\/span> <span style=\"font-weight: 400;\">ja R\u00fcki galerii avanud kolmikn\u00e4ituse \u201e<\/span><b>K\u00f6ler 200: originaal, koopia, t\u00f5lgendus<\/b><span style=\"font-weight: 400;\">\u201c.<\/span><span style=\"font-weight: 400;\"><br \/>\n<\/span><span style=\"font-weight: 400;\">R\u00fcki galerii n\u00e4ituse osa\u00a0 on augustikuuks suletud, seega\u00a0 <\/span><b>k\u00fclastame Kondase keskust,<\/b><span style=\"font-weight: 400;\"> kus\u00a0 on originaalid KUMUst, ja <\/span><b>Viljandi muuseumi,<\/b><span style=\"font-weight: 400;\"> kus on\u00a0 suur \u00fclevaaten\u00e4itus kogu K\u00f6leri loomingust.<\/span><span style=\"font-weight: 400;\"><br \/>\n<\/span><span style=\"font-weight: 400;\">L\u00f5unas\u00f6\u00f6gipaus ei ole \u00fchiselt organiseeritud ja j\u00e4\u00e4b iga\u00fchele endale avastada &#8211; Viljandi kesklinnas on mitmeid hubaseid kohvikuid.\u00a0<\/span><span style=\"font-weight: 400;\"><br \/>\n<\/span><\/p>\n<p><b>Ca kl 16<\/b><span style=\"font-weight: 400;\"> j\u00e4tkame teekonda Viljandist P\u00e4rnu poole.<\/span><span style=\"font-weight: 400;\"><br \/>\n<\/span><b>Ca kl 17.30<\/b><span style=\"font-weight: 400;\"> seame endid sisse <\/span><b>Green Villas,<\/b><span style=\"font-weight: 400;\"> mis asub 900 m kaugusel Kuursaalist.<\/span> <b><br \/>\n<\/b><span style=\"font-weight: 400;\">Villa on ehitatud eelmise sajandi 30-ndatel aastatel juugendstiilis ja asub linna k\u00f5ige prestii\u017eikamas pargi-rajoonis. Jalgsi j\u00f5uab P\u00e4rnu kesklinna m\u00f5ne minutiga, mereranda (sh Kuursaali juurde) 10 minutiga.<\/span><\/p>\n<p><b>19.00 Suvelavastus \u201eRAIM\u201c <\/b><span style=\"font-weight: 400;\">\u00a0P\u00e4rnu Kuursaali \u00f5uel\u00a0 Raimond Valgrest, <\/span><span style=\"font-weight: 400;\">mehest, kes oli popstaar veel enne, kui see s\u00f5na \u00fcldse olemas oli.\u00a0<\/span><\/p>\n<p><span style=\"font-weight: 400;\">Hingepugev lugu, elav muusika ja hoogne tants viivad ajas tagurpidi l\u00e4bi Valgre-aja P\u00e4rnu suvede (1939-1949): kibedusest suurte unistusteni.\u00a0 Nii muutub teekond poeetiliseks tagasivaateks: publik n\u00e4eb Raimondi elu mitte h\u00e4\u00e4bumas, vaid s\u00e4rama l\u00f6\u00f6mas.<\/span><\/p>\n<p><span style=\"font-weight: 400;\">Loo toimumispaigaks on praegune Kuursaal \u2013 kunagine Rannasalong, kus v\u00f5is Valgret n\u00e4ha musitseerimas klaveri, kitarri, akordioni v\u00f5i trummide taga ja kus tema muusika svingis esimest korda l\u00e4bi vabameelsete suve\u00f6\u00f6de.\u00a0<\/span><\/p>\n<p><span style=\"font-weight: 400;\">Lavastuses astuvad lavale t\u00e4nase p\u00f5lvkonna noored n\u00e4itlejad, muusikud ja tantsijad. L\u00e4bi kolme vaatuse \u00fchendavad artistid elava muusika, tantsu ja draama, et tuua lavale nii legendaarsed lood kui ka nende taga olev inimene \u2013 vastuoluline, haavatav, kirglik ja \u00f5rn.<\/span><\/p>\n<p><span style=\"font-weight: 400;\">OSADES: Sander Roosim\u00e4gi, Simeoni Sundja, Hardi M\u00f6ller, Mihkel Kuusk, Johannes Richard Sepping, Hele Palumaa, Luisa L\u00f5hmus, Saara Kaljuj\u00e4rv, Silva Pijon, Hardo Adamson, Harriet Toompere, Carmen Mikiver, Indrek Taalmaa, Argo Aadli, muusikud, tantsijad<\/span><\/p>\n<p><span style=\"font-weight: 400;\">Etendusel on 3 vaatust. Etenduse pikkus koos kahe vaheajaga ca 3 h 50 min. Etendus toimub vabas \u00f5hus. Publik istub t\u00f5usuga trib\u00fc\u00fcnil toolide peal. Vaheaegadel on avatud \u00f5uekohvikud. <\/span><span style=\"font-weight: 400;\"><br \/>\n<\/span><span style=\"font-weight: 400;\"><br \/>\n<\/span><b>Reede, 7. August<\/b><span style=\"font-weight: 400;\"><br \/>\n<\/span><span style=\"font-weight: 400;\">Hommikus\u00f6\u00f6k. <\/span><span style=\"font-weight: 400;\"><br \/>\n<\/span><span style=\"font-weight: 400;\">Vabakava. Kes soovib, jalutab vanalinnas, muuli \u00e4\u00e4rde v\u00f5i rannas, kes soovib, tuleb reisijuhiga P\u00e4rnu muuseumi (lisatasu t\u00e4iskasvanule 15 eur, pension\u00e4r \/ \u00f5pilane 11 eur).<\/span><span style=\"font-weight: 400;\"><br \/>\n<\/span><b>P\u00e4rnu Muuseum<\/b><span style=\"font-weight: 400;\"> on \u00fcks moodsamaid ajaloomuuseume Baltikumis. P\u00e4rnu ajalugu avatakse nelja ainulaadse loo kaudu: \u201cMeie loo l\u00e4te\u201d, \u201cKahe linna lugu\u201d, \u201cRahvusriigi s\u00fcnd\u201d, \u201cSuvepealinn P\u00e4rnu\u201d. Need on lood inimasustuse tekkest ja paikseks j\u00e4\u00e4misest, keskaegsest kaksiklinnast ja rootsiaegsest baroksest kindluslinnast, 18.\u201319. sajandi kauba- ja t\u00f6\u00f6stuslinnast, eesti keele, meele, kirjanduse ja ajakirjanduse kujunemisest, meie esikuurordi s\u00fcnnist ning vabariigi tekkest.<\/span><span style=\"font-weight: 400;\"><br \/>\n<\/span><span style=\"font-weight: 400;\"><br \/>\n<\/span><span style=\"font-weight: 400;\">Stardiaja koduteele ning v\u00f5imaliku t\u00e4iendava programmi lepime kokku hiljem, arvestades ilma ja reisijate soove ning ettepanekuid, kuid ka arvestusega, et hiljemalt kell 19 oleme V\u00f5rus. <\/span><span style=\"font-weight: 400;\"><br \/>\n<\/span><span style=\"font-weight: 400;\"><br \/>\n<\/span><b>Hind: <\/b><strong>255 EUR (pilet 14. reas) v\u00f5i 265 EUR (pilet 3. reas)<\/strong><\/p>\n<p><b>Hinna sees<\/b><\/p>\n<ul>\n<li style=\"font-weight: 400;\" aria-level=\"1\"><span style=\"font-weight: 400;\">Piletid etendusele Raim: 3. v\u00f5i 14. reas <\/span><span style=\"font-weight: 400;\"><br \/>\n<\/span><span style=\"font-weight: 400;\">(palun teata broneerimisel oma eelistus!)<\/span><\/li>\n<li style=\"font-weight: 400;\" aria-level=\"1\"><span style=\"font-weight: 400;\">P\u00e4\u00e4smed K\u00f6leri n\u00e4itustele Viljandis<\/span><\/li>\n<li style=\"font-weight: 400;\" aria-level=\"1\"><span style=\"font-weight: 400;\">\u00d6\u00f6bimine Green Villas (2-3 in toas) koos hommikus\u00f6\u00f6giga<\/span><\/li>\n<li style=\"font-weight: 400;\" aria-level=\"1\"><span style=\"font-weight: 400;\">Mugav reisibuss<\/span><\/li>\n<li style=\"font-weight: 400;\" aria-level=\"1\"><span style=\"font-weight: 400;\">Reisijuhi teenus<\/span><\/li>\n<\/ul>\n<p><strong>Tasumine: <\/strong>5 p\u00e4eva jooksul peale reisile registreerumist palume teha ettemaks 75 eurot inimese kohta. Kogu reisi maksumus peab olema tasutud hiljemalt 31 p\u00e4eva enne reisi algust. Reisi t\u00fchistamisel v\u00e4hem kui 31 p\u00e4eva enne reisi ei tagastata reisijale ettemaksu, mille summa on \u00e4ra m\u00e4rgitud reisikavas (75 eurot).<\/p>\n<p><strong>NB!<\/strong>\u00a0Reisile registreerumise ja reisiraha tasumisega kinnitate, et olete tutvunud O\u00dc ABZ Reisid reisitingimustega\u00a0<a href=\"http:\/\/www.abz.ee\/\"><span lang=\"zxx\">www.abz.ee<\/span><\/a><\/p>\n<p>J\u00e4tame endale \u00f5iguse teha muudatusi reisiprogrammis ja hinnas.<\/p>\n<p>O\u00dc ABZ Reisid<br \/>\nSeminari 5<br \/>\nV\u00f5ru 65608<br \/>\nTel. +372 78 28 498<br \/>\ne-mail: info@abz.ee<\/p>\n","protected":false},"excerpt":{"rendered":"<p>6.-7.08 Raimond VALGRE ja Johann K\u00d6LER Reisi peaeesm\u00e4rk on Suvelavastus \u201eRAIM\u201c\u00a0 Raimond Valgrest P\u00e4rnu Kuursaali \u00f5uel. Reis toimub 24-kohalise bussiga, reisijaid v\u00f5tame peale 20. Neljap\u00e4ev, 6. august V\u00e4ljas\u00f5it\u00a0 kell 10 V\u00f5ru muusikakooli juurest. Kl 12.30 &#8211; 16.00 T\u00e4navu t\u00e4itub 200 aastat esimese eesti rahvusest professionaalse kunstniku Johann K\u00f6leri s\u00fcnnist. Sel puhul on\u00a0 Kondase keskus, Viljandi [&hellip;]<\/p>\n","protected":false},"featured_media":14822,"template":"","meta":{"_acf_changed":false},"product_brand":[],"product_cat":[55],"product_tag":[],"class_list":{"0":"post-14821","1":"product","2":"type-product","3":"status-publish","4":"has-post-thumbnail","6":"product_cat-eesti-reisid","8":"first","9":"instock","10":"shipping-taxable","11":"purchasable","12":"product-type-ovabrw_car_rental"},"acf":[],"yoast_head":"<!-- This site is optimized with the Yoast SEO plugin v27.5 - https:\/\/yoast.com\/product\/yoast-seo-wordpress\/ -->\n<title>Raimond VALGRE ja Johann K\u00d6LER 6.-7.08.2026 - ABZ Reisid<\/title>\n<meta name=\"robots\" content=\"index, follow, max-snippet:-1, max-image-preview:large, max-video-preview:-1\" \/>\n<link rel=\"canonical\" href=\"https:\/\/abz.ee\/en\/reis\/raimond-valgre-ja-johann-koler-6-7-08-2026\/\" \/>\n<meta property=\"og:locale\" content=\"en_US\" \/>\n<meta property=\"og:type\" content=\"article\" \/>\n<meta property=\"og:title\" content=\"Raimond VALGRE ja Johann K\u00d6LER 6.-7.08.2026 - ABZ Reisid\" \/>\n<meta property=\"og:description\" content=\"6.-7.08 Raimond VALGRE ja Johann K\u00d6LER Reisi peaeesm\u00e4rk on Suvelavastus \u201eRAIM\u201c\u00a0 Raimond Valgrest P\u00e4rnu Kuursaali \u00f5uel. Reis toimub 24-kohalise bussiga, reisijaid v\u00f5tame peale 20. Neljap\u00e4ev, 6. august V\u00e4ljas\u00f5it\u00a0 kell 10 V\u00f5ru muusikakooli juurest. Kl 12.30 &#8211; 16.00 T\u00e4navu t\u00e4itub 200 aastat esimese eesti rahvusest professionaalse kunstniku Johann K\u00f6leri s\u00fcnnist. Sel puhul on\u00a0 Kondase keskus, Viljandi [&hellip;]\" \/>\n<meta property=\"og:url\" content=\"https:\/\/abz.ee\/en\/reis\/raimond-valgre-ja-johann-koler-6-7-08-2026\/\" \/>\n<meta property=\"og:site_name\" content=\"ABZ Reisid\" \/>\n<meta property=\"article:modified_time\" content=\"2026-04-26T09:41:32+00:00\" \/>\n<meta property=\"og:image\" content=\"https:\/\/abz.ee\/wp-content\/uploads\/2026\/03\/kuursaal.jpg\" \/>\n\t<meta property=\"og:image:width\" content=\"700\" \/>\n\t<meta property=\"og:image:height\" content=\"525\" \/>\n\t<meta property=\"og:image:type\" content=\"image\/jpeg\" \/>\n<meta name=\"twitter:card\" content=\"summary_large_image\" \/>\n<meta name=\"twitter:label1\" content=\"Est. reading time\" \/>\n\t<meta name=\"twitter:data1\" content=\"4 minutes\" \/>\n<script type=\"application\/ld+json\" class=\"yoast-schema-graph\">{\"@context\":\"https:\\\/\\\/schema.org\",\"@graph\":[{\"@type\":\"WebPage\",\"@id\":\"https:\\\/\\\/abz.ee\\\/en\\\/reis\\\/raimond-valgre-ja-johann-koler-6-7-08-2026\\\/\",\"url\":\"https:\\\/\\\/abz.ee\\\/en\\\/reis\\\/raimond-valgre-ja-johann-koler-6-7-08-2026\\\/\",\"name\":\"Raimond VALGRE ja Johann K\u00d6LER 6.-7.08.2026 - ABZ Reisid\",\"isPartOf\":{\"@id\":\"https:\\\/\\\/abz.ee\\\/en\\\/#website\"},\"primaryImageOfPage\":{\"@id\":\"https:\\\/\\\/abz.ee\\\/en\\\/reis\\\/raimond-valgre-ja-johann-koler-6-7-08-2026\\\/#primaryimage\"},\"image\":{\"@id\":\"https:\\\/\\\/abz.ee\\\/en\\\/reis\\\/raimond-valgre-ja-johann-koler-6-7-08-2026\\\/#primaryimage\"},\"thumbnailUrl\":\"https:\\\/\\\/abz.ee\\\/wp-content\\\/uploads\\\/2026\\\/03\\\/kuursaal.jpg\",\"datePublished\":\"2025-09-18T09:57:42+00:00\",\"dateModified\":\"2026-04-26T09:41:32+00:00\",\"breadcrumb\":{\"@id\":\"https:\\\/\\\/abz.ee\\\/en\\\/reis\\\/raimond-valgre-ja-johann-koler-6-7-08-2026\\\/#breadcrumb\"},\"inLanguage\":\"en-US\",\"potentialAction\":[{\"@type\":\"ReadAction\",\"target\":[\"https:\\\/\\\/abz.ee\\\/en\\\/reis\\\/raimond-valgre-ja-johann-koler-6-7-08-2026\\\/\"]}]},{\"@type\":\"ImageObject\",\"inLanguage\":\"en-US\",\"@id\":\"https:\\\/\\\/abz.ee\\\/en\\\/reis\\\/raimond-valgre-ja-johann-koler-6-7-08-2026\\\/#primaryimage\",\"url\":\"https:\\\/\\\/abz.ee\\\/wp-content\\\/uploads\\\/2026\\\/03\\\/kuursaal.jpg\",\"contentUrl\":\"https:\\\/\\\/abz.ee\\\/wp-content\\\/uploads\\\/2026\\\/03\\\/kuursaal.jpg\",\"width\":700,\"height\":525},{\"@type\":\"BreadcrumbList\",\"@id\":\"https:\\\/\\\/abz.ee\\\/en\\\/reis\\\/raimond-valgre-ja-johann-koler-6-7-08-2026\\\/#breadcrumb\",\"itemListElement\":[{\"@type\":\"ListItem\",\"position\":1,\"name\":\"Home\",\"item\":\"https:\\\/\\\/abz.ee\\\/en\\\/\"},{\"@type\":\"ListItem\",\"position\":2,\"name\":\"Shop\",\"item\":\"https:\\\/\\\/abz.ee\\\/shop\\\/\"},{\"@type\":\"ListItem\",\"position\":3,\"name\":\"Raimond VALGRE ja Johann K\u00d6LER 6.-7.08.2026\"}]},{\"@type\":\"WebSite\",\"@id\":\"https:\\\/\\\/abz.ee\\\/en\\\/#website\",\"url\":\"https:\\\/\\\/abz.ee\\\/en\\\/\",\"name\":\"ABZ Reisid\",\"description\":\"Avastuste avar aabits\",\"publisher\":{\"@id\":\"https:\\\/\\\/abz.ee\\\/en\\\/#organization\"},\"potentialAction\":[{\"@type\":\"SearchAction\",\"target\":{\"@type\":\"EntryPoint\",\"urlTemplate\":\"https:\\\/\\\/abz.ee\\\/en\\\/?s={search_term_string}\"},\"query-input\":{\"@type\":\"PropertyValueSpecification\",\"valueRequired\":true,\"valueName\":\"search_term_string\"}}],\"inLanguage\":\"en-US\"},{\"@type\":\"Organization\",\"@id\":\"https:\\\/\\\/abz.ee\\\/en\\\/#organization\",\"name\":\"ABZ Reisid\",\"url\":\"https:\\\/\\\/abz.ee\\\/en\\\/\",\"logo\":{\"@type\":\"ImageObject\",\"inLanguage\":\"en-US\",\"@id\":\"https:\\\/\\\/abz.ee\\\/en\\\/#\\\/schema\\\/logo\\\/image\\\/\",\"url\":\"https:\\\/\\\/abz.ee\\\/wp-content\\\/uploads\\\/2024\\\/02\\\/cropped-favicon-1.png\",\"contentUrl\":\"https:\\\/\\\/abz.ee\\\/wp-content\\\/uploads\\\/2024\\\/02\\\/cropped-favicon-1.png\",\"width\":512,\"height\":512,\"caption\":\"ABZ Reisid\"},\"image\":{\"@id\":\"https:\\\/\\\/abz.ee\\\/en\\\/#\\\/schema\\\/logo\\\/image\\\/\"}}]}<\/script>\n<!-- \/ Yoast SEO plugin. -->","yoast_head_json":{"title":"Raimond VALGRE ja Johann K\u00d6LER 6.-7.08.2026 - ABZ Reisid","robots":{"index":"index","follow":"follow","max-snippet":"max-snippet:-1","max-image-preview":"max-image-preview:large","max-video-preview":"max-video-preview:-1"},"canonical":"https:\/\/abz.ee\/en\/reis\/raimond-valgre-ja-johann-koler-6-7-08-2026\/","og_locale":"en_US","og_type":"article","og_title":"Raimond VALGRE ja Johann K\u00d6LER 6.-7.08.2026 - ABZ Reisid","og_description":"6.-7.08 Raimond VALGRE ja Johann K\u00d6LER Reisi peaeesm\u00e4rk on Suvelavastus \u201eRAIM\u201c\u00a0 Raimond Valgrest P\u00e4rnu Kuursaali \u00f5uel. Reis toimub 24-kohalise bussiga, reisijaid v\u00f5tame peale 20. Neljap\u00e4ev, 6. august V\u00e4ljas\u00f5it\u00a0 kell 10 V\u00f5ru muusikakooli juurest. Kl 12.30 &#8211; 16.00 T\u00e4navu t\u00e4itub 200 aastat esimese eesti rahvusest professionaalse kunstniku Johann K\u00f6leri s\u00fcnnist. Sel puhul on\u00a0 Kondase keskus, Viljandi [&hellip;]","og_url":"https:\/\/abz.ee\/en\/reis\/raimond-valgre-ja-johann-koler-6-7-08-2026\/","og_site_name":"ABZ Reisid","article_modified_time":"2026-04-26T09:41:32+00:00","og_image":[{"width":700,"height":525,"url":"https:\/\/abz.ee\/wp-content\/uploads\/2026\/03\/kuursaal.jpg","type":"image\/jpeg"}],"twitter_card":"summary_large_image","twitter_misc":{"Est. reading time":"4 minutes"},"schema":{"@context":"https:\/\/schema.org","@graph":[{"@type":"WebPage","@id":"https:\/\/abz.ee\/en\/reis\/raimond-valgre-ja-johann-koler-6-7-08-2026\/","url":"https:\/\/abz.ee\/en\/reis\/raimond-valgre-ja-johann-koler-6-7-08-2026\/","name":"Raimond VALGRE ja Johann K\u00d6LER 6.-7.08.2026 - ABZ Reisid","isPartOf":{"@id":"https:\/\/abz.ee\/en\/#website"},"primaryImageOfPage":{"@id":"https:\/\/abz.ee\/en\/reis\/raimond-valgre-ja-johann-koler-6-7-08-2026\/#primaryimage"},"image":{"@id":"https:\/\/abz.ee\/en\/reis\/raimond-valgre-ja-johann-koler-6-7-08-2026\/#primaryimage"},"thumbnailUrl":"https:\/\/abz.ee\/wp-content\/uploads\/2026\/03\/kuursaal.jpg","datePublished":"2025-09-18T09:57:42+00:00","dateModified":"2026-04-26T09:41:32+00:00","breadcrumb":{"@id":"https:\/\/abz.ee\/en\/reis\/raimond-valgre-ja-johann-koler-6-7-08-2026\/#breadcrumb"},"inLanguage":"en-US","potentialAction":[{"@type":"ReadAction","target":["https:\/\/abz.ee\/en\/reis\/raimond-valgre-ja-johann-koler-6-7-08-2026\/"]}]},{"@type":"ImageObject","inLanguage":"en-US","@id":"https:\/\/abz.ee\/en\/reis\/raimond-valgre-ja-johann-koler-6-7-08-2026\/#primaryimage","url":"https:\/\/abz.ee\/wp-content\/uploads\/2026\/03\/kuursaal.jpg","contentUrl":"https:\/\/abz.ee\/wp-content\/uploads\/2026\/03\/kuursaal.jpg","width":700,"height":525},{"@type":"BreadcrumbList","@id":"https:\/\/abz.ee\/en\/reis\/raimond-valgre-ja-johann-koler-6-7-08-2026\/#breadcrumb","itemListElement":[{"@type":"ListItem","position":1,"name":"Home","item":"https:\/\/abz.ee\/en\/"},{"@type":"ListItem","position":2,"name":"Shop","item":"https:\/\/abz.ee\/shop\/"},{"@type":"ListItem","position":3,"name":"Raimond VALGRE ja Johann K\u00d6LER 6.-7.08.2026"}]},{"@type":"WebSite","@id":"https:\/\/abz.ee\/en\/#website","url":"https:\/\/abz.ee\/en\/","name":"ABZ Reisid","description":"Avastuste avar aabits","publisher":{"@id":"https:\/\/abz.ee\/en\/#organization"},"potentialAction":[{"@type":"SearchAction","target":{"@type":"EntryPoint","urlTemplate":"https:\/\/abz.ee\/en\/?s={search_term_string}"},"query-input":{"@type":"PropertyValueSpecification","valueRequired":true,"valueName":"search_term_string"}}],"inLanguage":"en-US"},{"@type":"Organization","@id":"https:\/\/abz.ee\/en\/#organization","name":"ABZ Reisid","url":"https:\/\/abz.ee\/en\/","logo":{"@type":"ImageObject","inLanguage":"en-US","@id":"https:\/\/abz.ee\/en\/#\/schema\/logo\/image\/","url":"https:\/\/abz.ee\/wp-content\/uploads\/2024\/02\/cropped-favicon-1.png","contentUrl":"https:\/\/abz.ee\/wp-content\/uploads\/2024\/02\/cropped-favicon-1.png","width":512,"height":512,"caption":"ABZ Reisid"},"image":{"@id":"https:\/\/abz.ee\/en\/#\/schema\/logo\/image\/"}}]}},"_links":{"self":[{"href":"https:\/\/abz.ee\/en\/wp-json\/wp\/v2\/product\/14821","targetHints":{"allow":["GET"]}}],"collection":[{"href":"https:\/\/abz.ee\/en\/wp-json\/wp\/v2\/product"}],"about":[{"href":"https:\/\/abz.ee\/en\/wp-json\/wp\/v2\/types\/product"}],"version-history":[{"count":2,"href":"https:\/\/abz.ee\/en\/wp-json\/wp\/v2\/product\/14821\/revisions"}],"predecessor-version":[{"id":14831,"href":"https:\/\/abz.ee\/en\/wp-json\/wp\/v2\/product\/14821\/revisions\/14831"}],"wp:featuredmedia":[{"embeddable":true,"href":"https:\/\/abz.ee\/en\/wp-json\/wp\/v2\/media\/14822"}],"wp:attachment":[{"href":"https:\/\/abz.ee\/en\/wp-json\/wp\/v2\/media?parent=14821"}],"wp:term":[{"taxonomy":"product_brand","embeddable":true,"href":"https:\/\/abz.ee\/en\/wp-json\/wp\/v2\/product_brand?post=14821"},{"taxonomy":"product_cat","embeddable":true,"href":"https:\/\/abz.ee\/en\/wp-json\/wp\/v2\/product_cat?post=14821"},{"taxonomy":"product_tag","embeddable":true,"href":"https:\/\/abz.ee\/en\/wp-json\/wp\/v2\/product_tag?post=14821"}],"curies":[{"name":"wp","href":"https:\/\/api.w.org\/{rel}","templated":true}]}}