{"id":14520,"date":"2025-07-20T18:47:08","date_gmt":"2025-07-20T15:47:08","guid":{"rendered":"https:\/\/abz.ee\/?post_type=product&#038;p=14520"},"modified":"2026-03-23T10:01:36","modified_gmt":"2026-03-23T08:01:36","slug":"legoland-i","status":"publish","type":"product","link":"https:\/\/abz.ee\/en\/reis\/legoland-i\/","title":{"rendered":"Miljonite klotside m\u00e4ngumaa LEGOLAND 9.-14.06.2026 &#8211; V\u00c4LJA M\u00dc\u00dcDUD!"},"content":{"rendered":"<p><i><span style=\"font-weight: 400;\">Legoland on lastele unistus ja h\u00e4mmastav maailm t\u00e4iskasvanulegi. Atraktiivsust ja tegutsemislusti nii maas, vees kui \u00f5hus pakuvad piraatide maa, seikluste maa, indiaanlaste maa. Kellel k\u00f5ht t\u00fchjaks l\u00e4heb, siis s\u00fc\u00fca saab loomulikult legokujulisi friikartuleid. Lisaks Legolandile k\u00fclastame Legomaja ehk ainulaadset elamuskeskust, mis pakub k\u00fclastajatele v\u00f5imalust sukelduda LEGO klotside maailma. Hoone ise on arhitektuuriline meistriteos, mis meenutab 21 hiiglaslikku \u00fcksteise peale asetatud LEGO klotsi. Samuti ujume Skandinaavia suurimas siseruumides asuvas Aquadomi veepargis, mis pakub troopilist elamust aastaringselt. Reis on t\u00f5eliseks l\u00f5\u00f5gastuseks peale pingelist kooliaastat.<\/span><\/i><\/p>\n<p><b>1. p\u00e4ev, T 09.06.26<br \/>\n<\/b><span style=\"font-weight: 400;\">S\u00f5it Tallinna sadamasse. Tallinki laev viib meid Helsingisse.<br \/>\n<\/span><span style=\"font-weight: 400;\">K\u00fclastame <strong>Fazeri tehast<\/strong>, kus saame teada tehase ajaloost ja s\u00fc\u00fca nii palju komme kui ise tahame. Seej\u00e4rel j\u00e4tkub bussis\u00f5it Turusse.<br \/>\n<\/span><span style=\"font-weight: 400;\">\u00d5htul v\u00e4ljub laev Tallinki laev Turu-Stockholm. \u00d6\u00f6bimine laevas B4 kajutites.<br \/>\n<\/span><span style=\"font-weight: 400;\">\u00d5htus\u00f6\u00f6k lisatasu eest.<\/span><\/p>\n<p><b>2. p\u00e4ev, K 10.06.26<br \/>\n<\/b><span style=\"font-weight: 400;\"><strong>Hommikus\u00f6\u00f6k laevas.<\/strong> Varahommikul saabumine Stockholmi. <\/span><span style=\"font-weight: 400;\"><br \/>\n<\/span><span style=\"font-weight: 400;\">K\u00fclastame <\/span><b>Kolm\u00e5rdeni loomaaeda<\/b><span style=\"font-weight: 400;\">, kus gondlis s\u00f5ites on v\u00f5imalik n\u00e4ha 23 liiki loomi viiel erineval alal \u2013 Skandinaavia metsas, savannis, m\u00e4gedes, karude-huntide metsas ning l\u00f5vide orus. Loomapargis on loomad, kes ei pea istuma kitsastes puurides, vaid saavad tegutseda suurel maa-alal. <\/span><b>Wild Camp<\/b><span style=\"font-weight: 400;\">-is saab seigelda nii maa all kui maa peal. <\/span><b>Suslikute elualal<\/b><span style=\"font-weight: 400;\"> saab k\u00e4ikusid m\u00f6\u00f6da minna lausa nende keskele. Lisaks <\/span><b>Tiigrite Maailm <\/b><span style=\"font-weight: 400;\">ja <\/span><b>Meremaailm<\/b><span style=\"font-weight: 400;\"> \u2013 pingviinid, meril\u00f5vid ja h\u00fclged. Kolm\u00e5rdenis on kaksteist delfiini, keda v\u00f5ib n\u00e4ha <\/span><b>delfinaariumietendustel<\/b><span style=\"font-weight: 400;\">. Samuti saab teha juba esimesed s\u00f5idud karussellidel. <\/span><span style=\"font-weight: 400;\">Safaripargis oleme umbes 4 tundi.<br \/>\n<\/span><span style=\"font-weight: 400;\">J\u00e4tkame s\u00f5itu l\u00e4bi Rootsi. \u00dcletame Taanit ja Rootsi \u00fchendava <\/span><b>\u00d6resundi silla <\/b><span style=\"font-weight: 400;\">(7845 m).<br \/>\n<\/span><span style=\"font-weight: 400;\">\u00d6\u00f6bime Danhostel Ringstedis (70 km Kopenhaagenist).<\/span><\/p>\n<p><b>3. p\u00e4ev, N 11.06.26<br \/>\n<\/b><b>Hommikus\u00f6\u00f6k<\/b><span style=\"font-weight: 400;\">. S\u00f5it Billundisse.<br \/>\n<\/span><b>Veedame terve p\u00e4eva miljonite klotside m\u00e4ngumaal LEGOLANDIS<\/b><span style=\"font-weight: 400;\">. Legoland on k\u00fclastajatele avatud juba aastast 1968, igal aastal lisatakse uusi atraktsioone, nii et tegutsemist jagub!<br \/>\n<\/span><span style=\"font-weight: 400;\">Vaata ka Legolandi kodulehte <\/span><a href=\"https:\/\/www.legoland.dk\/en\/\"><span style=\"font-weight: 400;\">https:\/\/www.legoland.dk\/en\/<\/span><span style=\"font-weight: 400;\"><br \/>\n<\/span><\/a><span style=\"font-weight: 400;\">NB! Atraktsioonid avatud kuni 17.00.<br \/>\n<\/span><span style=\"font-weight: 400;\">\u00d6\u00f6bimine Danhostel Grindstedis (15 km Legolandist).<\/span><\/p>\n<p><b>4. p\u00e4ev, R 12.06.26<br \/>\n<\/b><b>Hommikus\u00f6\u00f6k.<br \/>\n<\/b><span style=\"font-weight: 400;\">P\u00f5gus tutvus Billundiga.<br \/>\n<\/span><span style=\"font-weight: 400;\">Hommikupoolikul k\u00fclastame <\/span><b>Legomaja <\/b><a href=\"https:\/\/legohouse.com\/en-gb\/\"><span style=\"font-weight: 400;\">https:\/\/legohouse.com\/en-gb\/<\/span><span style=\"font-weight: 400;\"><br \/>\n<\/span><\/a><span style=\"font-weight: 400;\">Legomaja on ainulaadne elamuskeskus, mis pakub k\u00fclastajatele v\u00f5imalust sukelduda LEGO klotside maailma. Majas on neli kogemustsooni, mis keskenduvad erinevate oskuste arendamisele, samuti saab tutvuda LEGO br\u00e4ndi ja ettev\u00f5tte ajalooga.<br \/>\n<\/span><span style=\"font-weight: 400;\">Pealel\u00f5unal l\u00f5\u00f5gastume<\/span><b> Lalandia keskuse Aquadomi veepargis<\/b><span style=\"font-weight: 400;\">, mis on kogu Skandinaavia suurim ja \u00e4gedaim. Kes ei soovi ujuda, v\u00f5ib samal ajal ringi vaadata Lalandia keskuses, vt <\/span><a href=\"https:\/\/www.lalandia.dk\/en\/billund\"><span style=\"font-weight: 400;\">https:\/\/www.lalandia.dk\/en\/billund<\/span><\/a><span style=\"font-weight: 400;\"> ja <\/span><a href=\"https:\/\/www.lalandia.dk\/en\/billund\/go-exploring\/the-aquadome\"><span style=\"font-weight: 400;\">https:\/\/www.lalandia.dk\/en\/billund\/go-exploring\/the-aquadome<\/span><\/a><span style=\"font-weight: 400;\"><br \/>\n<\/span>\u00d5htupoolikul alustame tagasis\u00f5itu.<\/p>\n<p><span style=\"font-weight: 400;\">\u00d6\u00f6bimine Kopenhaagenis.<\/span><\/p>\n<p><b>5. p\u00e4ev, L 13.06.26<br \/>\n<\/b><b>Hommikus\u00f6\u00f6k<\/b><span style=\"font-weight: 400;\">. Hommikupoolik <\/span><b>tutvumiseks Kopenhaageniga<\/b><span style=\"font-weight: 400;\">. K\u00e4ime vaatamas Kopenhaageni \u00fchte s\u00fcmbolit, <\/span><b>V\u00e4ikest Merineitsit<\/b><span style=\"font-weight: 400;\">. Vaba aeg vanalinnas. Ostukeskuse k\u00fclastus. <\/span><span style=\"font-weight: 400;\">L\u00f5una ajal alustame s\u00f5itu \u00fcle Malm\u00f6 silla Rootsi, Karlshamni, kust v\u00e4ljub DFDS laev Klaipedasse. \u00d5htus\u00f6\u00f6k laeval.<\/span><\/p>\n<p><b>6.p\u00e4ev, P 14.06.26<br \/>\n<\/b><b>Hommikus\u00f6\u00f6k laevas<\/b><span style=\"font-weight: 400;\">. Saabumine Klaipedasse kell 9.00. S\u00f5it l\u00e4bi Leedu ja L\u00e4ti koju. Peatume leedulaste <\/span><b>p\u00fchapaigas Ristim\u00e4el<\/b><span style=\"font-weight: 400;\">, kuhu iga\u00fcks saab j\u00e4tta ka oma risti.<br \/>\n<\/span><span style=\"font-weight: 400;\">Soovi korral pikem l\u00f5unapeatus Riias m\u00f5nes ostukeskuses. Koju j\u00f5uame \u00f5htuks.<\/span><\/p>\n<p><b>REISI HIND<\/b><span style=\"font-weight: 400;\">:<br \/>\n<\/span><span style=\"font-weight: 400;\">618.- eurot\/ 3-12a laps<br \/>\n<\/span><span style=\"font-weight: 400;\">650.- eurot (alates 12a)<\/span><\/p>\n<p><b>Hind sisaldab<\/b><span style=\"font-weight: 400;\">:<br \/>\n<\/span><span style=\"font-weight: 400;\">S\u00f5it mugava reisibussiga<br \/>\n<\/span><span style=\"font-weight: 400;\">Tallink laevapiletid Tallinn-Helsingi ja Turu-Stockholm (4-sed kajutid) koos hommikus\u00f6\u00f6giga<br \/>\n<\/span><span style=\"font-weight: 400;\">DFDS laevapiletid Karlshamn-Klaipeda (4-sed kajutid) koos hommiku- ja \u00f5htus\u00f6\u00f6kidega<br \/>\n<\/span><span style=\"font-weight: 400;\">\u00d6\u00f6bimine Ringstedis (4-6-sed toad) koos hommikus\u00f6\u00f6giga<br \/>\n\u00d6\u00f6bimine Grindstedis (4-6-sed toad) koos hommikus\u00f6\u00f6giga<br \/>\n\u00d6\u00f6bimine Kopenhaagenis (2-4-sed toad) koos hommikus\u00f6\u00f6giga<br \/>\n<\/span><span style=\"font-weight: 400;\">Legolandi p\u00e4evapilet 53.- eurot (grupipileti hind)<br \/>\n<\/span><span style=\"font-weight: 400;\">Kolm\u00e5rdeni loomaaia p\u00e4\u00e4se 24.- eurot (3-12a); 34.- eurot (alates 12)<br \/>\n<\/span><span style=\"font-weight: 400;\">Tee- ja sillamaksud<br \/>\n<\/span><span style=\"font-weight: 400;\">reisijuht-giidi teenused (Veronika Varep)<\/span><\/p>\n<p><b>Lisatasu eest<\/b><span style=\"font-weight: 400;\">:<br \/>\n<\/span><span style=\"font-weight: 400;\">Reisikindlustus<br \/>\n<\/span><span style=\"font-weight: 400;\">\u00d5htus\u00f6\u00f6k 9. juunil Turu-Stockholm laeval: t\u00e4iskasvanu 43.-eurot; 12-17a 19.50 eurot; 6-11a 15.50 eurot.<br \/>\n<\/span><span style=\"font-weight: 400;\">Legomaja p\u00e4\u00e4se alates <span data-sheets-root=\"1\">39.- eurot (alates 3a, alla 3a tasuta)<\/span><br \/>\n<\/span><span style=\"font-weight: 400;\">Lalandia Aquadomi p\u00e4\u00e4se <span data-sheets-root=\"1\">46.- eurot\u00a0<\/span><br \/>\n<\/span><span style=\"font-weight: 400;\">Lisatoitlustus<\/span><\/p>\n<p><b>Lisainfo:\u00a0 <\/b><span style=\"font-weight: 400;\">Reisile on vajalik kaasa v\u00f5tta v\u00e4hemalt reisi l\u00f5puni<\/span><b> kehtiv pass v\u00f5i ID kaart<\/b> <b>ja Euroopa ravikindlustuskaart!<\/b><span style=\"font-weight: 400;\"> Ravikindlustuskaart annab \u00f5iguse vajaminevale arstiabile Euroopa Liidus. Kaardi tellimise kohta loe: <\/span><a href=\"https:\/\/www.tervisekassa.ee\/kontaktpunkt\/arstiabi-euroopas\/euroopa-ravikindlustuskaart\"><span style=\"font-weight: 400;\">https:\/\/www.tervisekassa.ee\/kontaktpunkt\/arstiabi-euroopas\/euroopa-ravikindlustuskaart<\/span><\/a><span style=\"font-weight: 400;\"><br \/>\n<\/span><b>Tasumine.<\/b><span style=\"font-weight: 400;\"> Reisi eest on v\u00f5imalik tasuda mitmes osas, mille saab reisi tellides kokku leppida<br \/>\n<\/span><span style=\"font-weight: 400;\">J\u00e4tame endale \u00f5iguse teha muudatusi reisiprogrammis ja hinnas! <\/span><span style=\"font-weight: 400;\"><br \/>\n<\/span><span style=\"font-weight: 400;\">P\u00e4\u00e4smete hinnad on 2025a seisuga ja v\u00f5ivad v\u00e4hesel m\u00e4\u00e4ral muutuda.<\/span><\/p>\n<p>&nbsp;<\/p>\n","protected":false},"excerpt":{"rendered":"<p>Legoland on lastele unistus ja h\u00e4mmastav maailm t\u00e4iskasvanulegi. Atraktiivsust ja tegutsemislusti nii maas, vees kui \u00f5hus pakuvad piraatide maa, seikluste maa, indiaanlaste maa. Kellel k\u00f5ht t\u00fchjaks l\u00e4heb, siis s\u00fc\u00fca saab loomulikult legokujulisi friikartuleid. Lisaks Legolandile k\u00fclastame Legomaja ehk ainulaadset elamuskeskust, mis pakub k\u00fclastajatele v\u00f5imalust sukelduda LEGO klotside maailma. Hoone ise on arhitektuuriline meistriteos, mis meenutab [&hellip;]<\/p>\n","protected":false},"featured_media":14554,"template":"","meta":{"_acf_changed":false},"product_brand":[],"product_cat":[56],"product_tag":[],"class_list":{"0":"post-14520","1":"product","2":"type-product","3":"status-publish","4":"has-post-thumbnail","6":"product_cat-valisreisid","8":"first","9":"instock","10":"shipping-taxable","11":"purchasable","12":"product-type-ovabrw_car_rental"},"acf":[],"yoast_head":"<!-- This site is optimized with the Yoast SEO plugin v27.5 - https:\/\/yoast.com\/product\/yoast-seo-wordpress\/ -->\n<title>Miljonite klotside m\u00e4ngumaa LEGOLAND 9.-14.06.2026 - V\u00c4LJA M\u00dc\u00dcDUD! - ABZ Reisid<\/title>\n<meta name=\"robots\" content=\"index, follow, max-snippet:-1, max-image-preview:large, max-video-preview:-1\" \/>\n<link rel=\"canonical\" href=\"https:\/\/abz.ee\/en\/reis\/legoland-i\/\" \/>\n<meta property=\"og:locale\" content=\"en_US\" \/>\n<meta property=\"og:type\" content=\"article\" \/>\n<meta property=\"og:title\" content=\"Miljonite klotside m\u00e4ngumaa LEGOLAND 9.-14.06.2026 - V\u00c4LJA M\u00dc\u00dcDUD! - ABZ Reisid\" \/>\n<meta property=\"og:description\" content=\"Legoland on lastele unistus ja h\u00e4mmastav maailm t\u00e4iskasvanulegi. Atraktiivsust ja tegutsemislusti nii maas, vees kui \u00f5hus pakuvad piraatide maa, seikluste maa, indiaanlaste maa. Kellel k\u00f5ht t\u00fchjaks l\u00e4heb, siis s\u00fc\u00fca saab loomulikult legokujulisi friikartuleid. Lisaks Legolandile k\u00fclastame Legomaja ehk ainulaadset elamuskeskust, mis pakub k\u00fclastajatele v\u00f5imalust sukelduda LEGO klotside maailma. Hoone ise on arhitektuuriline meistriteos, mis meenutab [&hellip;]\" \/>\n<meta property=\"og:url\" content=\"https:\/\/abz.ee\/en\/reis\/legoland-i\/\" \/>\n<meta property=\"og:site_name\" content=\"ABZ Reisid\" \/>\n<meta property=\"article:modified_time\" content=\"2026-03-23T08:01:36+00:00\" \/>\n<meta property=\"og:image\" content=\"https:\/\/abz.ee\/wp-content\/uploads\/2025\/07\/Screenshot-2026-01-08-195707.png\" \/>\n\t<meta property=\"og:image:width\" content=\"1158\" \/>\n\t<meta property=\"og:image:height\" content=\"828\" \/>\n\t<meta property=\"og:image:type\" content=\"image\/png\" \/>\n<meta name=\"twitter:card\" content=\"summary_large_image\" \/>\n<meta name=\"twitter:label1\" content=\"Est. reading time\" \/>\n\t<meta name=\"twitter:data1\" content=\"4 minutes\" \/>\n<script type=\"application\/ld+json\" class=\"yoast-schema-graph\">{\"@context\":\"https:\\\/\\\/schema.org\",\"@graph\":[{\"@type\":\"WebPage\",\"@id\":\"https:\\\/\\\/abz.ee\\\/en\\\/reis\\\/legoland-i\\\/\",\"url\":\"https:\\\/\\\/abz.ee\\\/en\\\/reis\\\/legoland-i\\\/\",\"name\":\"Miljonite klotside m\u00e4ngumaa LEGOLAND 9.-14.06.2026 - V\u00c4LJA M\u00dc\u00dcDUD! - ABZ Reisid\",\"isPartOf\":{\"@id\":\"https:\\\/\\\/abz.ee\\\/en\\\/#website\"},\"primaryImageOfPage\":{\"@id\":\"https:\\\/\\\/abz.ee\\\/en\\\/reis\\\/legoland-i\\\/#primaryimage\"},\"image\":{\"@id\":\"https:\\\/\\\/abz.ee\\\/en\\\/reis\\\/legoland-i\\\/#primaryimage\"},\"thumbnailUrl\":\"https:\\\/\\\/abz.ee\\\/wp-content\\\/uploads\\\/2025\\\/07\\\/Screenshot-2026-01-08-195707.png\",\"datePublished\":\"2025-07-20T15:47:08+00:00\",\"dateModified\":\"2026-03-23T08:01:36+00:00\",\"breadcrumb\":{\"@id\":\"https:\\\/\\\/abz.ee\\\/en\\\/reis\\\/legoland-i\\\/#breadcrumb\"},\"inLanguage\":\"en-US\",\"potentialAction\":[{\"@type\":\"ReadAction\",\"target\":[\"https:\\\/\\\/abz.ee\\\/en\\\/reis\\\/legoland-i\\\/\"]}]},{\"@type\":\"ImageObject\",\"inLanguage\":\"en-US\",\"@id\":\"https:\\\/\\\/abz.ee\\\/en\\\/reis\\\/legoland-i\\\/#primaryimage\",\"url\":\"https:\\\/\\\/abz.ee\\\/wp-content\\\/uploads\\\/2025\\\/07\\\/Screenshot-2026-01-08-195707.png\",\"contentUrl\":\"https:\\\/\\\/abz.ee\\\/wp-content\\\/uploads\\\/2025\\\/07\\\/Screenshot-2026-01-08-195707.png\",\"width\":1158,\"height\":828},{\"@type\":\"BreadcrumbList\",\"@id\":\"https:\\\/\\\/abz.ee\\\/en\\\/reis\\\/legoland-i\\\/#breadcrumb\",\"itemListElement\":[{\"@type\":\"ListItem\",\"position\":1,\"name\":\"Home\",\"item\":\"https:\\\/\\\/abz.ee\\\/en\\\/\"},{\"@type\":\"ListItem\",\"position\":2,\"name\":\"Shop\",\"item\":\"https:\\\/\\\/abz.ee\\\/shop\\\/\"},{\"@type\":\"ListItem\",\"position\":3,\"name\":\"Miljonite klotside m\u00e4ngumaa LEGOLAND 9.-14.06.2026 &#8211; V\u00c4LJA M\u00dc\u00dcDUD!\"}]},{\"@type\":\"WebSite\",\"@id\":\"https:\\\/\\\/abz.ee\\\/en\\\/#website\",\"url\":\"https:\\\/\\\/abz.ee\\\/en\\\/\",\"name\":\"ABZ Reisid\",\"description\":\"Avastuste avar aabits\",\"publisher\":{\"@id\":\"https:\\\/\\\/abz.ee\\\/en\\\/#organization\"},\"potentialAction\":[{\"@type\":\"SearchAction\",\"target\":{\"@type\":\"EntryPoint\",\"urlTemplate\":\"https:\\\/\\\/abz.ee\\\/en\\\/?s={search_term_string}\"},\"query-input\":{\"@type\":\"PropertyValueSpecification\",\"valueRequired\":true,\"valueName\":\"search_term_string\"}}],\"inLanguage\":\"en-US\"},{\"@type\":\"Organization\",\"@id\":\"https:\\\/\\\/abz.ee\\\/en\\\/#organization\",\"name\":\"ABZ Reisid\",\"url\":\"https:\\\/\\\/abz.ee\\\/en\\\/\",\"logo\":{\"@type\":\"ImageObject\",\"inLanguage\":\"en-US\",\"@id\":\"https:\\\/\\\/abz.ee\\\/en\\\/#\\\/schema\\\/logo\\\/image\\\/\",\"url\":\"https:\\\/\\\/abz.ee\\\/wp-content\\\/uploads\\\/2024\\\/02\\\/cropped-favicon-1.png\",\"contentUrl\":\"https:\\\/\\\/abz.ee\\\/wp-content\\\/uploads\\\/2024\\\/02\\\/cropped-favicon-1.png\",\"width\":512,\"height\":512,\"caption\":\"ABZ Reisid\"},\"image\":{\"@id\":\"https:\\\/\\\/abz.ee\\\/en\\\/#\\\/schema\\\/logo\\\/image\\\/\"}}]}<\/script>\n<!-- \/ Yoast SEO plugin. -->","yoast_head_json":{"title":"Miljonite klotside m\u00e4ngumaa LEGOLAND 9.-14.06.2026 - V\u00c4LJA M\u00dc\u00dcDUD! - ABZ Reisid","robots":{"index":"index","follow":"follow","max-snippet":"max-snippet:-1","max-image-preview":"max-image-preview:large","max-video-preview":"max-video-preview:-1"},"canonical":"https:\/\/abz.ee\/en\/reis\/legoland-i\/","og_locale":"en_US","og_type":"article","og_title":"Miljonite klotside m\u00e4ngumaa LEGOLAND 9.-14.06.2026 - V\u00c4LJA M\u00dc\u00dcDUD! - ABZ Reisid","og_description":"Legoland on lastele unistus ja h\u00e4mmastav maailm t\u00e4iskasvanulegi. Atraktiivsust ja tegutsemislusti nii maas, vees kui \u00f5hus pakuvad piraatide maa, seikluste maa, indiaanlaste maa. Kellel k\u00f5ht t\u00fchjaks l\u00e4heb, siis s\u00fc\u00fca saab loomulikult legokujulisi friikartuleid. Lisaks Legolandile k\u00fclastame Legomaja ehk ainulaadset elamuskeskust, mis pakub k\u00fclastajatele v\u00f5imalust sukelduda LEGO klotside maailma. Hoone ise on arhitektuuriline meistriteos, mis meenutab [&hellip;]","og_url":"https:\/\/abz.ee\/en\/reis\/legoland-i\/","og_site_name":"ABZ Reisid","article_modified_time":"2026-03-23T08:01:36+00:00","og_image":[{"width":1158,"height":828,"url":"https:\/\/abz.ee\/wp-content\/uploads\/2025\/07\/Screenshot-2026-01-08-195707.png","type":"image\/png"}],"twitter_card":"summary_large_image","twitter_misc":{"Est. reading time":"4 minutes"},"schema":{"@context":"https:\/\/schema.org","@graph":[{"@type":"WebPage","@id":"https:\/\/abz.ee\/en\/reis\/legoland-i\/","url":"https:\/\/abz.ee\/en\/reis\/legoland-i\/","name":"Miljonite klotside m\u00e4ngumaa LEGOLAND 9.-14.06.2026 - V\u00c4LJA M\u00dc\u00dcDUD! - ABZ Reisid","isPartOf":{"@id":"https:\/\/abz.ee\/en\/#website"},"primaryImageOfPage":{"@id":"https:\/\/abz.ee\/en\/reis\/legoland-i\/#primaryimage"},"image":{"@id":"https:\/\/abz.ee\/en\/reis\/legoland-i\/#primaryimage"},"thumbnailUrl":"https:\/\/abz.ee\/wp-content\/uploads\/2025\/07\/Screenshot-2026-01-08-195707.png","datePublished":"2025-07-20T15:47:08+00:00","dateModified":"2026-03-23T08:01:36+00:00","breadcrumb":{"@id":"https:\/\/abz.ee\/en\/reis\/legoland-i\/#breadcrumb"},"inLanguage":"en-US","potentialAction":[{"@type":"ReadAction","target":["https:\/\/abz.ee\/en\/reis\/legoland-i\/"]}]},{"@type":"ImageObject","inLanguage":"en-US","@id":"https:\/\/abz.ee\/en\/reis\/legoland-i\/#primaryimage","url":"https:\/\/abz.ee\/wp-content\/uploads\/2025\/07\/Screenshot-2026-01-08-195707.png","contentUrl":"https:\/\/abz.ee\/wp-content\/uploads\/2025\/07\/Screenshot-2026-01-08-195707.png","width":1158,"height":828},{"@type":"BreadcrumbList","@id":"https:\/\/abz.ee\/en\/reis\/legoland-i\/#breadcrumb","itemListElement":[{"@type":"ListItem","position":1,"name":"Home","item":"https:\/\/abz.ee\/en\/"},{"@type":"ListItem","position":2,"name":"Shop","item":"https:\/\/abz.ee\/shop\/"},{"@type":"ListItem","position":3,"name":"Miljonite klotside m\u00e4ngumaa LEGOLAND 9.-14.06.2026 &#8211; V\u00c4LJA M\u00dc\u00dcDUD!"}]},{"@type":"WebSite","@id":"https:\/\/abz.ee\/en\/#website","url":"https:\/\/abz.ee\/en\/","name":"ABZ Reisid","description":"Avastuste avar aabits","publisher":{"@id":"https:\/\/abz.ee\/en\/#organization"},"potentialAction":[{"@type":"SearchAction","target":{"@type":"EntryPoint","urlTemplate":"https:\/\/abz.ee\/en\/?s={search_term_string}"},"query-input":{"@type":"PropertyValueSpecification","valueRequired":true,"valueName":"search_term_string"}}],"inLanguage":"en-US"},{"@type":"Organization","@id":"https:\/\/abz.ee\/en\/#organization","name":"ABZ Reisid","url":"https:\/\/abz.ee\/en\/","logo":{"@type":"ImageObject","inLanguage":"en-US","@id":"https:\/\/abz.ee\/en\/#\/schema\/logo\/image\/","url":"https:\/\/abz.ee\/wp-content\/uploads\/2024\/02\/cropped-favicon-1.png","contentUrl":"https:\/\/abz.ee\/wp-content\/uploads\/2024\/02\/cropped-favicon-1.png","width":512,"height":512,"caption":"ABZ Reisid"},"image":{"@id":"https:\/\/abz.ee\/en\/#\/schema\/logo\/image\/"}}]}},"_links":{"self":[{"href":"https:\/\/abz.ee\/en\/wp-json\/wp\/v2\/product\/14520","targetHints":{"allow":["GET"]}}],"collection":[{"href":"https:\/\/abz.ee\/en\/wp-json\/wp\/v2\/product"}],"about":[{"href":"https:\/\/abz.ee\/en\/wp-json\/wp\/v2\/types\/product"}],"version-history":[{"count":14,"href":"https:\/\/abz.ee\/en\/wp-json\/wp\/v2\/product\/14520\/revisions"}],"predecessor-version":[{"id":14815,"href":"https:\/\/abz.ee\/en\/wp-json\/wp\/v2\/product\/14520\/revisions\/14815"}],"wp:featuredmedia":[{"embeddable":true,"href":"https:\/\/abz.ee\/en\/wp-json\/wp\/v2\/media\/14554"}],"wp:attachment":[{"href":"https:\/\/abz.ee\/en\/wp-json\/wp\/v2\/media?parent=14520"}],"wp:term":[{"taxonomy":"product_brand","embeddable":true,"href":"https:\/\/abz.ee\/en\/wp-json\/wp\/v2\/product_brand?post=14520"},{"taxonomy":"product_cat","embeddable":true,"href":"https:\/\/abz.ee\/en\/wp-json\/wp\/v2\/product_cat?post=14520"},{"taxonomy":"product_tag","embeddable":true,"href":"https:\/\/abz.ee\/en\/wp-json\/wp\/v2\/product_tag?post=14520"}],"curies":[{"name":"wp","href":"https:\/\/api.w.org\/{rel}","templated":true}]}}