{"id":14457,"date":"2025-09-18T12:30:00","date_gmt":"2025-09-18T09:30:00","guid":{"rendered":"https:\/\/abz.ee\/?post_type=product&#038;p=14457"},"modified":"2026-03-27T11:20:25","modified_gmt":"2026-03-27T09:20:25","slug":"gotland2026","status":"publish","type":"product","link":"https:\/\/abz.ee\/en\/reis\/gotland2026\/","title":{"rendered":"L\u00e4\u00e4nemere p\u00e4rl GOTLAND 26.06.-01.07.2026 &#8211; V\u00c4LJA M\u00dc\u00dcDUD!"},"content":{"rendered":"<p><span style=\"font-weight: 400;\">Gotlandi saar on enim tuntud oma <\/span><b>suurte kaljurahnude ehk raukarite poolest<\/b><span style=\"font-weight: 400;\">, mis kelmikalt merest v\u00e4lja turritavad. Pealinn Visby on aga kunagine <\/span><b>silmapaistev hansalinn<\/b><span style=\"font-weight: 400;\">, mis on kantud ka <\/span><b>UNESCO maailmap\u00e4randi nimistusse<\/b><span style=\"font-weight: 400;\">. Mitmeid Visby romantilisi munakivi t\u00e4navaid \u00e4\u00e4ristavad t\u00e4nauhked roosid. Keskajal oli Gotlandil umbes 100 kirikut, millest suur osa on kasutusel ka t\u00e4nap\u00e4eval. Kuulus on ka <\/span><b>Gotlandi k\u00e4iakivi<\/b><span style=\"font-weight: 400;\"> ja saarel elutsevad <\/span><b>lambad<\/b><span style=\"font-weight: 400;\">.<\/span><\/p>\n<p><b>1.p\u00e4ev, R 26. juuni<br \/>\n<\/b><span style=\"font-weight: 400;\">S\u00f5it Tallinn-Helsingi. Helsingisse j\u00f5udes teeme jalutusk\u00e4igu Haaga rodopargis, kus rododendronid \u00f5itsevad veel peale jaanip\u00e4evagi, vt <\/span><a href=\"https:\/\/vihreatsylit.fi\/en\/alppiruusupuisto\/\"><span style=\"font-weight: 400;\">https:\/\/vihreatsylit.fi\/en\/alppiruusupuisto\/<\/span><\/a> <span style=\"font-weight: 400;\"><br \/>\n<\/span><b>S\u00f5it Turusse<\/b><span style=\"font-weight: 400;\">. K\u00fclastame suurt Turu katedraali ja jalutame Aurajoki promenaadil. Endises Soome pealinnas asub ka v\u00f5luv <\/span><b>Luostarinm\u00e4ki k\u00e4sit\u00f6\u00f6linnak<\/b><span style=\"font-weight: 400;\">, kus saab aimu 19. sajandi puulinna elust.<\/span><span style=\"font-weight: 400;\"><br \/>\n<\/span><span style=\"font-weight: 400;\">\u00d5htul v\u00e4ljub laev <\/span><b>Turu-Stockholm.<br \/>\n<\/b><span style=\"font-weight: 400;\">\u00d6\u00f6bimine B4 kajutites, \u00f5htus\u00f6\u00f6k laevas (lisatasu eest).<\/span><span style=\"font-weight: 400;\"><br \/>\n<\/span><span style=\"font-weight: 400;\">P\u00e4evane marsruut kaardil: <\/span><a href=\"https:\/\/maps.app.goo.gl\/p7CJ97itvedSLjQ27\"><span style=\"font-weight: 400;\">https:\/\/maps.app.goo.gl\/p7CJ97itvedSLjQ27<\/span><\/a><span style=\"font-weight: 400;\">\u00a0<\/span><\/p>\n<p><b>2.p\u00e4ev, L 27. juuni<br \/>\n<\/b><span style=\"font-weight: 400;\">Varajane saabumine Stockholmi. <\/span><b>Hommikus\u00f6\u00f6k rootsi lauas<\/b><span style=\"font-weight: 400;\">.<br \/>\n<\/span><span style=\"font-weight: 400;\">Seej\u00e4rel s\u00f5it Nyn\u00e4shamni sadamasse. L\u00f5una paiku viib j\u00e4rgmine laev meid Nyn\u00e4shamnist Gotlandi pealinna <\/span><b>Visbysse<\/b><span style=\"font-weight: 400;\">. Laeval v\u00f5imalik s\u00fc\u00fca l\u00f5unas\u00f6\u00f6ki (lisatasu eest).<br \/>\n<\/span><b>Jalutusk\u00e4ik Visbys. <\/b><span style=\"font-weight: 400;\">Tegemist on k\u00f5ige paremini s\u00e4ilinud keskaegse linnaga Skandinaavias, mille 12.-15. sajandini ehitatud<\/span><b> linnam\u00fc\u00fcr<\/b><span style=\"font-weight: 400;\"> on s\u00e4ilinud t\u00e4naseni. Jalutusk\u00e4ik Visbys: <\/span><b>Almadaleni park<\/b><span style=\"font-weight: 400;\">, linnam\u00fc\u00fcr, <\/span><b>Visby Toomkirik<\/b><span style=\"font-weight: 400;\">, <\/span><b>Suur turuplats<\/b><span style=\"font-weight: 400;\">, <\/span><b>Visby botaanikaaed<\/b><span style=\"font-weight: 400;\"> jm. <\/span><b>Glassmagasineti j\u00e4\u00e4tisekohvikus<\/b><span style=\"font-weight: 400;\"> v\u00f5ib ilusa suvep\u00e4eval valida j\u00e4\u00e4tise ligi 300 erineva maitse hulgast. Vaba aeg \u00f5htus\u00f6\u00f6giks ja\/v\u00f5i v\u00f5imalus k\u00e4ia poes.<br \/>\n<\/span><br \/>\n\u00d6\u00f6bimine Visby l\u00e4histel (18 km) Tofta k\u00e4mpingus kuhu j\u00e4\u00e4me kolmeks \u00f6\u00f6ks, <a href=\"https:\/\/www.toftagarden.se\/\">https:\/\/www.toftagarden.se\/<\/a><br \/>\nMajutume k\u00f5igi mugavustega kahekohalistesse majakestesse. Tofta rand on saare \u00fcks tuntumaid liivarandasid, samuti on k\u00e4mpingus v\u00e4ike basseiniala.<br \/>\n<span style=\"font-weight: 400;\">P\u00e4evane marsruut kaardil: <\/span><a href=\"https:\/\/maps.app.goo.gl\/WQpaL5eWzbTaSDFy7\"><span style=\"font-weight: 400;\">https:\/\/maps.app.goo.gl\/WQpaL5eWzbTaSDFy7<\/span><\/a><span style=\"font-weight: 400;\">\u00a0<\/span><\/p>\n<p><b>3.p\u00e4ev, P 28. juuni<br \/>\n<\/b><span style=\"font-weight: 400;\">Hommikus\u00f6\u00f6k. P\u00e4ev Gotlandi l\u00f5unaosas.<br \/>\n<\/span><b>Roma<\/b><span style=\"font-weight: 400;\"> oli kunagi Gotlandi \u00fcks olulisemaid kohti, kus kogunes saare k\u00f5rgeim otsustav organ \u2013 Alltinget. 12. sajandil rajati Romasse tsistertslaste klooster, mille kiriku varemeid on praegugi n\u00e4ha.<br \/>\n<\/span><span style=\"font-weight: 400;\">P\u00f5ikame vaatama <\/span><b>Gotlands Spinner ketrustehas<\/b><span style=\"font-weight: 400;\">t, kus saab n\u00e4ha vana-aegseid ketrusmasinaid, kuulda ketrustehase tegemistest ning osta ehtsat lambavilla.<\/span><span style=\"font-weight: 400;\"><br \/>\n<\/span><span style=\"font-weight: 400;\">Gotland on lisaks viikingitele ka kuulus oma kirikute <\/span><b>keskaegsete kirikute<\/b><span style=\"font-weight: 400;\"> poolest. K\u00e4ime \u00e4ra <\/span><b>\u00d6ja kirikus<\/b><span style=\"font-weight: 400;\">, kus on uhke keskaegse krutsifiksi ja kaunis ning natuke nukker \u00d6ja Madonna.<\/span><span style=\"font-weight: 400;\"><br \/>\n<\/span><span style=\"font-weight: 400;\">S\u00f5idame p\u00e4ris Gotlandi l\u00f5unatippu, kus elab <\/span><b>Hoburgeni vanake<\/b><span style=\"font-weight: 400;\">. Just sellist nime kannab kalju, mis meenutab vanamehe profiili ning mis on Gotlandi kuulsaim raukar.<br \/>\n<\/span><b>Soovi korral degustatsioon ja ekskursioon Gotlandi \u00f5lletehasesse <\/b><span style=\"font-weight: 400;\">(lisatasu eest).<\/span><b><br \/>\n<\/b><span style=\"font-weight: 400;\">P\u00e4evane marsruut kaardil: <\/span><a href=\"https:\/\/maps.app.goo.gl\/wyKuJURtiTT3QJim6\"><span style=\"font-weight: 400;\">https:\/\/maps.app.goo.gl\/wyKuJURtiTT3QJim6<\/span><\/a><span style=\"font-weight: 400;\">\u00a0<\/span><\/p>\n<p><b>4. p\u00e4ev, E 29. juuni<br \/>\n<\/b><span style=\"font-weight: 400;\">Hommikus\u00f6\u00f6k. Veedame p\u00e4eva Gotlandi saare p\u00f5hjaosas.<br \/>\n<\/span>Alustame p\u00e4eva jalutusk\u00e4iguga <b>Krusmynta \u00fcrdiaias<\/b>, et nautida l\u00f5hnu, maitseid ja merd. \u00dcrdiaia juurde kuulub ka kohvik ja kauplus, vt <a href=\"https:\/\/krusmynta.se\/\">https:\/\/krusmynta.se\/<\/a><br \/>\n<span style=\"font-weight: 400;\">Seej\u00e4rel l\u00e4heme maa alla <\/span><b>Lummelunda koobastesse<\/b><span style=\"font-weight: 400;\">. Koopad koos maagiliste moodustistega on inimestele avatud alates 1959. aastast, vt <\/span><a href=\"https:\/\/lummelundagrottan.se\/\"><span style=\"font-weight: 400;\">https:\/\/lummelundagrottan.se\/<\/span><\/a><span style=\"font-weight: 400;\">\u00a0 Peale maa-alust seiklust s\u00f6\u00f6me samas l\u00f5unas\u00f6\u00f6ki.<br \/>\n<\/span><span style=\"font-weight: 400;\">S\u00f5idame <\/span><b>Tingstadesse<\/b><span style=\"font-weight: 400;\">, kus on ilus j\u00e4rv ja vanad lossivaremed. K\u00e4ime <\/span><b>Tingstade kirikus<\/b><span style=\"font-weight: 400;\">. K\u00fclastame <\/span><b>Bl\u00e4se lubjap\u00f5letusmuuseumi<\/b><span style=\"font-weight: 400;\">, kus s\u00f5idame kivit\u00f6\u00f6stuse kunagise rongiga muuseumi juurest vanade karj\u00e4\u00e4ride juurde, mis n\u00e4evad t\u00e4na v\u00e4lja nagu suured helesinised j\u00e4rved, vt <\/span><a href=\"https:\/\/blase.se\/\"><span style=\"font-weight: 400;\">https:\/\/blase.se\/<\/span><\/a><span style=\"font-weight: 400;\"><br \/>\n<\/span><span style=\"font-weight: 400;\">L\u00f5\u00f5gastume vanasse karj\u00e4\u00e4ri tekkinud <\/span><b>Sinise Lagooni juures<\/b><span style=\"font-weight: 400;\">. NB! V\u00f5imalus ujuda.<br \/>\n<\/span><span style=\"font-weight: 400;\">Tagasiteel Visbysse s\u00f5idame l\u00e4bi maailisest <\/span><b>Lickershamni kalurik\u00fclas<\/b><span style=\"font-weight: 400;\">t, kus asub <\/span><b>Gotlandi k\u00f5ige suurem raukar<\/b><span style=\"font-weight: 400;\">, mida kutsutakse Jungfruniks.<br \/>\n<\/span><span style=\"font-weight: 400;\">P\u00e4evane marsruut kaardil: <\/span><a href=\"https:\/\/maps.app.goo.gl\/L1nr5QV5HDJuKQ4J6\"><span style=\"font-weight: 400;\">https:\/\/maps.app.goo.gl\/L1nr5QV5HDJuKQ4J6<\/span><\/a><span style=\"font-weight: 400;\">\u00a0<\/span><\/p>\n<p><b>5. p\u00e4ev, T 30. juuni<br \/>\n<\/b><span style=\"font-weight: 400;\">Varajane hommikus\u00f6\u00f6k.<br \/>\n<\/span><span style=\"font-weight: 400;\">S\u00f5it Visby-Nyn\u00e4shamn tagasi mandrile. S\u00f5it Stockholmi.<br \/>\n<\/span><b>Jalutusk\u00e4ik Stockholmi vanalinnas<\/b><span style=\"font-weight: 400;\">. N\u00e4eme uhket kuningalossi ja Stockholmi k\u00f5ige pisemat kuju ja k\u00f5ige kitsamat t\u00e4navat. Vaba aeg.<br \/>\n<\/span><span style=\"font-weight: 400;\">Seej\u00e4rel s\u00f5idame <\/span><b>Djurg\u00e5rdeni saarele<\/b><span style=\"font-weight: 400;\">, kus asuvad mitmed ajaloolised hooned ja m\u00e4lestusm\u00e4rgid, muuseumid, l\u00f5bustuspark Gr\u00f6na Lund, v\u00e4ike elamurajoon, jahisadamad jm.<br \/>\n<\/span><span style=\"font-weight: 400;\">K\u00fclastame <\/span><b>ABBA muuseumi<\/b><span style=\"font-weight: 400;\">, mis viib k\u00fclastaja ajas tagasi legendaarse Rootsi popansambli maailma. Siin saab n\u00e4ha originaalkost\u00fc\u00fcme, kuldplaate ja lavarekvisiite, kuulata ABBA lugusid stuudiokvaliteedis ning isegi ise lavale astuda ja virtuaalselt koos ansambliga laulda<br \/>\n<\/span>Kell 17:30 v\u00e4ljub laev Stockholm-Tallinn. <b>\u00d5htus\u00f6\u00f6k laevas.<br \/>\n<\/b><span style=\"font-weight: 400;\">\u00d6\u00f6bimine B4 kajutites.<\/span><span style=\"font-weight: 400;\"><br \/>\n<\/span><span style=\"font-weight: 400;\">P\u00e4evane marsruut kaardil: <\/span><a href=\"https:\/\/maps.app.goo.gl\/ZvW4YwvyuPWypRkU8\"><span style=\"font-weight: 400;\">https:\/\/maps.app.goo.gl\/ZvW4YwvyuPWypRkU8<\/span><\/a><span style=\"font-weight: 400;\">\u00a0<\/span><\/p>\n<p><b>6. p\u00e4ev, K 1. juuli<br \/>\n<\/b><span style=\"font-weight: 400;\">Hommikus\u00f6\u00f6k laevas (lisatasu eest) <\/span><span style=\"font-weight: 400;\"><br \/>\n<\/span><span style=\"font-weight: 400;\">Saabumine Tallinna. <\/span><span style=\"font-weight: 400;\">S\u00f5it koju.<\/span><\/p>\n<p><b>HIND: 865 eurot\u00a0<\/b><\/p>\n<p><b>HIND SISALDAB:<br \/>\n<\/b><span style=\"font-weight: 400;\">S\u00f5it mugava reisibussiga (48-kohta)<br \/>\n<\/span><span style=\"font-weight: 400;\">Laevapiletid Tallinn-Helsingi<br \/>\n<\/span><span style=\"font-weight: 400;\">Laevapiletid Turu-Stockholm (B4 kajutid)<br \/>\n<\/span><span style=\"font-weight: 400;\">Laevapiletid Turu-Stockholm-Tallinn (B4 kajutid)<br \/>\n<\/span><span style=\"font-weight: 400;\">Hommikus\u00f6\u00f6k 27.06 Turu-Stockholmi laeval Stockholmi saabumisel<br \/>\n<\/span><span style=\"font-weight: 400;\">\u00d5htus\u00f6\u00f6k 30.06 Stockholm-Tallinn laeval Stockholmist v\u00e4ljumisel<br \/>\n<\/span><span style=\"font-weight: 400;\">Laevapiletid Nyn\u00e4shamn-Visby-Nyn\u00e4shamn<br \/>\n<\/span><span style=\"font-weight: 400;\">3 \u00f6\u00f6bimist Gotlandil koos hommikus\u00f6\u00f6kidega<br \/>\n<\/span><span style=\"font-weight: 400;\">P\u00e4\u00e4s Lummelunda koobastesse<br \/>\n<\/span><span style=\"font-weight: 400;\">Bl\u00e4se lubjap\u00f5letusmuuseumi k\u00fclastus<br \/>\n<\/span><span style=\"font-weight: 400;\">ABBA muuseumi p\u00e4\u00e4se<br \/>\n<\/span><span style=\"font-weight: 400;\">reisijuht-giidi teenused (Veronika Varep)<\/span><\/p>\n<p><b>LISATASU EEST<\/b><span style=\"font-weight: 400;\">:<br \/>\n\u00f5htus\u00f6\u00f6k Turu-Stockholm laeval 26.06<br \/>\nhommikus\u00f6\u00f6k Stockholm-Tallinn laeval 01.07<br \/>\ndegustatsioon ja ekskursioon Gotlandi \u00f5lletehasesse<br \/>\nreisit\u00f5rkekindlustus.<\/span><\/p>\n<p><b>Lisainfo:\u00a0 <\/b><span style=\"font-weight: 400;\">Reisile on vajalik kaasa v\u00f5tta v\u00e4hemalt reisi l\u00f5puni<\/span><b> kehtiv pass v\u00f5i ID kaart<\/b> <b>ja Euroopa ravikindlustuskaart!<\/b><span style=\"font-weight: 400;\"> Ravikindlustuskaart annab \u00f5iguse vajaminevale arstiabile Euroopa Liidus. Kaardi tellimise kohta loe: <\/span><a href=\"https:\/\/www.tervisekassa.ee\/kontaktpunkt\/arstiabi-euroopas\/euroopa-ravikindlustuskaart\"><span style=\"font-weight: 400;\">https:\/\/www.tervisekassa.ee\/kontaktpunkt\/arstiabi-euroopas\/euroopa-ravikindlustuskaart<\/span><\/a><span style=\"font-weight: 400;\">\u00a0<\/span><\/p>\n<p><b>Tasumine.<\/b><span style=\"font-weight: 400;\"> Reisi eest on v\u00f5imalik tasuda mitmes osas, mille saab reisi tellides kokku leppida. Broneerimistasu 200.- eurot.<\/span><\/p>\n<p><b>Hetkel ei ole veel ka teada Gotlandi laevade graafikud! <\/b><b><br \/>\n<\/b><b>See t\u00e4hendab, et ka reisiprogrammis v\u00f5ib tulla muudatusi.\u00a0<\/b><\/p>\n<p>O\u00dc ABZ Reisid<br \/>\nSeminari 5<br \/>\nV\u00f5ru 65608<br \/>\nTel. +372 78 28 498<br \/>\ne-mail: <a href=\"mailto:info@abz.ee\">info@abz.ee\u00a0<\/a><\/p>\n","protected":false},"excerpt":{"rendered":"<p>Gotlandi saar on enim tuntud oma suurte kaljurahnude ehk raukarite poolest, mis kelmikalt merest v\u00e4lja turritavad. Pealinn Visby on aga kunagine silmapaistev hansalinn, mis on kantud ka UNESCO maailmap\u00e4randi nimistusse. Mitmeid Visby romantilisi munakivi t\u00e4navaid \u00e4\u00e4ristavad t\u00e4nauhked roosid. Keskajal oli Gotlandil umbes 100 kirikut, millest suur osa on kasutusel ka t\u00e4nap\u00e4eval. Kuulus on ka Gotlandi [&hellip;]<\/p>\n","protected":false},"featured_media":14485,"template":"","meta":{"_acf_changed":false},"product_brand":[],"product_cat":[56],"product_tag":[],"class_list":{"0":"post-14457","1":"product","2":"type-product","3":"status-publish","4":"has-post-thumbnail","6":"product_cat-valisreisid","8":"first","9":"instock","10":"shipping-taxable","11":"purchasable","12":"product-type-ovabrw_car_rental"},"acf":[],"yoast_head":"<!-- This site is optimized with the Yoast SEO plugin v27.5 - https:\/\/yoast.com\/product\/yoast-seo-wordpress\/ -->\n<title>L\u00e4\u00e4nemere p\u00e4rl GOTLAND 26.06.-01.07.2026 - V\u00c4LJA M\u00dc\u00dcDUD! - ABZ Reisid<\/title>\n<meta name=\"robots\" content=\"index, follow, max-snippet:-1, max-image-preview:large, max-video-preview:-1\" \/>\n<link rel=\"canonical\" href=\"https:\/\/abz.ee\/en\/reis\/gotland2026\/\" \/>\n<meta property=\"og:locale\" content=\"en_US\" \/>\n<meta property=\"og:type\" content=\"article\" \/>\n<meta property=\"og:title\" content=\"L\u00e4\u00e4nemere p\u00e4rl GOTLAND 26.06.-01.07.2026 - V\u00c4LJA M\u00dc\u00dcDUD! - ABZ Reisid\" \/>\n<meta property=\"og:description\" content=\"Gotlandi saar on enim tuntud oma suurte kaljurahnude ehk raukarite poolest, mis kelmikalt merest v\u00e4lja turritavad. Pealinn Visby on aga kunagine silmapaistev hansalinn, mis on kantud ka UNESCO maailmap\u00e4randi nimistusse. Mitmeid Visby romantilisi munakivi t\u00e4navaid \u00e4\u00e4ristavad t\u00e4nauhked roosid. Keskajal oli Gotlandil umbes 100 kirikut, millest suur osa on kasutusel ka t\u00e4nap\u00e4eval. Kuulus on ka Gotlandi [&hellip;]\" \/>\n<meta property=\"og:url\" content=\"https:\/\/abz.ee\/en\/reis\/gotland2026\/\" \/>\n<meta property=\"og:site_name\" content=\"ABZ Reisid\" \/>\n<meta property=\"article:modified_time\" content=\"2026-03-27T09:20:25+00:00\" \/>\n<meta property=\"og:image\" content=\"https:\/\/abz.ee\/wp-content\/uploads\/2025\/09\/Screenshot-2025-12-17-125236-1024x684.png\" \/>\n\t<meta property=\"og:image:width\" content=\"1024\" \/>\n\t<meta property=\"og:image:height\" content=\"684\" \/>\n\t<meta property=\"og:image:type\" content=\"image\/png\" \/>\n<meta name=\"twitter:card\" content=\"summary_large_image\" \/>\n<meta name=\"twitter:label1\" content=\"Est. reading time\" \/>\n\t<meta name=\"twitter:data1\" content=\"5 minutes\" \/>\n<script type=\"application\/ld+json\" class=\"yoast-schema-graph\">{\"@context\":\"https:\\\/\\\/schema.org\",\"@graph\":[{\"@type\":\"WebPage\",\"@id\":\"https:\\\/\\\/abz.ee\\\/en\\\/reis\\\/gotland2026\\\/\",\"url\":\"https:\\\/\\\/abz.ee\\\/en\\\/reis\\\/gotland2026\\\/\",\"name\":\"L\u00e4\u00e4nemere p\u00e4rl GOTLAND 26.06.-01.07.2026 - V\u00c4LJA M\u00dc\u00dcDUD! - ABZ Reisid\",\"isPartOf\":{\"@id\":\"https:\\\/\\\/abz.ee\\\/en\\\/#website\"},\"primaryImageOfPage\":{\"@id\":\"https:\\\/\\\/abz.ee\\\/en\\\/reis\\\/gotland2026\\\/#primaryimage\"},\"image\":{\"@id\":\"https:\\\/\\\/abz.ee\\\/en\\\/reis\\\/gotland2026\\\/#primaryimage\"},\"thumbnailUrl\":\"https:\\\/\\\/abz.ee\\\/wp-content\\\/uploads\\\/2025\\\/09\\\/Screenshot-2025-12-17-125236.png\",\"datePublished\":\"2025-09-18T09:30:00+00:00\",\"dateModified\":\"2026-03-27T09:20:25+00:00\",\"breadcrumb\":{\"@id\":\"https:\\\/\\\/abz.ee\\\/en\\\/reis\\\/gotland2026\\\/#breadcrumb\"},\"inLanguage\":\"en-US\",\"potentialAction\":[{\"@type\":\"ReadAction\",\"target\":[\"https:\\\/\\\/abz.ee\\\/en\\\/reis\\\/gotland2026\\\/\"]}]},{\"@type\":\"ImageObject\",\"inLanguage\":\"en-US\",\"@id\":\"https:\\\/\\\/abz.ee\\\/en\\\/reis\\\/gotland2026\\\/#primaryimage\",\"url\":\"https:\\\/\\\/abz.ee\\\/wp-content\\\/uploads\\\/2025\\\/09\\\/Screenshot-2025-12-17-125236.png\",\"contentUrl\":\"https:\\\/\\\/abz.ee\\\/wp-content\\\/uploads\\\/2025\\\/09\\\/Screenshot-2025-12-17-125236.png\",\"width\":1791,\"height\":1197,\"caption\":\"https:\\\/\\\/tourismattractions.net\\\/sweden\\\/explore-visby-old-town\"},{\"@type\":\"BreadcrumbList\",\"@id\":\"https:\\\/\\\/abz.ee\\\/en\\\/reis\\\/gotland2026\\\/#breadcrumb\",\"itemListElement\":[{\"@type\":\"ListItem\",\"position\":1,\"name\":\"Home\",\"item\":\"https:\\\/\\\/abz.ee\\\/en\\\/\"},{\"@type\":\"ListItem\",\"position\":2,\"name\":\"Shop\",\"item\":\"https:\\\/\\\/abz.ee\\\/shop\\\/\"},{\"@type\":\"ListItem\",\"position\":3,\"name\":\"L\u00e4\u00e4nemere p\u00e4rl GOTLAND 26.06.-01.07.2026 &#8211; V\u00c4LJA M\u00dc\u00dcDUD!\"}]},{\"@type\":\"WebSite\",\"@id\":\"https:\\\/\\\/abz.ee\\\/en\\\/#website\",\"url\":\"https:\\\/\\\/abz.ee\\\/en\\\/\",\"name\":\"ABZ Reisid\",\"description\":\"Avastuste avar aabits\",\"publisher\":{\"@id\":\"https:\\\/\\\/abz.ee\\\/en\\\/#organization\"},\"potentialAction\":[{\"@type\":\"SearchAction\",\"target\":{\"@type\":\"EntryPoint\",\"urlTemplate\":\"https:\\\/\\\/abz.ee\\\/en\\\/?s={search_term_string}\"},\"query-input\":{\"@type\":\"PropertyValueSpecification\",\"valueRequired\":true,\"valueName\":\"search_term_string\"}}],\"inLanguage\":\"en-US\"},{\"@type\":\"Organization\",\"@id\":\"https:\\\/\\\/abz.ee\\\/en\\\/#organization\",\"name\":\"ABZ Reisid\",\"url\":\"https:\\\/\\\/abz.ee\\\/en\\\/\",\"logo\":{\"@type\":\"ImageObject\",\"inLanguage\":\"en-US\",\"@id\":\"https:\\\/\\\/abz.ee\\\/en\\\/#\\\/schema\\\/logo\\\/image\\\/\",\"url\":\"https:\\\/\\\/abz.ee\\\/wp-content\\\/uploads\\\/2024\\\/02\\\/cropped-favicon-1.png\",\"contentUrl\":\"https:\\\/\\\/abz.ee\\\/wp-content\\\/uploads\\\/2024\\\/02\\\/cropped-favicon-1.png\",\"width\":512,\"height\":512,\"caption\":\"ABZ Reisid\"},\"image\":{\"@id\":\"https:\\\/\\\/abz.ee\\\/en\\\/#\\\/schema\\\/logo\\\/image\\\/\"}}]}<\/script>\n<!-- \/ Yoast SEO plugin. -->","yoast_head_json":{"title":"L\u00e4\u00e4nemere p\u00e4rl GOTLAND 26.06.-01.07.2026 - V\u00c4LJA M\u00dc\u00dcDUD! - ABZ Reisid","robots":{"index":"index","follow":"follow","max-snippet":"max-snippet:-1","max-image-preview":"max-image-preview:large","max-video-preview":"max-video-preview:-1"},"canonical":"https:\/\/abz.ee\/en\/reis\/gotland2026\/","og_locale":"en_US","og_type":"article","og_title":"L\u00e4\u00e4nemere p\u00e4rl GOTLAND 26.06.-01.07.2026 - V\u00c4LJA M\u00dc\u00dcDUD! - ABZ Reisid","og_description":"Gotlandi saar on enim tuntud oma suurte kaljurahnude ehk raukarite poolest, mis kelmikalt merest v\u00e4lja turritavad. Pealinn Visby on aga kunagine silmapaistev hansalinn, mis on kantud ka UNESCO maailmap\u00e4randi nimistusse. Mitmeid Visby romantilisi munakivi t\u00e4navaid \u00e4\u00e4ristavad t\u00e4nauhked roosid. Keskajal oli Gotlandil umbes 100 kirikut, millest suur osa on kasutusel ka t\u00e4nap\u00e4eval. Kuulus on ka Gotlandi [&hellip;]","og_url":"https:\/\/abz.ee\/en\/reis\/gotland2026\/","og_site_name":"ABZ Reisid","article_modified_time":"2026-03-27T09:20:25+00:00","og_image":[{"width":1024,"height":684,"url":"https:\/\/abz.ee\/wp-content\/uploads\/2025\/09\/Screenshot-2025-12-17-125236-1024x684.png","type":"image\/png"}],"twitter_card":"summary_large_image","twitter_misc":{"Est. reading time":"5 minutes"},"schema":{"@context":"https:\/\/schema.org","@graph":[{"@type":"WebPage","@id":"https:\/\/abz.ee\/en\/reis\/gotland2026\/","url":"https:\/\/abz.ee\/en\/reis\/gotland2026\/","name":"L\u00e4\u00e4nemere p\u00e4rl GOTLAND 26.06.-01.07.2026 - V\u00c4LJA M\u00dc\u00dcDUD! - ABZ Reisid","isPartOf":{"@id":"https:\/\/abz.ee\/en\/#website"},"primaryImageOfPage":{"@id":"https:\/\/abz.ee\/en\/reis\/gotland2026\/#primaryimage"},"image":{"@id":"https:\/\/abz.ee\/en\/reis\/gotland2026\/#primaryimage"},"thumbnailUrl":"https:\/\/abz.ee\/wp-content\/uploads\/2025\/09\/Screenshot-2025-12-17-125236.png","datePublished":"2025-09-18T09:30:00+00:00","dateModified":"2026-03-27T09:20:25+00:00","breadcrumb":{"@id":"https:\/\/abz.ee\/en\/reis\/gotland2026\/#breadcrumb"},"inLanguage":"en-US","potentialAction":[{"@type":"ReadAction","target":["https:\/\/abz.ee\/en\/reis\/gotland2026\/"]}]},{"@type":"ImageObject","inLanguage":"en-US","@id":"https:\/\/abz.ee\/en\/reis\/gotland2026\/#primaryimage","url":"https:\/\/abz.ee\/wp-content\/uploads\/2025\/09\/Screenshot-2025-12-17-125236.png","contentUrl":"https:\/\/abz.ee\/wp-content\/uploads\/2025\/09\/Screenshot-2025-12-17-125236.png","width":1791,"height":1197,"caption":"https:\/\/tourismattractions.net\/sweden\/explore-visby-old-town"},{"@type":"BreadcrumbList","@id":"https:\/\/abz.ee\/en\/reis\/gotland2026\/#breadcrumb","itemListElement":[{"@type":"ListItem","position":1,"name":"Home","item":"https:\/\/abz.ee\/en\/"},{"@type":"ListItem","position":2,"name":"Shop","item":"https:\/\/abz.ee\/shop\/"},{"@type":"ListItem","position":3,"name":"L\u00e4\u00e4nemere p\u00e4rl GOTLAND 26.06.-01.07.2026 &#8211; V\u00c4LJA M\u00dc\u00dcDUD!"}]},{"@type":"WebSite","@id":"https:\/\/abz.ee\/en\/#website","url":"https:\/\/abz.ee\/en\/","name":"ABZ Reisid","description":"Avastuste avar aabits","publisher":{"@id":"https:\/\/abz.ee\/en\/#organization"},"potentialAction":[{"@type":"SearchAction","target":{"@type":"EntryPoint","urlTemplate":"https:\/\/abz.ee\/en\/?s={search_term_string}"},"query-input":{"@type":"PropertyValueSpecification","valueRequired":true,"valueName":"search_term_string"}}],"inLanguage":"en-US"},{"@type":"Organization","@id":"https:\/\/abz.ee\/en\/#organization","name":"ABZ Reisid","url":"https:\/\/abz.ee\/en\/","logo":{"@type":"ImageObject","inLanguage":"en-US","@id":"https:\/\/abz.ee\/en\/#\/schema\/logo\/image\/","url":"https:\/\/abz.ee\/wp-content\/uploads\/2024\/02\/cropped-favicon-1.png","contentUrl":"https:\/\/abz.ee\/wp-content\/uploads\/2024\/02\/cropped-favicon-1.png","width":512,"height":512,"caption":"ABZ Reisid"},"image":{"@id":"https:\/\/abz.ee\/en\/#\/schema\/logo\/image\/"}}]}},"_links":{"self":[{"href":"https:\/\/abz.ee\/en\/wp-json\/wp\/v2\/product\/14457","targetHints":{"allow":["GET"]}}],"collection":[{"href":"https:\/\/abz.ee\/en\/wp-json\/wp\/v2\/product"}],"about":[{"href":"https:\/\/abz.ee\/en\/wp-json\/wp\/v2\/types\/product"}],"version-history":[{"count":17,"href":"https:\/\/abz.ee\/en\/wp-json\/wp\/v2\/product\/14457\/revisions"}],"predecessor-version":[{"id":14819,"href":"https:\/\/abz.ee\/en\/wp-json\/wp\/v2\/product\/14457\/revisions\/14819"}],"wp:featuredmedia":[{"embeddable":true,"href":"https:\/\/abz.ee\/en\/wp-json\/wp\/v2\/media\/14485"}],"wp:attachment":[{"href":"https:\/\/abz.ee\/en\/wp-json\/wp\/v2\/media?parent=14457"}],"wp:term":[{"taxonomy":"product_brand","embeddable":true,"href":"https:\/\/abz.ee\/en\/wp-json\/wp\/v2\/product_brand?post=14457"},{"taxonomy":"product_cat","embeddable":true,"href":"https:\/\/abz.ee\/en\/wp-json\/wp\/v2\/product_cat?post=14457"},{"taxonomy":"product_tag","embeddable":true,"href":"https:\/\/abz.ee\/en\/wp-json\/wp\/v2\/product_tag?post=14457"}],"curies":[{"name":"wp","href":"https:\/\/api.w.org\/{rel}","templated":true}]}}