{"id":14212,"date":"2025-04-18T13:15:13","date_gmt":"2025-04-18T10:15:13","guid":{"rendered":"https:\/\/abz.ee\/?post_type=product&#038;p=14212"},"modified":"2026-04-23T15:17:19","modified_gmt":"2026-04-23T12:17:19","slug":"koikide-noidade-pidu-glastonburys-29-04-06-06-2026","status":"publish","type":"product","link":"https:\/\/abz.ee\/en\/reis\/koikide-noidade-pidu-glastonburys-29-04-06-06-2026\/","title":{"rendered":"N\u00f5idade pidu GLASTONBURYS 28.04-05.05.2026 &#8211; 1 VABA KOHT"},"content":{"rendered":"<p>1.mai festival ehk <strong>Beltane<\/strong> t\u00e4histab suve algust ja see on neljast keldi festivalist k\u00f5ige olulisem. Beltane t\u00e4histab looduse \u00e4rkamist ja uue elu algust, kus talv on l\u00e4bi ja elu voolab taas loodusesse.<\/p>\n<p>Eriti suurejooneliselt t\u00e4histatakse Beltanet maagilises Inglismaa linnakeses Glastonburys. Sel ajal hakkab linnake kihama \u0161amaanidest, wiccalastest ning teistest maagidest ja n\u00f5idadest. Meil on hea v\u00f5imalus sellest k\u00f5igest osa saada Eesti \u00fche tervendaja <strong>Heli Ayera Salf<\/strong> juhendamisel, kes on j\u00f5udnud ka Eesti selgeltn\u00e4giate tuleproovi finaali.<\/p>\n<p><span style=\"color: #0000ff;\"><strong>1.p\u00e4ev, T 28.aprill<\/strong><\/span><\/p>\n<p>Koguneme Tallinna lennujaamas Lennart Meri bareljeefi juures kl 15.00.<\/p>\n<p>Lend AirBaltikuga Tallinn-Gatwick (3 h) 17.00-18.00 (kohaliku aja j\u00e4rgi). Saabumisel Gatwicki lennujaama viib buss meid <strong>Wellsi<\/strong> (s\u00f5iduaeg 2,5 \u2013 3 h, selle sees 40 min s\u00f6\u00f6gipaus).<\/p>\n<p>Majutamine kahte l\u00e4hestikku asuvasse hotelli (2-sed toad): <a href=\"https:\/\/www.whitehartwells.com\/\">The White Hart<\/a> ja <a href=\"https:\/\/www.ancientgatehouse.com\/\">Ancient Gate House<\/a><\/p>\n<p><strong><span style=\"color: #0000ff;\">2.p\u00e4ev, K 29.aprill<\/span><\/strong><\/p>\n<p>P\u00e4ev <b>Wellsis. <\/b>K\u00fclastame <b>Wellsi<\/b><b> katedraali. <\/b><a href=\"https:\/\/www.wellscathedral.org.uk\/\">https:\/\/www.wellscathedral.org.uk\/<\/a> See on esimene gooti stiilis ehitatud katedraal Inglismaal ning selle uhkuseks on suured vitraa\u017eaknad ja vanuselt teine siiani s\u00e4ilinud kell Inglismaal. Jalutame katedraali aias ja <b>r\u00fc\u00fctlite t\u00e4naval<\/b>, mis on vanim keskaegne t\u00e4nav Euroopas. Soovi korral astume sisse <b>piiskopi lossi<\/b>, mida \u00fcmbritsevad h\u00e4sti hooldatud aiad ja mille \u00fcmber asuvas vallikraavis toimetavad \u201cdresseeritud\u201d luiged \u2013 kui nad s\u00fc\u00fca tahavad siis tilistavad kellukest ;). <a href=\"https:\/\/bishopspalace.org.uk\/\">https:\/\/bishopspalace.org.uk\/<\/a><\/p>\n<p>Kolmap\u00e4ev (ka laup\u00e4ev) on Wellsis ka turu p\u00e4ev. P\u00e4rast v\u00e4ikest linnaekskursiooni on vaba aeg uudistada <b>kohalikul turul<\/b> ja omas r\u00fctmis nautida Inglismaa v\u00e4ikseima linna v\u00f5lusid, kus igal kivil on r\u00e4\u00e4kida oma lugu.<\/p>\n<p>Kellel soovi, v\u00f5ib s\u00f5ita ka Glastonburysse.<\/p>\n<p><strong><span style=\"color: #0000ff;\">3.p\u00e4ev, N 30.aprill<\/span><\/strong><\/p>\n<p>S\u00f5idame liinibussiga Glastonburysse (s\u00f5iduaeg umbes 15 min).<\/p>\n<p>K\u00fclastame <b>Glastonbury Abbey. <\/b>Keskaegset kloostrit seostatakse eelk\u00f5ige kuningas Arthuri matmispaigaga ning selle varemed on veel praegugi paljude palver\u00e4ndurite sihtpunktiks. <a href=\"https:\/\/glastonburyinformationcentre.co.uk\/top-attractions\/glastonbury-abbey\/\">https:\/\/glastonburyinformationcentre.co.uk\/top-attractions\/glastonbury-abbey\/<\/a><\/p>\n<p>Kiikame sisse ka 13 sajandist p\u00e4rit <b>Magdalene kabelisse.<\/b><\/p>\n<p>K\u00fclastame<b> <\/b>p\u00fcha <b>vaikuse aeda<\/b>, mille s\u00fcdameks on Inglismaa vanim p\u00fcha kaev <b>Chalice Well.<\/b> Nagu nimigi \u00fctleb, on see kaunis aed koht, kus olla iseendaga, nautida linnulaulu, vee vulinat ja lopskat loodust. Kohe aia k\u00f5rval on kaks allikat: <b>Red Spring<\/b> ja <b>White Spring<\/b>. <a href=\"https:\/\/www.whitespring.org.uk\/\">https:\/\/www.whitespring.org.uk\/<\/a><\/p>\n<p>Kuigi need allikad asuvad peaaegu k\u00f5rvuti, on nende omadused erinevad. \u00dcks sisaldab rohkem rauda, teine aga kaltsiumisoolasid. Punase allika vesi on k\u00e4ttesaadaval erinevatest kraanidest. Valge allikas on kujundatud aga p\u00fchapaigaks. See asub koopas, kus vesi voolab l\u00e4bi kanalite ja basseinide ning kus on altarid erinevatele jumalannadele ja jumalatele.<\/p>\n<p>Piilume sisse <b>Avaloni templisse, <\/b>kus austatakse loodust ning korraldatakse \u00fcritusi tasakaalu leidmiseks.<\/p>\n<p>Ronime <b>Tori m\u00e4ele<\/b>, millega on seotud hulgaliselt m\u00fc\u00fctilisi lugusid ja kust avaneb suurep\u00e4rane vaade \u00fcmbruskonnale. <a href=\"https:\/\/avalonmarshes.org\/landscape\/glastonbury-tor\/\">https:\/\/avalonmarshes.org\/landscape\/glastonbury-tor\/<\/a><\/p>\n<p>\u00d5htupoole on vaba aeg <b>Glastonburyga<\/b> iseseisvaks tutvumiseks. Beltane ajal kihab linnake erinevatest maagidest ja n\u00f5idadest, avatud on m\u00fcstilised poed ja restoranid ning toimuvad erinevad kontserdid. \u201c\u0160amaani diskol\u201d on v\u00f5imalus ennast kasv\u00f5i korraks vabastada igasugustest pingetest.<\/p>\n<p>Tagasi Wellsi saab iga\u00fcks s\u00f5ita siis kui tuju tuleb. Bussid Wellsi ja Glastonbury vahel s\u00f5idavad iga poole tunni j\u00e4rel ning seal kehtib p\u00e4evapilet (5 naela). Hoia pilet alles!<\/p>\n<p><span style=\"color: #0000ff;\"><strong>4.p\u00e4ev, R 1.mai<\/strong><\/span><\/p>\n<p>See on p\u00e4ev, kus iga\u00fcks saab <b>Glastonburys<\/b> omal k\u00e4el kogeda <b>Beltane pidustusi, <\/b>mis algavad varahommikul ja kestavad \u00f5htuni v\u00e4lja.<\/p>\n<p>Keldi maagid ja n\u00f5iad t\u00e4histavad Beltanet suurejooneliselt juba sadu aastaid. P\u00e4ev algab p\u00e4ikeset\u00f5usu tervitusega Tor\u2019i m\u00e4el. Keskp\u00e4eval kogunetakse turuplatsile (Market Cross), kus lauldakse ja tantsitakse ning p\u00f5ristatakse trummi. Linnapea peab k\u00f5net ning toimuvad erinevad etteasted. Tuhanded peolised tulevad paljudest Euroopa riikidest kokku, et koos pidutseda, t\u00e4histada valguse tulekut, Maaema \u00f5ide puhkemist ja suve algust. Seal v\u00f5ib kohata erinevaid n\u00f5idasid ja maage, naisi lillep\u00e4rgades ja roheliseks v\u00f5\u00f5batud mehi (Green men).<\/p>\n<p>Kui k\u00f5ik etteasted tehtud, tuuakse meeste \u00f5lgadel peat\u00e4navale maipost ehk k\u00fclluse sammas. \u00dchises rongk\u00e4igus trummmide ja h\u00f5isete saatel liigutakse riituste platsile, kus pidustused j\u00e4tkuvad.<\/p>\n<p>Kes tahab, v\u00f5ib ka ise osaleda rongk\u00e4igus kas kost\u00fcmeeritult v\u00f5i niisama.<\/p>\n<p><span style=\"color: #0000ff;\"><strong>5.p\u00e4ev, L 2.mai<\/strong><\/span><\/p>\n<p>S\u00f5idame (umbes 1,5 h) <b>Bostcastle<\/b>\u00b4sse \u2013 see on v\u00e4ike armas kalurik\u00fclake k\u00e4sit\u00f6\u00f6poodide ja kohvikutega. Seal asub ka Euroopa \u00fcks kuulsamaid <b>n\u00f5idade muuseume,<\/b> kus on eksponeeritud k\u00f5ikv\u00f5imalikud n\u00f5ia t\u00f6\u00f6ks vajalikud vahendid, alustades salvi pottidest ja l\u00f5petades voodoo nukkudega.\u00a0<a href=\"https:\/\/museumofwitchcraftandmagic.co.uk\/\">https:\/\/museumofwitchcraftandmagic.co.uk\/<\/a><\/p>\n<p>Edasi v\u00f5tame suuna Tintagelisse. Teel teeme l\u00fchikese peatuse ja piilume eemalt l\u00e4bi <b>\u201c<\/b><b>Naiste aken<\/b><b>a\u201d<\/b> ookeanit. <b>Tintagelis<\/b> jalutame <b>kuningas<\/b><b> Arturi kindluse varemetel. <\/b><a href=\"https:\/\/www.english-heritage.org.uk\/visit\/places\/tintagel-castle\/\">https:\/\/www.english-heritage.org.uk\/visit\/places\/tintagel-castle\/<\/a><\/p>\n<p>Kui on v\u00f5imalik sisse saada ka v\u00f5lur Merlini koopasse, siis kindlasti k\u00e4ime seal \u00e4ra. Soovijatel on v\u00f5imalus jalad Atlandi ookeanisse pista.<\/p>\n<p>Umbes kell 17.00 alustame tagasis\u00f5itu Wellsi.<\/p>\n<p><span style=\"color: #0000ff;\"><strong>6.p\u00e4ev, P 3.mai<\/strong><\/span><\/p>\n<p>V\u00e4ljas\u00f5it Aveburysse. Tee l\u00e4heb l\u00e4bi v\u00e4ikeste inglise k\u00fclakeste, ikka \u00fcles ja alla, maalilised vaated m\u00f5lemal pool. <b>Avebury<\/b> on vana inglise k\u00fcla, kust l\u00e4heb l\u00e4bi vanem <b>kiviring<\/b> kui Stone Henge. Jalutame kivide vahel ja tunnetame nendest tulevat energiat. M\u00f5ned kivid seisavad justkui gravitatsiooni eirates. K\u00e4ime ka <b>soovide puu<\/b> juures ja Maa<b> Ley liinide ristumiskoh<\/b><b>as<\/b>. <a href=\"https:\/\/et.sacredsites.com\/Euroopa\/Inglismaa\/avebury.html\">https:\/\/et.sacredsites.com\/Euroopa\/Inglismaa\/avebury.html<\/a><\/p>\n<p>Seej\u00e4rel on vaba aega omap\u00e4i ringi jalutamiseks. Avebury k\u00fclake on vaatamist v\u00e4\u00e4rt \u2013 vanad 13.-16.sajandist p\u00e4rit rookatustega hooned, kirik ja k\u00f5rts ning arvukad poekesed.<\/p>\n<p>Soovijatel on v\u00f5imalik sisse astuda <b>Avebury m\u00f5is<\/b><b>asse<\/b>. 16.sajandist p\u00e4rineva m\u00f5isa ruumid on disainitud vastavalt erinevatele sajanditele, kus pidi isegi toonane l\u00f5hn s\u00e4ilinud olema. <a href=\"https:\/\/www.nationaltrust.org.uk\/visit\/wiltshire\/avebury\/things-to-do-in-avebury-manor\">https:\/\/www.nationaltrust.org.uk\/visit\/wiltshire\/avebury\/things-to-do-in-avebury-manor<\/a><\/p>\n<p>Tagasi Wellsi j\u00f5uame umbes kell 18.00.<\/p>\n<p><span style=\"color: #0000ff;\"><strong>7.p\u00e4ev, E 4.mai<\/strong><\/span><\/p>\n<p><b>P\u00e4ev iseendale!<\/b><\/p>\n<p>Vaba p\u00e4ev nautimiseks kohalikku melu kas Wellsis v\u00f5i Glastonburys. V\u00f5imalus k\u00e4ia Tor\u2019i m\u00e4el v\u00f5i allikatel.<\/p>\n<p><span style=\"color: #0000ff;\"><strong>8.p\u00e4ev, T 5. mai<\/strong><\/span><\/p>\n<p>Kuni l\u00f5unani on vaba aeg teha viimased sisseostud ja k\u00e4ia oma lemmikpaigad veel kord l\u00e4bi.<\/p>\n<p>Umbes kell 12.00 alustame s\u00f5itu lennujaama. AirBalticu lend Gatwick-Tallinn kell 18.50 &#8211; 23.35 (kohaliku aja j\u00e4rgi).<\/p>\n<p>&nbsp;<\/p>\n<p><span style=\"color: #0000ff;\"><strong>Hind: 1575 eurot \/ inimene<\/strong><\/span><\/p>\n<p>&nbsp;<\/p>\n<p>Hinna sees:<\/p>\n<ul>\n<li>Lennupiletid Tallinn-Gatwick-Tallinn koos \u00e4raantava pagasiga (23 kg)<\/li>\n<li>\u00d6\u00f6bimised koos hommikus\u00f6\u00f6kidega (2-sed toad)<\/li>\n<li>Rendibussi kasutus ja sellega seonduv (parkimis- ja teemaksud)<\/li>\n<li>Reisikavas m\u00e4rgitud k\u00fclastused (v\u00e4lja arvatud Avebury m\u00f5is ja piiskopi loss Wellsis)<\/li>\n<li>Giid-reisijuhi teenus<\/li>\n<\/ul>\n<p>&nbsp;<\/p>\n<p>Hinnale lisandub:<\/p>\n<ul>\n<li>Piiskopi loss ja aed Wellsis \u2013 14 naela<\/li>\n<li>Avebury m\u00f5is ja aed \u2013 12 naela<\/li>\n<li>Lisatoitlustus<\/li>\n<\/ul>\n<p>Soovitame s\u00f5lmida ka<strong>\u00a0meditsiiniabikindlustuse<\/strong>\u00a0<strong>koos\u00a0reisit\u00f5rkekindlustusega<\/strong>. Meditsiiniabikindlustus katab kindlustusjuhtumi korral ka visiiditasud, voodip\u00e4evatasud ja riikidevahelise transpordi, mida Euroopa ravikindlustuskaart ei kata.<br \/>\nReisit\u00f5rkekindlustus katab tehtud reisipaketi kulud juhul, kui j\u00e4\u00e4te reisi eel haigeks ja ei saa reisile minna (vajalik on sel juhul esitada kindlustusfirmale arstit\u00f5end). Reisit\u00f5rkekindlustus maksab kulud ka juhul, kui l\u00e4hedane inimene peaks j\u00e4\u00e4ma haigeks v\u00f5i surema. Tutvu konkreetse kindlustuspakkuja tingimustega! Reisit\u00f5rkekindlustuse soovitame s\u00f5lmida esimese ettemaksu tegemise j\u00e4rel, kuid mitte hiljem kui n\u00e4dal aega enne reisi.<\/p>\n<p><strong>Vaatamisv\u00e4\u00e4rsuste hinnad v\u00f5ivad v\u00e4hesel m\u00e4\u00e4ral muutuda!<\/strong><br \/>\n<strong>ABZ Reisid j\u00e4tab endale \u00f5iguse teha muudatusi reisikavas.\u00a0\u00a0\u00a0<\/strong><\/p>\n<p><span style=\"color: #ff0000;\"><strong><span lang=\"et-EE\">Reisile on vajalik kaasa <\/span><span lang=\"et-EE\">v\u00f5tta <\/span><\/strong><span lang=\"et-EE\"><strong>pass (ID kaariga riiki sisse ei saa), mis peab kehtima v\u00e4hemalt 6 k<\/strong><\/span><strong><span lang=\"et-EE\">uud<\/span><\/strong><\/span><span lang=\"et-EE\"><strong><span style=\"color: #ff0000;\"> peale reisi l\u00f5ppu ja Euroopa ravikindlustuskaart!<\/span>\u00a0<\/strong>Ravikindlustuskaart annab \u00f5iguse vajaminevale arstiabile Euroopa Liidus. Kaardi tellimise kohta loe:\u00a0<\/span><span style=\"color: #467886;\"><u><a href=\"https:\/\/www.tervisekassa.ee\/kontaktpunkt\/arstiabi-euroopas\/euroopa-ravikindlustuskaart\"><span lang=\"et-EE\">https:\/\/www.tervisekassa.ee\/kontaktpunkt\/arstiabi-euroopas\/euroopa-ravikindlustuskaart<\/span><\/a><\/u><\/span><span lang=\"et-EE\">\u00a0<\/span><\/p>\n<p><span style=\"color: #ff0000;\"><strong>V\u00e4hemalt kaks n\u00e4dalat enne reisi tuleb vormistada elektrooniline reisiluba,<\/strong><\/span> mis kehtib kaks aastat ja maksab umbes 20 eurot. Viisa saad taotleda <a href=\"https:\/\/reisitargalt.vm.ee\/sihtkoht\/suurbritannia\/\">https:\/\/reisitargalt.vm.ee\/sihtkoht\/suurbritannia\/<\/a><\/p>\n<p><strong><span lang=\"en-US\">Vajalik on kaasa v\u00f5tta ka adapter, mille abil saad Inglismaal oma seadmeid laadida!<\/span><\/strong><\/p>\n<p><span lang=\"en-US\"> Palun<\/span><span lang=\"et-EE\"> tutvuda O\u00dc ABZ Reisid reisitingimustega\u00a0<\/span><span style=\"color: #467886;\"><u><a href=\"http:\/\/www.abz.ee\/\"><span lang=\"et-EE\">www.abz.ee<\/span><\/a><\/u><\/span><span lang=\"et-EE\">\u00a0\u00a0<\/span><\/p>\n<p><strong>Tasumine:<\/strong>\u00a0Ettemaks 100 eurot palume tasuda ABZ Reiside kontole EE121010220003996017 SEB pangas 5 p\u00e4eva jooksul peale reisile registreerumist. Kogu reisiraha peab olema tasutud 31 p\u00e4eva enne reisi.<\/p>\n<p><strong>Reisile registreerumise ja reisiraha tasumisega kinnitate, et olete tutvunud O\u00dc ABZ Reisid reisitingimustega.<\/strong><\/p>\n<p>&nbsp;<\/p>\n<p>O\u00dc ABZ Reisid<br \/>\nSeminari 5<br \/>\nV\u00f5ru 65608<\/p>\n<p>Tel. +372 78 28 498<br \/>\ninfo@abz.ee<br \/>\nwww.abz.ee<\/p>\n","protected":false},"excerpt":{"rendered":"<p>1.mai festival ehk Beltane t\u00e4histab suve algust ja see on neljast keldi festivalist k\u00f5ige olulisem. Beltane t\u00e4histab looduse \u00e4rkamist ja uue elu algust, kus talv on l\u00e4bi ja elu voolab taas loodusesse. Eriti suurejooneliselt t\u00e4histatakse Beltanet maagilises Inglismaa linnakeses Glastonburys. Sel ajal hakkab linnake kihama \u0161amaanidest, wiccalastest ning teistest maagidest ja n\u00f5idadest. Meil on hea [&hellip;]<\/p>\n","protected":false},"featured_media":14265,"template":"","meta":{"_acf_changed":false},"product_brand":[],"product_cat":[56],"product_tag":[],"class_list":{"0":"post-14212","1":"product","2":"type-product","3":"status-publish","4":"has-post-thumbnail","6":"product_cat-valisreisid","8":"first","9":"instock","10":"shipping-taxable","11":"purchasable","12":"product-type-ovabrw_car_rental"},"acf":[],"yoast_head":"<!-- This site is optimized with the Yoast SEO plugin v27.5 - https:\/\/yoast.com\/product\/yoast-seo-wordpress\/ -->\n<title>N\u00f5idade pidu GLASTONBURYS 28.04-05.05.2026 - 1 VABA KOHT - ABZ Reisid<\/title>\n<meta name=\"robots\" content=\"index, follow, max-snippet:-1, max-image-preview:large, max-video-preview:-1\" \/>\n<link rel=\"canonical\" href=\"https:\/\/abz.ee\/en\/reis\/koikide-noidade-pidu-glastonburys-29-04-06-06-2026\/\" \/>\n<meta property=\"og:locale\" content=\"en_US\" \/>\n<meta property=\"og:type\" content=\"article\" \/>\n<meta property=\"og:title\" content=\"N\u00f5idade pidu GLASTONBURYS 28.04-05.05.2026 - 1 VABA KOHT - ABZ Reisid\" \/>\n<meta property=\"og:description\" content=\"1.mai festival ehk Beltane t\u00e4histab suve algust ja see on neljast keldi festivalist k\u00f5ige olulisem. Beltane t\u00e4histab looduse \u00e4rkamist ja uue elu algust, kus talv on l\u00e4bi ja elu voolab taas loodusesse. Eriti suurejooneliselt t\u00e4histatakse Beltanet maagilises Inglismaa linnakeses Glastonburys. Sel ajal hakkab linnake kihama \u0161amaanidest, wiccalastest ning teistest maagidest ja n\u00f5idadest. Meil on hea [&hellip;]\" \/>\n<meta property=\"og:url\" content=\"https:\/\/abz.ee\/en\/reis\/koikide-noidade-pidu-glastonburys-29-04-06-06-2026\/\" \/>\n<meta property=\"og:site_name\" content=\"ABZ Reisid\" \/>\n<meta property=\"article:modified_time\" content=\"2026-04-23T12:17:19+00:00\" \/>\n<meta property=\"og:image\" content=\"https:\/\/abz.ee\/wp-content\/uploads\/2025\/04\/glasto-scaled.jpg\" \/>\n\t<meta property=\"og:image:width\" content=\"2399\" \/>\n\t<meta property=\"og:image:height\" content=\"2560\" \/>\n\t<meta property=\"og:image:type\" content=\"image\/jpeg\" \/>\n<meta name=\"twitter:card\" content=\"summary_large_image\" \/>\n<meta name=\"twitter:label1\" content=\"Est. reading time\" \/>\n\t<meta name=\"twitter:data1\" content=\"7 minutes\" \/>\n<script type=\"application\/ld+json\" class=\"yoast-schema-graph\">{\"@context\":\"https:\\\/\\\/schema.org\",\"@graph\":[{\"@type\":\"WebPage\",\"@id\":\"https:\\\/\\\/abz.ee\\\/en\\\/reis\\\/koikide-noidade-pidu-glastonburys-29-04-06-06-2026\\\/\",\"url\":\"https:\\\/\\\/abz.ee\\\/en\\\/reis\\\/koikide-noidade-pidu-glastonburys-29-04-06-06-2026\\\/\",\"name\":\"N\u00f5idade pidu GLASTONBURYS 28.04-05.05.2026 - 1 VABA KOHT - ABZ Reisid\",\"isPartOf\":{\"@id\":\"https:\\\/\\\/abz.ee\\\/en\\\/#website\"},\"primaryImageOfPage\":{\"@id\":\"https:\\\/\\\/abz.ee\\\/en\\\/reis\\\/koikide-noidade-pidu-glastonburys-29-04-06-06-2026\\\/#primaryimage\"},\"image\":{\"@id\":\"https:\\\/\\\/abz.ee\\\/en\\\/reis\\\/koikide-noidade-pidu-glastonburys-29-04-06-06-2026\\\/#primaryimage\"},\"thumbnailUrl\":\"https:\\\/\\\/abz.ee\\\/wp-content\\\/uploads\\\/2025\\\/04\\\/glasto-scaled.jpg\",\"datePublished\":\"2025-04-18T10:15:13+00:00\",\"dateModified\":\"2026-04-23T12:17:19+00:00\",\"breadcrumb\":{\"@id\":\"https:\\\/\\\/abz.ee\\\/en\\\/reis\\\/koikide-noidade-pidu-glastonburys-29-04-06-06-2026\\\/#breadcrumb\"},\"inLanguage\":\"en-US\",\"potentialAction\":[{\"@type\":\"ReadAction\",\"target\":[\"https:\\\/\\\/abz.ee\\\/en\\\/reis\\\/koikide-noidade-pidu-glastonburys-29-04-06-06-2026\\\/\"]}]},{\"@type\":\"ImageObject\",\"inLanguage\":\"en-US\",\"@id\":\"https:\\\/\\\/abz.ee\\\/en\\\/reis\\\/koikide-noidade-pidu-glastonburys-29-04-06-06-2026\\\/#primaryimage\",\"url\":\"https:\\\/\\\/abz.ee\\\/wp-content\\\/uploads\\\/2025\\\/04\\\/glasto-scaled.jpg\",\"contentUrl\":\"https:\\\/\\\/abz.ee\\\/wp-content\\\/uploads\\\/2025\\\/04\\\/glasto-scaled.jpg\",\"width\":2399,\"height\":2560},{\"@type\":\"BreadcrumbList\",\"@id\":\"https:\\\/\\\/abz.ee\\\/en\\\/reis\\\/koikide-noidade-pidu-glastonburys-29-04-06-06-2026\\\/#breadcrumb\",\"itemListElement\":[{\"@type\":\"ListItem\",\"position\":1,\"name\":\"Home\",\"item\":\"https:\\\/\\\/abz.ee\\\/en\\\/\"},{\"@type\":\"ListItem\",\"position\":2,\"name\":\"Shop\",\"item\":\"https:\\\/\\\/abz.ee\\\/shop\\\/\"},{\"@type\":\"ListItem\",\"position\":3,\"name\":\"N\u00f5idade pidu GLASTONBURYS 28.04-05.05.2026 &#8211; 1 VABA KOHT\"}]},{\"@type\":\"WebSite\",\"@id\":\"https:\\\/\\\/abz.ee\\\/en\\\/#website\",\"url\":\"https:\\\/\\\/abz.ee\\\/en\\\/\",\"name\":\"ABZ Reisid\",\"description\":\"Avastuste avar aabits\",\"publisher\":{\"@id\":\"https:\\\/\\\/abz.ee\\\/en\\\/#organization\"},\"potentialAction\":[{\"@type\":\"SearchAction\",\"target\":{\"@type\":\"EntryPoint\",\"urlTemplate\":\"https:\\\/\\\/abz.ee\\\/en\\\/?s={search_term_string}\"},\"query-input\":{\"@type\":\"PropertyValueSpecification\",\"valueRequired\":true,\"valueName\":\"search_term_string\"}}],\"inLanguage\":\"en-US\"},{\"@type\":\"Organization\",\"@id\":\"https:\\\/\\\/abz.ee\\\/en\\\/#organization\",\"name\":\"ABZ Reisid\",\"url\":\"https:\\\/\\\/abz.ee\\\/en\\\/\",\"logo\":{\"@type\":\"ImageObject\",\"inLanguage\":\"en-US\",\"@id\":\"https:\\\/\\\/abz.ee\\\/en\\\/#\\\/schema\\\/logo\\\/image\\\/\",\"url\":\"https:\\\/\\\/abz.ee\\\/wp-content\\\/uploads\\\/2024\\\/02\\\/cropped-favicon-1.png\",\"contentUrl\":\"https:\\\/\\\/abz.ee\\\/wp-content\\\/uploads\\\/2024\\\/02\\\/cropped-favicon-1.png\",\"width\":512,\"height\":512,\"caption\":\"ABZ Reisid\"},\"image\":{\"@id\":\"https:\\\/\\\/abz.ee\\\/en\\\/#\\\/schema\\\/logo\\\/image\\\/\"}}]}<\/script>\n<!-- \/ Yoast SEO plugin. -->","yoast_head_json":{"title":"N\u00f5idade pidu GLASTONBURYS 28.04-05.05.2026 - 1 VABA KOHT - ABZ Reisid","robots":{"index":"index","follow":"follow","max-snippet":"max-snippet:-1","max-image-preview":"max-image-preview:large","max-video-preview":"max-video-preview:-1"},"canonical":"https:\/\/abz.ee\/en\/reis\/koikide-noidade-pidu-glastonburys-29-04-06-06-2026\/","og_locale":"en_US","og_type":"article","og_title":"N\u00f5idade pidu GLASTONBURYS 28.04-05.05.2026 - 1 VABA KOHT - ABZ Reisid","og_description":"1.mai festival ehk Beltane t\u00e4histab suve algust ja see on neljast keldi festivalist k\u00f5ige olulisem. Beltane t\u00e4histab looduse \u00e4rkamist ja uue elu algust, kus talv on l\u00e4bi ja elu voolab taas loodusesse. Eriti suurejooneliselt t\u00e4histatakse Beltanet maagilises Inglismaa linnakeses Glastonburys. Sel ajal hakkab linnake kihama \u0161amaanidest, wiccalastest ning teistest maagidest ja n\u00f5idadest. Meil on hea [&hellip;]","og_url":"https:\/\/abz.ee\/en\/reis\/koikide-noidade-pidu-glastonburys-29-04-06-06-2026\/","og_site_name":"ABZ Reisid","article_modified_time":"2026-04-23T12:17:19+00:00","og_image":[{"width":2399,"height":2560,"url":"https:\/\/abz.ee\/wp-content\/uploads\/2025\/04\/glasto-scaled.jpg","type":"image\/jpeg"}],"twitter_card":"summary_large_image","twitter_misc":{"Est. reading time":"7 minutes"},"schema":{"@context":"https:\/\/schema.org","@graph":[{"@type":"WebPage","@id":"https:\/\/abz.ee\/en\/reis\/koikide-noidade-pidu-glastonburys-29-04-06-06-2026\/","url":"https:\/\/abz.ee\/en\/reis\/koikide-noidade-pidu-glastonburys-29-04-06-06-2026\/","name":"N\u00f5idade pidu GLASTONBURYS 28.04-05.05.2026 - 1 VABA KOHT - ABZ Reisid","isPartOf":{"@id":"https:\/\/abz.ee\/en\/#website"},"primaryImageOfPage":{"@id":"https:\/\/abz.ee\/en\/reis\/koikide-noidade-pidu-glastonburys-29-04-06-06-2026\/#primaryimage"},"image":{"@id":"https:\/\/abz.ee\/en\/reis\/koikide-noidade-pidu-glastonburys-29-04-06-06-2026\/#primaryimage"},"thumbnailUrl":"https:\/\/abz.ee\/wp-content\/uploads\/2025\/04\/glasto-scaled.jpg","datePublished":"2025-04-18T10:15:13+00:00","dateModified":"2026-04-23T12:17:19+00:00","breadcrumb":{"@id":"https:\/\/abz.ee\/en\/reis\/koikide-noidade-pidu-glastonburys-29-04-06-06-2026\/#breadcrumb"},"inLanguage":"en-US","potentialAction":[{"@type":"ReadAction","target":["https:\/\/abz.ee\/en\/reis\/koikide-noidade-pidu-glastonburys-29-04-06-06-2026\/"]}]},{"@type":"ImageObject","inLanguage":"en-US","@id":"https:\/\/abz.ee\/en\/reis\/koikide-noidade-pidu-glastonburys-29-04-06-06-2026\/#primaryimage","url":"https:\/\/abz.ee\/wp-content\/uploads\/2025\/04\/glasto-scaled.jpg","contentUrl":"https:\/\/abz.ee\/wp-content\/uploads\/2025\/04\/glasto-scaled.jpg","width":2399,"height":2560},{"@type":"BreadcrumbList","@id":"https:\/\/abz.ee\/en\/reis\/koikide-noidade-pidu-glastonburys-29-04-06-06-2026\/#breadcrumb","itemListElement":[{"@type":"ListItem","position":1,"name":"Home","item":"https:\/\/abz.ee\/en\/"},{"@type":"ListItem","position":2,"name":"Shop","item":"https:\/\/abz.ee\/shop\/"},{"@type":"ListItem","position":3,"name":"N\u00f5idade pidu GLASTONBURYS 28.04-05.05.2026 &#8211; 1 VABA KOHT"}]},{"@type":"WebSite","@id":"https:\/\/abz.ee\/en\/#website","url":"https:\/\/abz.ee\/en\/","name":"ABZ Reisid","description":"Avastuste avar aabits","publisher":{"@id":"https:\/\/abz.ee\/en\/#organization"},"potentialAction":[{"@type":"SearchAction","target":{"@type":"EntryPoint","urlTemplate":"https:\/\/abz.ee\/en\/?s={search_term_string}"},"query-input":{"@type":"PropertyValueSpecification","valueRequired":true,"valueName":"search_term_string"}}],"inLanguage":"en-US"},{"@type":"Organization","@id":"https:\/\/abz.ee\/en\/#organization","name":"ABZ Reisid","url":"https:\/\/abz.ee\/en\/","logo":{"@type":"ImageObject","inLanguage":"en-US","@id":"https:\/\/abz.ee\/en\/#\/schema\/logo\/image\/","url":"https:\/\/abz.ee\/wp-content\/uploads\/2024\/02\/cropped-favicon-1.png","contentUrl":"https:\/\/abz.ee\/wp-content\/uploads\/2024\/02\/cropped-favicon-1.png","width":512,"height":512,"caption":"ABZ Reisid"},"image":{"@id":"https:\/\/abz.ee\/en\/#\/schema\/logo\/image\/"}}]}},"_links":{"self":[{"href":"https:\/\/abz.ee\/en\/wp-json\/wp\/v2\/product\/14212","targetHints":{"allow":["GET"]}}],"collection":[{"href":"https:\/\/abz.ee\/en\/wp-json\/wp\/v2\/product"}],"about":[{"href":"https:\/\/abz.ee\/en\/wp-json\/wp\/v2\/types\/product"}],"version-history":[{"count":16,"href":"https:\/\/abz.ee\/en\/wp-json\/wp\/v2\/product\/14212\/revisions"}],"predecessor-version":[{"id":14940,"href":"https:\/\/abz.ee\/en\/wp-json\/wp\/v2\/product\/14212\/revisions\/14940"}],"wp:featuredmedia":[{"embeddable":true,"href":"https:\/\/abz.ee\/en\/wp-json\/wp\/v2\/media\/14265"}],"wp:attachment":[{"href":"https:\/\/abz.ee\/en\/wp-json\/wp\/v2\/media?parent=14212"}],"wp:term":[{"taxonomy":"product_brand","embeddable":true,"href":"https:\/\/abz.ee\/en\/wp-json\/wp\/v2\/product_brand?post=14212"},{"taxonomy":"product_cat","embeddable":true,"href":"https:\/\/abz.ee\/en\/wp-json\/wp\/v2\/product_cat?post=14212"},{"taxonomy":"product_tag","embeddable":true,"href":"https:\/\/abz.ee\/en\/wp-json\/wp\/v2\/product_tag?post=14212"}],"curies":[{"name":"wp","href":"https:\/\/api.w.org\/{rel}","templated":true}]}}