{"id":14073,"date":"2025-07-20T10:40:05","date_gmt":"2025-07-20T07:40:05","guid":{"rendered":"https:\/\/abz.ee\/?post_type=product&#038;p=14073"},"modified":"2026-03-23T10:01:57","modified_gmt":"2026-03-23T08:01:57","slug":"andre-rieu-kontsert-riias-04-06-26","status":"publish","type":"product","link":"https:\/\/abz.ee\/en\/reis\/andre-rieu-kontsert-riias-04-06-26\/","title":{"rendered":"ANDRE RIEU kontsert Riias 04.06.2026 &#8211; V\u00c4LJA M\u00dc\u00dcDUD!"},"content":{"rendered":"<p><span style=\"color: #333399;\"><span style=\"color: #0000ff;\"><b>Andr\u00e9 L\u00e9on Marie Nicolas Rieu<\/b><span style=\"font-weight: 400;\"> on Hollandi p\u00e4ritolu\u00a0 viiuldaja ja dirigent,\u00a0 kes l\u00f5i valssi m\u00e4ngiva Johann Straussi Orkestri, mis esitab koos solistidega nii vanemaid kui ka uuemaid popp-palasid, alates ooperiaariatest kuni viimaste hittideni. <\/span><span style=\"font-weight: 400;\">Olles \u00fcks maailma populaarsemaid viiuldajaid, dirigente ja\u00a0 <\/span><i><span style=\"font-weight: 400;\">live-<\/span><\/i><\/span><span style=\"font-weight: 400;\"><span style=\"color: #0000ff;\">esinejaid, on valsikuningaks tituleeritud Rieu unustamatud kontserdid t\u00e4is l\u00f5busaid meloodiaid ja emotsioone kuulajatele-vaatajatele igas vanuses.<\/span><br \/>\n<span style=\"color: #ff0000;\">NB! Kontserdipileteid on juba praegu piiratud koguses!\u00a0<\/span><\/span><\/span><\/p>\n<p><span style=\"text-decoration: underline; color: #0000ff;\"><strong>Neljap\u00e4ev, 04.06.2026<br \/>\n<\/strong><\/span><span style=\"color: #000000;\">V\u00e4ljas\u00f5it V\u00f5rust Muusikakooli platsilt kell 14:00<br \/>\nV\u00e4ljas\u00f5it Valgast Selveri parklast kell 15:00<\/span><\/p>\n<p>S\u00f5it Riiga. Teel teeme s\u00f6\u00f6gipausi Ramkalni bistroos. Seej\u00e4rel s\u00f5idame kontserdile.<br \/>\n<strong>Uksed avatakse 19:00, kontsert algab 20:00.<\/strong><br \/>\nAndr\u00e9 Rieu on \u00f6elnud: \u201eL\u00e4til on minu s\u00fcdames eriline koht. Selle maa publiku soojus ja entusiasm on unustamatud. Ma ei j\u00f5ua \u00e4ra oodata, millal saan tagasi tulla ja teiega muusikar\u00f5\u00f5mu jagada!\u201d<\/p>\n<p>2026. aastal ootab publikut romantiline kava, kus on segu ooperist, muusikalidest, filmimuusikast, igihaljastest hittidest, rahvalauludest ning loomulikult r\u00f5\u00f5msatest valssidest. Andr\u00e9 Rieu ainulaadsed kontserdid k\u00f6idavad mitte ainult oma muusika, vaid ka tema humoorika lavalise oleku poolest. Lisaks avaldavad muljet pidulikud kost\u00fc\u00fcmid, suurejooneline lavakujundus ja muljetavaldavad valgusefektid, mis paeluvad igas vanuses ja taustaga inimesi.<br \/>\n<strong data-start=\"3002\" data-end=\"3073\">Andr\u00e9 Rieu ei ole ainult \u00fche \u00f5htu elamus \u2013 ta on elamus kogu eluks!<\/strong><\/p>\n<p>Tagasi V\u00f5rru j\u00f5uame umbes kell 01:00.<\/p>\n<p><span style=\"color: #000000;\"><strong>HIND: 160 eurot<\/strong><\/span><\/p>\n<p><strong><span style=\"color: #000000;\">HIND SISALDAB:<\/span><\/strong><br \/>\nkontserdipilet Riga Xiaomi Arenal (sektor 107, 109 ja 110)<br \/>\n<span style=\"color: #000000;\">bussis\u00f5it V\u00f5ru-Valga-Riia-Valga-V\u00f5ru<\/span><br \/>\n<span style=\"color: #000000;\">reisijuht-giidi teenused<\/span><\/p>\n<p><strong style=\"color: #000000;\">Vaata saali<\/strong><span style=\"font-weight: 400;\"><strong>plaani siit<\/strong>: <a href=\"https:\/\/xiaomi-arena.com\/en\/viesiem\/arenas-plans\/\">https:\/\/xiaomi-arena.com\/en\/viesiem\/arenas-plans\/<\/a><br \/>\n<\/span><strong style=\"color: #000000;\"><br \/>\nTASUMINE:<\/strong><span style=\"color: #000000;\"> Registreerumiseks palume tasuda ABZ Reiside kontole ettemaks 100 eurot. Kogu reisiraha peab olema tasutud kuu aega enne reisi, see on 4. maiks 2026.<br \/>\n<strong>Tasumisel palume m\u00e4rkida selgitusse Andre Rieu Riias 04.06.26 ja reisija nimi.<\/strong><br \/>\nO\u00dc ABZ Reisid arvelduskonto number SEB pangas on EE121010220003996017.<\/span><\/p>\n<p><strong><span style=\"color: #000000;\">Reisi t\u00fchistamisel v\u00e4hem kui 31 p\u00e4eva enne reisi algust ei tagastata reisijale ettemaksu.<br \/>\n<\/span><span style=\"color: #000000;\">NB! <\/span><\/strong><span style=\"color: #000000;\">Reisija on kohustatud tutvuma<\/span><strong><span style=\"color: #000000;\"> ABZ Reiside reisitingimustega <\/span><\/strong><span style=\"color: #0000ff;\"><a style=\"color: #0000ff;\" href=\"http:\/\/www.abz.ee\">www.abz.ee<\/a><\/span><\/p>\n<p><strong>LISAINFO: <\/strong>Reisile on vajalik kaasa v\u00f5tta v\u00e4hemalt kehtiv isikut t\u00f5endav<strong> dokument.<\/strong><\/p>\n<p><span style=\"color: #000000;\"><strong>Soovitame s\u00f5lmida ka meditsiiniabikindlustuse koos reisit\u00f5rkekindlustusega! <\/strong><b>Meditsiiniabikindlustus katab <\/b>kindlustusjuhtumi korral ka visiiditasud, voodip\u00e4evatasud ja riikidevahelise transpordi, mida Euroopa ravikindlustuskaart ei kata.<\/span><br \/>\n<span style=\"color: #000000;\"><b>Reisit\u00f5rkekindlustus katab <\/b>tehtud reisipaketi kulud juhul, kui j\u00e4\u00e4te reisi eel haigeks ja ei saa reisile minna (vajalik on sel juhul esitada kindlustusfirmale arstit\u00f5end). Reisit\u00f5rkekindlustus maksab kulud ka juhul, kui l\u00e4hedane inimene peaks j\u00e4\u00e4ma haigeks v\u00f5i surema. Tutvu konkreetse kindlustuspakkuja tingimustega! Meditsiiniabikindlustuse koos reisit\u00f5rkega soovitame s\u00f5lmida kohe ettemaksu tegemise j\u00e4rel ja hiljemalt n\u00e4dal enne reisi.<br \/>\n<\/span>ABZ Reiside partneriks kindlustuse pakkumisel on BTA kindlustus.<br \/>\nKindlustuse vormistamiseks on vajalik isikukood.<\/p>\n<p><span style=\"color: #000000;\">O\u00dc ABZ Reisid<\/span><br \/>\n<span style=\"color: #000000;\">Seminari 5<\/span><br \/>\n<span style=\"color: #000000;\">V\u00f5ru 65608<\/span><br \/>\n<span style=\"color: #000000;\">Tel. +372 78 28 498<\/span><br \/>\n<span style=\"color: #000000;\">info@abz.ee<\/span><\/p>\n","protected":false},"excerpt":{"rendered":"<p>Andr\u00e9 L\u00e9on Marie Nicolas Rieu on Hollandi p\u00e4ritolu\u00a0 viiuldaja ja dirigent,\u00a0 kes l\u00f5i valssi m\u00e4ngiva Johann Straussi Orkestri, mis esitab koos solistidega nii vanemaid kui ka uuemaid popp-palasid, alates ooperiaariatest kuni viimaste hittideni. Olles \u00fcks maailma populaarsemaid viiuldajaid, dirigente ja\u00a0 live-esinejaid, on valsikuningaks tituleeritud Rieu unustamatud kontserdid t\u00e4is l\u00f5busaid meloodiaid ja emotsioone kuulajatele-vaatajatele igas vanuses. [&hellip;]<\/p>\n","protected":false},"featured_media":13021,"template":"","meta":{"_acf_changed":false},"product_brand":[],"product_cat":[56],"product_tag":[],"class_list":{"0":"post-14073","1":"product","2":"type-product","3":"status-publish","4":"has-post-thumbnail","6":"product_cat-valisreisid","8":"first","9":"instock","10":"shipping-taxable","11":"purchasable","12":"product-type-ovabrw_car_rental"},"acf":[],"yoast_head":"<!-- This site is optimized with the Yoast SEO plugin v27.5 - https:\/\/yoast.com\/product\/yoast-seo-wordpress\/ -->\n<title>ANDRE RIEU kontsert Riias 04.06.2026 - V\u00c4LJA M\u00dc\u00dcDUD! - ABZ Reisid<\/title>\n<meta name=\"robots\" content=\"index, follow, max-snippet:-1, max-image-preview:large, max-video-preview:-1\" \/>\n<link rel=\"canonical\" href=\"https:\/\/abz.ee\/en\/reis\/andre-rieu-kontsert-riias-04-06-26\/\" \/>\n<meta property=\"og:locale\" content=\"en_US\" \/>\n<meta property=\"og:type\" content=\"article\" \/>\n<meta property=\"og:title\" content=\"ANDRE RIEU kontsert Riias 04.06.2026 - V\u00c4LJA M\u00dc\u00dcDUD! - ABZ Reisid\" \/>\n<meta property=\"og:description\" content=\"Andr\u00e9 L\u00e9on Marie Nicolas Rieu on Hollandi p\u00e4ritolu\u00a0 viiuldaja ja dirigent,\u00a0 kes l\u00f5i valssi m\u00e4ngiva Johann Straussi Orkestri, mis esitab koos solistidega nii vanemaid kui ka uuemaid popp-palasid, alates ooperiaariatest kuni viimaste hittideni. Olles \u00fcks maailma populaarsemaid viiuldajaid, dirigente ja\u00a0 live-esinejaid, on valsikuningaks tituleeritud Rieu unustamatud kontserdid t\u00e4is l\u00f5busaid meloodiaid ja emotsioone kuulajatele-vaatajatele igas vanuses. [&hellip;]\" \/>\n<meta property=\"og:url\" content=\"https:\/\/abz.ee\/en\/reis\/andre-rieu-kontsert-riias-04-06-26\/\" \/>\n<meta property=\"og:site_name\" content=\"ABZ Reisid\" \/>\n<meta property=\"article:modified_time\" content=\"2026-03-23T08:01:57+00:00\" \/>\n<meta property=\"og:image\" content=\"https:\/\/abz.ee\/wp-content\/uploads\/2024\/10\/rieu.jpg\" \/>\n\t<meta property=\"og:image:width\" content=\"914\" \/>\n\t<meta property=\"og:image:height\" content=\"480\" \/>\n\t<meta property=\"og:image:type\" content=\"image\/jpeg\" \/>\n<meta name=\"twitter:card\" content=\"summary_large_image\" \/>\n<meta name=\"twitter:label1\" content=\"Est. reading time\" \/>\n\t<meta name=\"twitter:data1\" content=\"3 minutes\" \/>\n<script type=\"application\/ld+json\" class=\"yoast-schema-graph\">{\"@context\":\"https:\\\/\\\/schema.org\",\"@graph\":[{\"@type\":\"WebPage\",\"@id\":\"https:\\\/\\\/abz.ee\\\/en\\\/reis\\\/andre-rieu-kontsert-riias-04-06-26\\\/\",\"url\":\"https:\\\/\\\/abz.ee\\\/en\\\/reis\\\/andre-rieu-kontsert-riias-04-06-26\\\/\",\"name\":\"ANDRE RIEU kontsert Riias 04.06.2026 - V\u00c4LJA M\u00dc\u00dcDUD! - ABZ Reisid\",\"isPartOf\":{\"@id\":\"https:\\\/\\\/abz.ee\\\/en\\\/#website\"},\"primaryImageOfPage\":{\"@id\":\"https:\\\/\\\/abz.ee\\\/en\\\/reis\\\/andre-rieu-kontsert-riias-04-06-26\\\/#primaryimage\"},\"image\":{\"@id\":\"https:\\\/\\\/abz.ee\\\/en\\\/reis\\\/andre-rieu-kontsert-riias-04-06-26\\\/#primaryimage\"},\"thumbnailUrl\":\"https:\\\/\\\/abz.ee\\\/wp-content\\\/uploads\\\/2024\\\/10\\\/rieu.jpg\",\"datePublished\":\"2025-07-20T07:40:05+00:00\",\"dateModified\":\"2026-03-23T08:01:57+00:00\",\"breadcrumb\":{\"@id\":\"https:\\\/\\\/abz.ee\\\/en\\\/reis\\\/andre-rieu-kontsert-riias-04-06-26\\\/#breadcrumb\"},\"inLanguage\":\"en-US\",\"potentialAction\":[{\"@type\":\"ReadAction\",\"target\":[\"https:\\\/\\\/abz.ee\\\/en\\\/reis\\\/andre-rieu-kontsert-riias-04-06-26\\\/\"]}]},{\"@type\":\"ImageObject\",\"inLanguage\":\"en-US\",\"@id\":\"https:\\\/\\\/abz.ee\\\/en\\\/reis\\\/andre-rieu-kontsert-riias-04-06-26\\\/#primaryimage\",\"url\":\"https:\\\/\\\/abz.ee\\\/wp-content\\\/uploads\\\/2024\\\/10\\\/rieu.jpg\",\"contentUrl\":\"https:\\\/\\\/abz.ee\\\/wp-content\\\/uploads\\\/2024\\\/10\\\/rieu.jpg\",\"width\":914,\"height\":480},{\"@type\":\"BreadcrumbList\",\"@id\":\"https:\\\/\\\/abz.ee\\\/en\\\/reis\\\/andre-rieu-kontsert-riias-04-06-26\\\/#breadcrumb\",\"itemListElement\":[{\"@type\":\"ListItem\",\"position\":1,\"name\":\"Home\",\"item\":\"https:\\\/\\\/abz.ee\\\/en\\\/\"},{\"@type\":\"ListItem\",\"position\":2,\"name\":\"Shop\",\"item\":\"https:\\\/\\\/abz.ee\\\/shop\\\/\"},{\"@type\":\"ListItem\",\"position\":3,\"name\":\"ANDRE RIEU kontsert Riias 04.06.2026 &#8211; V\u00c4LJA M\u00dc\u00dcDUD!\"}]},{\"@type\":\"WebSite\",\"@id\":\"https:\\\/\\\/abz.ee\\\/en\\\/#website\",\"url\":\"https:\\\/\\\/abz.ee\\\/en\\\/\",\"name\":\"ABZ Reisid\",\"description\":\"Avastuste avar aabits\",\"publisher\":{\"@id\":\"https:\\\/\\\/abz.ee\\\/en\\\/#organization\"},\"potentialAction\":[{\"@type\":\"SearchAction\",\"target\":{\"@type\":\"EntryPoint\",\"urlTemplate\":\"https:\\\/\\\/abz.ee\\\/en\\\/?s={search_term_string}\"},\"query-input\":{\"@type\":\"PropertyValueSpecification\",\"valueRequired\":true,\"valueName\":\"search_term_string\"}}],\"inLanguage\":\"en-US\"},{\"@type\":\"Organization\",\"@id\":\"https:\\\/\\\/abz.ee\\\/en\\\/#organization\",\"name\":\"ABZ Reisid\",\"url\":\"https:\\\/\\\/abz.ee\\\/en\\\/\",\"logo\":{\"@type\":\"ImageObject\",\"inLanguage\":\"en-US\",\"@id\":\"https:\\\/\\\/abz.ee\\\/en\\\/#\\\/schema\\\/logo\\\/image\\\/\",\"url\":\"https:\\\/\\\/abz.ee\\\/wp-content\\\/uploads\\\/2024\\\/02\\\/cropped-favicon-1.png\",\"contentUrl\":\"https:\\\/\\\/abz.ee\\\/wp-content\\\/uploads\\\/2024\\\/02\\\/cropped-favicon-1.png\",\"width\":512,\"height\":512,\"caption\":\"ABZ Reisid\"},\"image\":{\"@id\":\"https:\\\/\\\/abz.ee\\\/en\\\/#\\\/schema\\\/logo\\\/image\\\/\"}}]}<\/script>\n<!-- \/ Yoast SEO plugin. -->","yoast_head_json":{"title":"ANDRE RIEU kontsert Riias 04.06.2026 - V\u00c4LJA M\u00dc\u00dcDUD! - ABZ Reisid","robots":{"index":"index","follow":"follow","max-snippet":"max-snippet:-1","max-image-preview":"max-image-preview:large","max-video-preview":"max-video-preview:-1"},"canonical":"https:\/\/abz.ee\/en\/reis\/andre-rieu-kontsert-riias-04-06-26\/","og_locale":"en_US","og_type":"article","og_title":"ANDRE RIEU kontsert Riias 04.06.2026 - V\u00c4LJA M\u00dc\u00dcDUD! - ABZ Reisid","og_description":"Andr\u00e9 L\u00e9on Marie Nicolas Rieu on Hollandi p\u00e4ritolu\u00a0 viiuldaja ja dirigent,\u00a0 kes l\u00f5i valssi m\u00e4ngiva Johann Straussi Orkestri, mis esitab koos solistidega nii vanemaid kui ka uuemaid popp-palasid, alates ooperiaariatest kuni viimaste hittideni. Olles \u00fcks maailma populaarsemaid viiuldajaid, dirigente ja\u00a0 live-esinejaid, on valsikuningaks tituleeritud Rieu unustamatud kontserdid t\u00e4is l\u00f5busaid meloodiaid ja emotsioone kuulajatele-vaatajatele igas vanuses. [&hellip;]","og_url":"https:\/\/abz.ee\/en\/reis\/andre-rieu-kontsert-riias-04-06-26\/","og_site_name":"ABZ Reisid","article_modified_time":"2026-03-23T08:01:57+00:00","og_image":[{"width":914,"height":480,"url":"https:\/\/abz.ee\/wp-content\/uploads\/2024\/10\/rieu.jpg","type":"image\/jpeg"}],"twitter_card":"summary_large_image","twitter_misc":{"Est. reading time":"3 minutes"},"schema":{"@context":"https:\/\/schema.org","@graph":[{"@type":"WebPage","@id":"https:\/\/abz.ee\/en\/reis\/andre-rieu-kontsert-riias-04-06-26\/","url":"https:\/\/abz.ee\/en\/reis\/andre-rieu-kontsert-riias-04-06-26\/","name":"ANDRE RIEU kontsert Riias 04.06.2026 - V\u00c4LJA M\u00dc\u00dcDUD! - ABZ Reisid","isPartOf":{"@id":"https:\/\/abz.ee\/en\/#website"},"primaryImageOfPage":{"@id":"https:\/\/abz.ee\/en\/reis\/andre-rieu-kontsert-riias-04-06-26\/#primaryimage"},"image":{"@id":"https:\/\/abz.ee\/en\/reis\/andre-rieu-kontsert-riias-04-06-26\/#primaryimage"},"thumbnailUrl":"https:\/\/abz.ee\/wp-content\/uploads\/2024\/10\/rieu.jpg","datePublished":"2025-07-20T07:40:05+00:00","dateModified":"2026-03-23T08:01:57+00:00","breadcrumb":{"@id":"https:\/\/abz.ee\/en\/reis\/andre-rieu-kontsert-riias-04-06-26\/#breadcrumb"},"inLanguage":"en-US","potentialAction":[{"@type":"ReadAction","target":["https:\/\/abz.ee\/en\/reis\/andre-rieu-kontsert-riias-04-06-26\/"]}]},{"@type":"ImageObject","inLanguage":"en-US","@id":"https:\/\/abz.ee\/en\/reis\/andre-rieu-kontsert-riias-04-06-26\/#primaryimage","url":"https:\/\/abz.ee\/wp-content\/uploads\/2024\/10\/rieu.jpg","contentUrl":"https:\/\/abz.ee\/wp-content\/uploads\/2024\/10\/rieu.jpg","width":914,"height":480},{"@type":"BreadcrumbList","@id":"https:\/\/abz.ee\/en\/reis\/andre-rieu-kontsert-riias-04-06-26\/#breadcrumb","itemListElement":[{"@type":"ListItem","position":1,"name":"Home","item":"https:\/\/abz.ee\/en\/"},{"@type":"ListItem","position":2,"name":"Shop","item":"https:\/\/abz.ee\/shop\/"},{"@type":"ListItem","position":3,"name":"ANDRE RIEU kontsert Riias 04.06.2026 &#8211; V\u00c4LJA M\u00dc\u00dcDUD!"}]},{"@type":"WebSite","@id":"https:\/\/abz.ee\/en\/#website","url":"https:\/\/abz.ee\/en\/","name":"ABZ Reisid","description":"Avastuste avar aabits","publisher":{"@id":"https:\/\/abz.ee\/en\/#organization"},"potentialAction":[{"@type":"SearchAction","target":{"@type":"EntryPoint","urlTemplate":"https:\/\/abz.ee\/en\/?s={search_term_string}"},"query-input":{"@type":"PropertyValueSpecification","valueRequired":true,"valueName":"search_term_string"}}],"inLanguage":"en-US"},{"@type":"Organization","@id":"https:\/\/abz.ee\/en\/#organization","name":"ABZ Reisid","url":"https:\/\/abz.ee\/en\/","logo":{"@type":"ImageObject","inLanguage":"en-US","@id":"https:\/\/abz.ee\/en\/#\/schema\/logo\/image\/","url":"https:\/\/abz.ee\/wp-content\/uploads\/2024\/02\/cropped-favicon-1.png","contentUrl":"https:\/\/abz.ee\/wp-content\/uploads\/2024\/02\/cropped-favicon-1.png","width":512,"height":512,"caption":"ABZ Reisid"},"image":{"@id":"https:\/\/abz.ee\/en\/#\/schema\/logo\/image\/"}}]}},"_links":{"self":[{"href":"https:\/\/abz.ee\/en\/wp-json\/wp\/v2\/product\/14073","targetHints":{"allow":["GET"]}}],"collection":[{"href":"https:\/\/abz.ee\/en\/wp-json\/wp\/v2\/product"}],"about":[{"href":"https:\/\/abz.ee\/en\/wp-json\/wp\/v2\/types\/product"}],"version-history":[{"count":17,"href":"https:\/\/abz.ee\/en\/wp-json\/wp\/v2\/product\/14073\/revisions"}],"predecessor-version":[{"id":14816,"href":"https:\/\/abz.ee\/en\/wp-json\/wp\/v2\/product\/14073\/revisions\/14816"}],"wp:featuredmedia":[{"embeddable":true,"href":"https:\/\/abz.ee\/en\/wp-json\/wp\/v2\/media\/13021"}],"wp:attachment":[{"href":"https:\/\/abz.ee\/en\/wp-json\/wp\/v2\/media?parent=14073"}],"wp:term":[{"taxonomy":"product_brand","embeddable":true,"href":"https:\/\/abz.ee\/en\/wp-json\/wp\/v2\/product_brand?post=14073"},{"taxonomy":"product_cat","embeddable":true,"href":"https:\/\/abz.ee\/en\/wp-json\/wp\/v2\/product_cat?post=14073"},{"taxonomy":"product_tag","embeddable":true,"href":"https:\/\/abz.ee\/en\/wp-json\/wp\/v2\/product_tag?post=14073"}],"curies":[{"name":"wp","href":"https:\/\/api.w.org\/{rel}","templated":true}]}}