{"id":13957,"date":"2025-09-22T12:19:59","date_gmt":"2025-09-22T09:19:59","guid":{"rendered":"https:\/\/abz.ee\/?post_type=product&#038;p=13957"},"modified":"2026-03-23T09:59:29","modified_gmt":"2026-03-23T07:59:29","slug":"louna-itaalia-parlid-23-31-10-2026","status":"publish","type":"product","link":"https:\/\/abz.ee\/en\/reis\/louna-itaalia-parlid-23-31-10-2026\/","title":{"rendered":"L\u00d5UNA-ITAALIA p\u00e4rlid 22.-30.10.2026 &#8211; V\u00c4LJA M\u00dc\u00dcDUD!"},"content":{"rendered":"<p>Oleme sellesse programmi kokku pannud L\u00f5una-Itaalia \u201ck\u00f5ige-k\u00f5iged\u201d ning erilise hoolega valinud \u00f6\u00f6bimiskohti &#8211; et oleks v\u00f5imalikult palju autentset ja piirkonnale omast. Seet\u00f5ttu \u00f6\u00f6bime nii trullides (mis see veel on??) kui koobastes\u2026<br \/>\nReis ei ole \u00fclearu pingelise graafikuga &#8211; Itaalia \u00fcheks tunnuseks on ju aja v\u00f5tmine elu nautimiseks! Pealegi on keskmised temperatuurid Itaalia l\u00f5unaosas oktoobri l\u00f5pus olnud 20 -22 kraadi. Sobib nii suplemiseks kui t\u0161illimiseks \ud83d\ude42.<\/p>\n<p>Reis toimub kolme s\u00f5iduautoga, grupi suurus 12 (+3 autojuhti).<\/p>\n<p><span style=\"color: #0000ff;\"><strong>1.p\u00e4ev<\/strong><\/span><\/p>\n<p><span style=\"font-weight: 400;\">Saame kokku Riia lennujaamas kell 09.30. AirBalticu lend Riia-Rooma 11.25 &#8211; 13.30.<\/span><span style=\"font-weight: 400;\"><br \/>\n<\/span><span style=\"font-weight: 400;\">\u00d6\u00f6bimine Casertas, <\/span><span style=\"font-weight: 400;\">Al centro Luxury Home, 2-sed toad. <\/span><span style=\"font-weight: 400;\"><br \/>\n<\/span><a href=\"https:\/\/www.alcentroluxuryhome.it\/\">https:\/\/www.alcentroluxuryhome.it\/<\/a><\/p>\n<p><span style=\"color: #0000ff;\"><strong>2.p\u00e4ev<\/strong><\/span><\/p>\n<p>Hommikus\u00f6\u00f6k.<br \/>\n<b>Caserta kuningapalee<\/b><span style=\"font-weight: 400;\"> (Reggia di Caserta) on UNESCO maailmap\u00e4randi nimistusse kuuluv hiiglaslik 18. sajandist p\u00e4rit barokkstiilis troonipalee. \u201cHiiglaslik\u201d t\u00e4hendab siinkohal, et tegemist on ruumilises m\u00f5ttes maailma suurima kuningapaleega!\u00a0 Suurejoonelised saalid, l\u00f5pmatud galeriid ja avar purskkaevude, terrasside ja ajalooliste aedadega park loovad t\u00f5elise kuningliku elamuse.\u00a0<\/span><span style=\"font-weight: 400;\"><br \/>\n<\/span><span style=\"font-weight: 400;\">UNESCO kaitse all olev <\/span><b>Vanvitelli akvedukt <\/b><span style=\"font-weight: 400;\">on 18. sajandi insenerikunsti meistriteos, mis varustas kuninglikku Caserta paleed veega ja on t\u00e4nap\u00e4evani \u00fcks muljetavaldavamaid ajaloolisi ehitisi L\u00f5una-Itaalias.<\/span><span style=\"font-weight: 400;\"><br \/>\n<\/span><span style=\"font-weight: 400;\">Alustame teekonda risti l\u00e4bi Itaalia. Vahepeatuseks t\u00f5useme m\u00f6\u00f6da serpentiine ca 1500 m k\u00f5rgusele palver\u00e4ndurite hulgas populaarse <\/span><b>Montevergin\u2019<\/b>i<span style=\"font-weight: 400;\"> kloostrikompleksi juurde. II Maailmas\u00f5ja ajal hoiti siin altari sisse peidetuna Torino surilina, kuna Vatikan oli teada saanud, et Hitler kavatseb selle endale v\u00f5tta. <\/span><span style=\"font-weight: 400;\"><br \/>\n<\/span><span style=\"font-weight: 400;\">\u00d5htuooteks p\u00fc\u00fcame peatuda <\/span><b>Avellino<\/b><span style=\"font-weight: 400;\"> linnakeses, mis on kuulus oma kastanisupi poolest. Ehk \u00f5nnestub proovida :)?<\/span><br \/>\n<span style=\"font-weight: 400;\">\u00d6\u00f6bime viinamarjaistanduste, mandli- ja oliivisalude vahel asuva v\u00e4ikelinna <\/span><b>Corato<\/b><span style=\"font-weight: 400;\"> ajaloolises linnas\u00fcdames. Albergo Tripoli B&amp;B Affittacamere, Corato.<\/span><\/p>\n<p><span style=\"color: #0000ff;\"><strong>3.p\u00e4ev<\/strong><\/span><\/p>\n<p>Hommikus\u00f6\u00f6k.<br \/>\n<span style=\"font-weight: 400;\">13. sajandist p\u00e4rit kindlusloss<\/span><b> Castel del Monte, <\/b><span style=\"font-weight: 400;\">imposantne harmooniline\u00a0 kahekorruseline ja kaheksanurkne rajatis, oli keskaja \u00fcks keerukamaid ilmalikke ehitisi ja kuulub t\u00e4na UNESCO maailmap\u00e4randi nimekirja.<\/span> <b><br \/>\n<\/b><span style=\"font-weight: 400;\">Pronksiajast p\u00e4rit<\/span><b> Chianca dolmen<\/b><span style=\"font-weight: 400;\"> on ainulaadne oma suuruse ja ilu\u00a0 ning seal avastatud suure hulga leidude poolest \u00fcks t\u00e4htsamaid Euroopas. Kuulub samuti UNESCO maailmap\u00e4randi nimekirja.<\/span><span style=\"font-weight: 400;\"><br \/>\n<\/span><span style=\"font-weight: 400;\">Apuuulia piirkonna pealinna <\/span><b>Bari<\/b><span style=\"font-weight: 400;\"> vanalinn t\u00e4hendab maaliliste t\u00e4navate r\u00e4gastikku, muljetavaldavaid kirikuid ja maitsvat t\u00e4navatoitu. Piilume \u00f5uedesse, kus kohalikud naised v\u00e4rsket pastat valmistavad ja naudime l\u00f5unamaist olemist.<\/span><span style=\"font-weight: 400;\"><br \/>\n<\/span><span style=\"font-weight: 400;\">Maaliline <\/span><b>Lama Monachile<\/b><span style=\"font-weight: 400;\"> rand pole mitte ainult imeline ujumiskoht, vaid ka suurep\u00e4rane paik p\u00e4ikeseloojangu nautimiseks. Viimast saab teha n\u00e4iteks rooma-aegselt sillalt. <\/span><br \/>\n<span style=\"font-weight: 400;\">\u00d6\u00f6bima s\u00f5idame UNESCO ja trulli-linna <\/span><b>Alberobellosse<\/b><span style=\"font-weight: 400;\">. Trullo on \u00fcmmargune koonilise katusega hoone. Algselt olid trullid\u00a0 ehitatud ilma seguta, et maksuinspektori saabudes oleks v\u00f5imalik hoone kiiresti lahti v\u00f5tta. \u00d6\u00f6bime Alberobello linnas\u00fcdame trullides.\u00a0<\/span><\/p>\n<p><span style=\"color: #0000ff;\"><strong>4.p\u00e4ev<\/strong><\/span><\/p>\n<p>Hommikus\u00f6\u00f6k.<br \/>\n<span style=\"font-weight: 400;\"><strong>Vaba aeg Alberobellos<\/strong> ringi vaatamiseks. <\/span><span style=\"font-weight: 400;\"><br \/>\n<\/span><span style=\"font-weight: 400;\">Maaliline koobas\u00a0 <\/span><b>Grotta Zinzuluza.<\/b><span style=\"font-weight: 400;\">\u00a0 Teekonnale koopa sisemusse\u00a0 j\u00e4\u00e4vad Imede rada, Kr\u00fcpt ja Toomkirik.<\/span><span style=\"font-weight: 400;\"><br \/>\n<\/span><span style=\"font-weight: 400;\">L\u00f5una-Firenzeks kutsutav Itaalia saapakontsa sees asuv\u00a0 <\/span><b>Leccet<\/b><span style=\"font-weight: 400;\"> peetakse Apuulia kauneimaks linnaks. \u201cKui Apuulia oleks film, oleks Lecce peaosat\u00e4itja\u201d, \u00fctleb Lonely Planet. 17. sajandist p\u00e4rit barokkfassaadidega linnal on homogeensus, mis teistel L\u00f5una-Itaalia linnadel puudub. 18. sajandi r\u00e4nnumees Marchese Grimaldi on \u00f6elnud Lecce P\u00fcha Risti basiilika kohta: \u201cSelle fassaad tekitab tunde, et hull n\u00e4eb \u00f5udusunen\u00e4gu\u201d.\u00a0<\/span><br \/>\n<span style=\"font-weight: 400;\">Meie \u00f6\u00f6maja\u00a0 <\/span><b>Kalinifta Rooms Apartment<\/b><span style=\"font-weight: 400;\"> asub 50 m kaugusel \u00fchest Apuulia kaunimast liivarannast. <\/span><span style=\"font-weight: 400;\"><br \/>\n<\/span><a href=\"http:\/\/www.myhouseportocesareo.it\/kalinifta-rooms-apartment-bb\/\">http:\/\/www.myhouseportocesareo.it\/kalinifta-rooms-apartment-bb\/<\/a><\/p>\n<p><span style=\"color: #0000ff;\"><strong>5.p\u00e4ev<\/strong><\/span><\/p>\n<p>Hommikus\u00f6\u00f6k.<br \/>\n<span style=\"font-weight: 400;\">Veinide degusteerimine <\/span><b>Cantine Polvaneras<\/b><span style=\"font-weight: 400;\">. Tegemist on piirkonna suurima ja auhinnatuima veinitootjaga. <\/span><br \/>\n<span style=\"font-weight: 400;\">UNESCO maailmap\u00e4randi nimekirja kuuluv koobaslinn <\/span><b>Matera<\/b><span style=\"font-weight: 400;\"> on \u00fcks vanemaid pidevalt asustatud kohti Itaalias, v\u00f5ib-olla isegi maailmas ja \u00fcks fotogeenilisemaid linnu Itaalias. Siin on filmitud ka suur osa Mel Gibsoni filmist \u201cKristuse kannatused\u201d. Iseseisev ekslemine linna koobasv\u00f5rgustikus.<\/span><br \/>\n<span style=\"font-weight: 400;\">\u00d6\u00f6bime Materas, La Dimora Delle 3 Zie. <\/span><a href=\"https:\/\/www.ladimoradelle3zie.com\/en\">https:\/\/www.ladimoradelle3zie.com\/en<\/a><\/p>\n<p><span style=\"color: #0000ff;\"><strong>6.p\u00e4ev<\/strong><\/span><\/p>\n<p>Hommikus\u00f6\u00f6k.<br \/>\n<span style=\"font-weight: 400;\">S\u00f5it Pompeisse. Aastal 79 mattus see ca 10 000 elanikuga\u00a0 linnake Vesuuvi purske tagaj\u00e4rjel 7-9 m paksuse tuhakihi alla. V\u00e4ljakaevatud<\/span><b> Pompei<\/b><span style=\"font-weight: 400;\"> kuulub UNESCO maailmap\u00e4randi nimekirja.<\/span><span style=\"font-weight: 400;\"><br \/>\n<\/span><span style=\"font-weight: 400;\">S\u00f5idame rannikulinna <\/span><b>Sorrento\u00b4<\/b><span style=\"font-weight: 400;\">sse, mis on tuntud oma sidrunite ja v\u00e4ikeste keraamika-, pitsi- ja puidut\u00f6\u00f6poekeste poolest.\u00a0 <\/span><span style=\"font-weight: 400;\"><br \/>\n<\/span><span style=\"font-weight: 400;\">\u00d6\u00f6bime kesklinnas Villa Elisas. <\/span><a href=\"https:\/\/www.villaelisasorrento.com\/en\/\"><span style=\"font-weight: 400;\">https:\/\/www.villaelisasorrento.com\/en\/<\/span><\/a><\/p>\n<p><span style=\"color: #0000ff;\"><strong>7.<\/strong><strong>ja 8.p\u00e4ev<\/strong><\/span><\/p>\n<p><span style=\"font-weight: 400;\">J\u00e4rgnevad kaks p\u00e4eva on iseseisvaks kujundamiseks. Sorrentost on v\u00f5imalik teha v\u00e4ljas\u00f5ite kas paadi v\u00f5i bussiga m\u00f6\u00f6da maalilist <\/span><b>Amalfi rannik\u00b4<\/b><span style=\"font-weight: 400;\">ut, <\/span><b>Capri saar\u00b4<\/b><span style=\"font-weight: 400;\">ele (ja selle Sinisesse koopasse) v\u00f5i <\/span><b>Napoli\u00b4<\/b><span style=\"font-weight: 400;\">sse. V\u00f5i <\/span><b>Vesuuv\u00b4<\/b><span style=\"font-weight: 400;\">ile (vajalik kindlasti eelregistreerimine). V\u00f5i avastada ja nautida Itaaliat Sorrento vanalinna kitsastel t\u00e4navatel. V\u00f5i lihtsalt puhata ja l\u00f5\u00f5gastuda mere \u00e4\u00e4res. \u00d6\u00f6bime samas kohas.<\/span><\/p>\n<p><span style=\"color: #0000ff;\"><strong>9.p\u00e4ev<\/strong><\/span><\/p>\n<p><span style=\"font-weight: 400;\">Lahkumine Sorrentost kell 6.00. <\/span><span style=\"font-weight: 400;\">AirBalticu lend Rooma &#8211; Riia kell\u00a0 14:15-18:20.<\/span><\/p>\n<h3><\/h3>\n<h3><strong>Hind 1775 eurot<\/strong><strong>\u00a0<\/strong><\/h3>\n<p>&nbsp;<\/p>\n<p><strong>Hinna sees:<\/strong><\/p>\n<ul>\n<li>Lennupiletid Riia-Rooma-Riia koos \u00e4raantava pagasiga (23 kg)<\/li>\n<li>\u00d6\u00f6bimised koos hommikus\u00f6\u00f6kidega vastavalt reisiprogrammile<\/li>\n<li>Rendiauto kasutus ja sellega seonduv (parkimis- ja teemaksud)<\/li>\n<li>Autojuht-reisijuhtide teenus<\/li>\n<\/ul>\n<p>&nbsp;<\/p>\n<p><strong>Hinnale lisandub:<\/strong><\/p>\n<ul>\n<li>P\u00e4\u00e4smed tasuliste vaatamisv\u00e4\u00e4rsuste juurde (piletite hinnad\u00a0 2025.aasta detsembri seisuga):\n<ul>\n<li>Caserta kuningapalee 19 eur (vajalik eelbroneerimine)<\/li>\n<li>Vesuuv 12 eur + 2 eurot kohalik bussike jalavaeva osaliseks v\u00e4hendamiseks (vajalik eelbroneerimine)<\/li>\n<li>Castel del Monte 10 eur<\/li>\n<li>Grotta Zinzulusa 6 eur<\/li>\n<li>Castellana Grotto 20 eur<\/li>\n<li>5 veini degusteerimine Cantine Polvaneras 25 eur (v\u00f5imalik ka kergete kohalike n\u00e4ksidega variant, sel juhul 40 eur)<\/li>\n<li>Pompei 22 eur<\/li>\n<\/ul>\n<\/li>\n<li>Lisatoitlustus<\/li>\n<li>Soovitame s\u00f5lmida ka <strong>meditsiiniabikindlustuse<\/strong> koos <strong>reisit\u00f5rkekindlustusega<\/strong>. Meditsiiniabikindlustus katab kindlustusjuhtumi korral ka visiiditasud, voodip\u00e4evatasud ja riikidevahelise transpordi, mida Euroopa ravikindlustuskaart ei kata.<br \/>\nReisit\u00f5rkekindlustus katab tehtud reisipaketi kulud juhul, kui j\u00e4\u00e4te reisi eel haigeks ja ei saa reisile minna (vajalik on sel juhul esitada kindlustusfirmale arstit\u00f5end). Reisit\u00f5rkekindlustus maksab kulud ka juhul, kui l\u00e4hedane inimene peaks j\u00e4\u00e4ma haigeks v\u00f5i surema. Tutvu konkreetse kindlustuspakkuja tingimustega! Reisit\u00f5rkekindlustuse soovitame s\u00f5lmida esimese ettemaksu tegemise j\u00e4rel, kuid mitte hiljem kui n\u00e4dal aega enne reisi.<\/li>\n<\/ul>\n<p>Vaatamisv\u00e4\u00e4rsuste hinnad v\u00f5ivad v\u00e4hesel m\u00e4\u00e4ral muutuda!<br \/>\nABZ Reisid j\u00e4tab endale \u00f5iguse teha muudatusi reisikavas.\u00a0<strong>\u00a0<\/strong><strong>\u00a0<\/strong><\/p>\n<p><strong>Reisile on vajalik kaasa v\u00f5tta v\u00e4hemalt reisi l\u00f5puni kehtiv pass v\u00f5i ID kaart ja Euroopa ravikindlustuskaart!<\/strong> Ravikindlustuskaart annab \u00f5iguse vajaminevale arstiabile Euroopa Liidus. Kaardi tellimise kohta loe: <a href=\"https:\/\/www.tervisekassa.ee\/kontaktpunkt\/arstiabi-euroopas\/euroopa-ravikindlustuskaart\">https:\/\/www.tervisekassa.ee\/kontaktpunkt\/arstiabi-euroopas\/euroopa-ravikindlustuskaart<\/a><strong>\u00a0<\/strong><\/p>\n<p><strong>NB! Kindlasti tutvuda O\u00dc ABZ Reisid reisitingimustega <\/strong><span style=\"color: #800080;\"><a style=\"color: #800080;\" href=\"http:\/\/www.abz.ee\"><strong>www.abz.ee<\/strong><\/a><strong>\u00a0<\/strong><strong>\u00a0<\/strong><\/span><\/p>\n<p><strong>Tasumine:<\/strong> Ettemaks 100 eurot palume tasuda ABZ Reiside kontole EE121010220003996017 SEB pangas 5 p\u00e4eva jooksul peale reisile registreerumist. Kogu reisiraha peab olema tasutud 31 p\u00e4eva enne reisi.\u00a0<strong>Reisile registreerumise ja reisiraha tasumisega kinnitate, et olete tutvunud O\u00dc ABZ Reisid reisitingimustega.<\/strong><\/p>\n<p>&nbsp;<\/p>\n<p><strong>O\u00dc ABZ Reisid<\/strong><br \/>\nSeminari 5<br \/>\nV\u00f5ru 65608<\/p>\n<p>Tel. +372 78 28 498<br \/>\ninfo@abz.ee<br \/>\nwww.abz.ee<\/p>\n","protected":false},"excerpt":{"rendered":"<p>Oleme sellesse programmi kokku pannud L\u00f5una-Itaalia \u201ck\u00f5ige-k\u00f5iged\u201d ning erilise hoolega valinud \u00f6\u00f6bimiskohti &#8211; et oleks v\u00f5imalikult palju autentset ja piirkonnale omast. Seet\u00f5ttu \u00f6\u00f6bime nii trullides (mis see veel on??) kui koobastes\u2026 Reis ei ole \u00fclearu pingelise graafikuga &#8211; Itaalia \u00fcheks tunnuseks on ju aja v\u00f5tmine elu nautimiseks! Pealegi on keskmised temperatuurid Itaalia l\u00f5unaosas oktoobri l\u00f5pus [&hellip;]<\/p>\n","protected":false},"featured_media":13429,"template":"","meta":{"_acf_changed":false},"product_brand":[],"product_cat":[56],"product_tag":[],"class_list":{"0":"post-13957","1":"product","2":"type-product","3":"status-publish","4":"has-post-thumbnail","6":"product_cat-valisreisid","8":"first","9":"instock","10":"shipping-taxable","11":"purchasable","12":"product-type-ovabrw_car_rental"},"acf":[],"yoast_head":"<!-- This site is optimized with the Yoast SEO plugin v27.5 - https:\/\/yoast.com\/product\/yoast-seo-wordpress\/ -->\n<title>L\u00d5UNA-ITAALIA p\u00e4rlid 22.-30.10.2026 - V\u00c4LJA M\u00dc\u00dcDUD! - ABZ Reisid<\/title>\n<meta name=\"description\" content=\"L\u00f5una-Itaalia k\u00f5ige-k\u00f5iged, Pompei, Vesuuv, Luulekoobas, trullid. Puhkus mere \u00e4\u00e4res, p\u00e4ike, vein, maalilised vaated.\" \/>\n<meta name=\"robots\" content=\"index, follow, max-snippet:-1, max-image-preview:large, max-video-preview:-1\" \/>\n<link rel=\"canonical\" href=\"https:\/\/abz.ee\/en\/reis\/louna-itaalia-parlid-23-31-10-2026\/\" \/>\n<meta property=\"og:locale\" content=\"en_US\" \/>\n<meta property=\"og:type\" content=\"article\" \/>\n<meta property=\"og:title\" content=\"L\u00d5UNA-ITAALIA p\u00e4rlid 22.-30.10.2026 - V\u00c4LJA M\u00dc\u00dcDUD! - ABZ Reisid\" \/>\n<meta property=\"og:description\" content=\"L\u00f5una-Itaalia k\u00f5ige-k\u00f5iged, Pompei, Vesuuv, Luulekoobas, trullid. Puhkus mere \u00e4\u00e4res, p\u00e4ike, vein, maalilised vaated.\" \/>\n<meta property=\"og:url\" content=\"https:\/\/abz.ee\/en\/reis\/louna-itaalia-parlid-23-31-10-2026\/\" \/>\n<meta property=\"og:site_name\" content=\"ABZ Reisid\" \/>\n<meta property=\"article:modified_time\" content=\"2026-03-23T07:59:29+00:00\" \/>\n<meta property=\"og:image\" content=\"https:\/\/abz.ee\/wp-content\/uploads\/2025\/01\/trull1-4.jpg\" \/>\n\t<meta property=\"og:image:width\" content=\"1000\" \/>\n\t<meta property=\"og:image:height\" content=\"634\" \/>\n\t<meta property=\"og:image:type\" content=\"image\/jpeg\" \/>\n<meta name=\"twitter:card\" content=\"summary_large_image\" \/>\n<meta name=\"twitter:label1\" content=\"Est. reading time\" \/>\n\t<meta name=\"twitter:data1\" content=\"6 minutes\" \/>\n<script type=\"application\/ld+json\" class=\"yoast-schema-graph\">{\"@context\":\"https:\\\/\\\/schema.org\",\"@graph\":[{\"@type\":\"WebPage\",\"@id\":\"https:\\\/\\\/abz.ee\\\/en\\\/reis\\\/louna-itaalia-parlid-23-31-10-2026\\\/\",\"url\":\"https:\\\/\\\/abz.ee\\\/en\\\/reis\\\/louna-itaalia-parlid-23-31-10-2026\\\/\",\"name\":\"L\u00d5UNA-ITAALIA p\u00e4rlid 22.-30.10.2026 - V\u00c4LJA M\u00dc\u00dcDUD! - ABZ Reisid\",\"isPartOf\":{\"@id\":\"https:\\\/\\\/abz.ee\\\/en\\\/#website\"},\"primaryImageOfPage\":{\"@id\":\"https:\\\/\\\/abz.ee\\\/en\\\/reis\\\/louna-itaalia-parlid-23-31-10-2026\\\/#primaryimage\"},\"image\":{\"@id\":\"https:\\\/\\\/abz.ee\\\/en\\\/reis\\\/louna-itaalia-parlid-23-31-10-2026\\\/#primaryimage\"},\"thumbnailUrl\":\"https:\\\/\\\/abz.ee\\\/wp-content\\\/uploads\\\/2025\\\/01\\\/trull1-4.jpg\",\"datePublished\":\"2025-09-22T09:19:59+00:00\",\"dateModified\":\"2026-03-23T07:59:29+00:00\",\"description\":\"L\u00f5una-Itaalia k\u00f5ige-k\u00f5iged, Pompei, Vesuuv, Luulekoobas, trullid. Puhkus mere \u00e4\u00e4res, p\u00e4ike, vein, maalilised vaated.\",\"breadcrumb\":{\"@id\":\"https:\\\/\\\/abz.ee\\\/en\\\/reis\\\/louna-itaalia-parlid-23-31-10-2026\\\/#breadcrumb\"},\"inLanguage\":\"en-US\",\"potentialAction\":[{\"@type\":\"ReadAction\",\"target\":[\"https:\\\/\\\/abz.ee\\\/en\\\/reis\\\/louna-itaalia-parlid-23-31-10-2026\\\/\"]}]},{\"@type\":\"ImageObject\",\"inLanguage\":\"en-US\",\"@id\":\"https:\\\/\\\/abz.ee\\\/en\\\/reis\\\/louna-itaalia-parlid-23-31-10-2026\\\/#primaryimage\",\"url\":\"https:\\\/\\\/abz.ee\\\/wp-content\\\/uploads\\\/2025\\\/01\\\/trull1-4.jpg\",\"contentUrl\":\"https:\\\/\\\/abz.ee\\\/wp-content\\\/uploads\\\/2025\\\/01\\\/trull1-4.jpg\",\"width\":1000,\"height\":634,\"caption\":\"L\u00f5una-Itaalia\"},{\"@type\":\"BreadcrumbList\",\"@id\":\"https:\\\/\\\/abz.ee\\\/en\\\/reis\\\/louna-itaalia-parlid-23-31-10-2026\\\/#breadcrumb\",\"itemListElement\":[{\"@type\":\"ListItem\",\"position\":1,\"name\":\"Home\",\"item\":\"https:\\\/\\\/abz.ee\\\/en\\\/\"},{\"@type\":\"ListItem\",\"position\":2,\"name\":\"Shop\",\"item\":\"https:\\\/\\\/abz.ee\\\/shop\\\/\"},{\"@type\":\"ListItem\",\"position\":3,\"name\":\"L\u00d5UNA-ITAALIA p\u00e4rlid 22.-30.10.2026 &#8211; V\u00c4LJA M\u00dc\u00dcDUD!\"}]},{\"@type\":\"WebSite\",\"@id\":\"https:\\\/\\\/abz.ee\\\/en\\\/#website\",\"url\":\"https:\\\/\\\/abz.ee\\\/en\\\/\",\"name\":\"ABZ Reisid\",\"description\":\"Avastuste avar aabits\",\"publisher\":{\"@id\":\"https:\\\/\\\/abz.ee\\\/en\\\/#organization\"},\"potentialAction\":[{\"@type\":\"SearchAction\",\"target\":{\"@type\":\"EntryPoint\",\"urlTemplate\":\"https:\\\/\\\/abz.ee\\\/en\\\/?s={search_term_string}\"},\"query-input\":{\"@type\":\"PropertyValueSpecification\",\"valueRequired\":true,\"valueName\":\"search_term_string\"}}],\"inLanguage\":\"en-US\"},{\"@type\":\"Organization\",\"@id\":\"https:\\\/\\\/abz.ee\\\/en\\\/#organization\",\"name\":\"ABZ Reisid\",\"url\":\"https:\\\/\\\/abz.ee\\\/en\\\/\",\"logo\":{\"@type\":\"ImageObject\",\"inLanguage\":\"en-US\",\"@id\":\"https:\\\/\\\/abz.ee\\\/en\\\/#\\\/schema\\\/logo\\\/image\\\/\",\"url\":\"https:\\\/\\\/abz.ee\\\/wp-content\\\/uploads\\\/2024\\\/02\\\/cropped-favicon-1.png\",\"contentUrl\":\"https:\\\/\\\/abz.ee\\\/wp-content\\\/uploads\\\/2024\\\/02\\\/cropped-favicon-1.png\",\"width\":512,\"height\":512,\"caption\":\"ABZ Reisid\"},\"image\":{\"@id\":\"https:\\\/\\\/abz.ee\\\/en\\\/#\\\/schema\\\/logo\\\/image\\\/\"}}]}<\/script>\n<!-- \/ Yoast SEO plugin. -->","yoast_head_json":{"title":"L\u00d5UNA-ITAALIA p\u00e4rlid 22.-30.10.2026 - V\u00c4LJA M\u00dc\u00dcDUD! - ABZ Reisid","description":"L\u00f5una-Itaalia k\u00f5ige-k\u00f5iged, Pompei, Vesuuv, Luulekoobas, trullid. Puhkus mere \u00e4\u00e4res, p\u00e4ike, vein, maalilised vaated.","robots":{"index":"index","follow":"follow","max-snippet":"max-snippet:-1","max-image-preview":"max-image-preview:large","max-video-preview":"max-video-preview:-1"},"canonical":"https:\/\/abz.ee\/en\/reis\/louna-itaalia-parlid-23-31-10-2026\/","og_locale":"en_US","og_type":"article","og_title":"L\u00d5UNA-ITAALIA p\u00e4rlid 22.-30.10.2026 - V\u00c4LJA M\u00dc\u00dcDUD! - ABZ Reisid","og_description":"L\u00f5una-Itaalia k\u00f5ige-k\u00f5iged, Pompei, Vesuuv, Luulekoobas, trullid. Puhkus mere \u00e4\u00e4res, p\u00e4ike, vein, maalilised vaated.","og_url":"https:\/\/abz.ee\/en\/reis\/louna-itaalia-parlid-23-31-10-2026\/","og_site_name":"ABZ Reisid","article_modified_time":"2026-03-23T07:59:29+00:00","og_image":[{"width":1000,"height":634,"url":"https:\/\/abz.ee\/wp-content\/uploads\/2025\/01\/trull1-4.jpg","type":"image\/jpeg"}],"twitter_card":"summary_large_image","twitter_misc":{"Est. reading time":"6 minutes"},"schema":{"@context":"https:\/\/schema.org","@graph":[{"@type":"WebPage","@id":"https:\/\/abz.ee\/en\/reis\/louna-itaalia-parlid-23-31-10-2026\/","url":"https:\/\/abz.ee\/en\/reis\/louna-itaalia-parlid-23-31-10-2026\/","name":"L\u00d5UNA-ITAALIA p\u00e4rlid 22.-30.10.2026 - V\u00c4LJA M\u00dc\u00dcDUD! - ABZ Reisid","isPartOf":{"@id":"https:\/\/abz.ee\/en\/#website"},"primaryImageOfPage":{"@id":"https:\/\/abz.ee\/en\/reis\/louna-itaalia-parlid-23-31-10-2026\/#primaryimage"},"image":{"@id":"https:\/\/abz.ee\/en\/reis\/louna-itaalia-parlid-23-31-10-2026\/#primaryimage"},"thumbnailUrl":"https:\/\/abz.ee\/wp-content\/uploads\/2025\/01\/trull1-4.jpg","datePublished":"2025-09-22T09:19:59+00:00","dateModified":"2026-03-23T07:59:29+00:00","description":"L\u00f5una-Itaalia k\u00f5ige-k\u00f5iged, Pompei, Vesuuv, Luulekoobas, trullid. Puhkus mere \u00e4\u00e4res, p\u00e4ike, vein, maalilised vaated.","breadcrumb":{"@id":"https:\/\/abz.ee\/en\/reis\/louna-itaalia-parlid-23-31-10-2026\/#breadcrumb"},"inLanguage":"en-US","potentialAction":[{"@type":"ReadAction","target":["https:\/\/abz.ee\/en\/reis\/louna-itaalia-parlid-23-31-10-2026\/"]}]},{"@type":"ImageObject","inLanguage":"en-US","@id":"https:\/\/abz.ee\/en\/reis\/louna-itaalia-parlid-23-31-10-2026\/#primaryimage","url":"https:\/\/abz.ee\/wp-content\/uploads\/2025\/01\/trull1-4.jpg","contentUrl":"https:\/\/abz.ee\/wp-content\/uploads\/2025\/01\/trull1-4.jpg","width":1000,"height":634,"caption":"L\u00f5una-Itaalia"},{"@type":"BreadcrumbList","@id":"https:\/\/abz.ee\/en\/reis\/louna-itaalia-parlid-23-31-10-2026\/#breadcrumb","itemListElement":[{"@type":"ListItem","position":1,"name":"Home","item":"https:\/\/abz.ee\/en\/"},{"@type":"ListItem","position":2,"name":"Shop","item":"https:\/\/abz.ee\/shop\/"},{"@type":"ListItem","position":3,"name":"L\u00d5UNA-ITAALIA p\u00e4rlid 22.-30.10.2026 &#8211; V\u00c4LJA M\u00dc\u00dcDUD!"}]},{"@type":"WebSite","@id":"https:\/\/abz.ee\/en\/#website","url":"https:\/\/abz.ee\/en\/","name":"ABZ Reisid","description":"Avastuste avar aabits","publisher":{"@id":"https:\/\/abz.ee\/en\/#organization"},"potentialAction":[{"@type":"SearchAction","target":{"@type":"EntryPoint","urlTemplate":"https:\/\/abz.ee\/en\/?s={search_term_string}"},"query-input":{"@type":"PropertyValueSpecification","valueRequired":true,"valueName":"search_term_string"}}],"inLanguage":"en-US"},{"@type":"Organization","@id":"https:\/\/abz.ee\/en\/#organization","name":"ABZ Reisid","url":"https:\/\/abz.ee\/en\/","logo":{"@type":"ImageObject","inLanguage":"en-US","@id":"https:\/\/abz.ee\/en\/#\/schema\/logo\/image\/","url":"https:\/\/abz.ee\/wp-content\/uploads\/2024\/02\/cropped-favicon-1.png","contentUrl":"https:\/\/abz.ee\/wp-content\/uploads\/2024\/02\/cropped-favicon-1.png","width":512,"height":512,"caption":"ABZ Reisid"},"image":{"@id":"https:\/\/abz.ee\/en\/#\/schema\/logo\/image\/"}}]}},"_links":{"self":[{"href":"https:\/\/abz.ee\/en\/wp-json\/wp\/v2\/product\/13957","targetHints":{"allow":["GET"]}}],"collection":[{"href":"https:\/\/abz.ee\/en\/wp-json\/wp\/v2\/product"}],"about":[{"href":"https:\/\/abz.ee\/en\/wp-json\/wp\/v2\/types\/product"}],"version-history":[{"count":10,"href":"https:\/\/abz.ee\/en\/wp-json\/wp\/v2\/product\/13957\/revisions"}],"predecessor-version":[{"id":14812,"href":"https:\/\/abz.ee\/en\/wp-json\/wp\/v2\/product\/13957\/revisions\/14812"}],"wp:featuredmedia":[{"embeddable":true,"href":"https:\/\/abz.ee\/en\/wp-json\/wp\/v2\/media\/13429"}],"wp:attachment":[{"href":"https:\/\/abz.ee\/en\/wp-json\/wp\/v2\/media?parent=13957"}],"wp:term":[{"taxonomy":"product_brand","embeddable":true,"href":"https:\/\/abz.ee\/en\/wp-json\/wp\/v2\/product_brand?post=13957"},{"taxonomy":"product_cat","embeddable":true,"href":"https:\/\/abz.ee\/en\/wp-json\/wp\/v2\/product_cat?post=13957"},{"taxonomy":"product_tag","embeddable":true,"href":"https:\/\/abz.ee\/en\/wp-json\/wp\/v2\/product_tag?post=13957"}],"curies":[{"name":"wp","href":"https:\/\/api.w.org\/{rel}","templated":true}]}}