{"id":13607,"date":"2025-09-22T12:00:38","date_gmt":"2025-09-22T09:00:38","guid":{"rendered":"https:\/\/abz.ee\/?post_type=product&#038;p=13607"},"modified":"2026-03-05T12:26:03","modified_gmt":"2026-03-05T10:26:03","slug":"aserbaidzaan-2026","status":"publish","type":"product","link":"https:\/\/abz.ee\/en\/reis\/aserbaidzaan-2026\/","title":{"rendered":"ASERBAID\u017dAAN 24.-31.10.2026"},"content":{"rendered":"<p><span style=\"color: #0000ff;\"><strong>1.p\u00e4ev<\/strong><\/span><br \/>\nTransfeer V\u00f5ru-Tallinn. Lend Tallinn-Varssavi 18.25-19.05 (LOT) ja Varssavi-Bakuu 20.15-02.25 (LOT) &#8211; kellaajad kohaliku aja j\u00e4rgi.<br \/>\nMajutumine Bakuu hotellis (2-sed toad, hommikus\u00f6\u00f6kidega)<\/p>\n<p><strong><span style=\"color: #0000ff;\">2.p\u00e4ev<\/span><\/strong><br \/>\nAserbaid\u017eaan on \u00fcks <strong>mudavulkaanirohkemaid<\/strong> riike terves maailmas. J\u00e4\u00e4k\u00fclma mudaga mulisevad vulkaanid on t\u00f5eliselt s\u00fcrrealistlik vaatepilt.<br \/>\n<strong>Gobustani kaljudel ja kividel<\/strong> leitud enam kui 6000 kaljujoonist, mille vanus on 5000 kuni 4000 aastat. Kivikunsti kultuurmaastik on UNESCO kaitse all.<br \/>\n\u00d5htune <strong>Bakuu promenaad<\/strong> ehk \u201cBakuu teemantkee\u201d &#8211; 16 km pikkune mere\u00e4\u00e4rne park koos romantilise valgustuse ja purskkaevudega.<br \/>\n\u00d6\u00f6bimine samas\u00a0hotellis.<\/p>\n<p><strong><span style=\"color: #0000ff;\">3.p\u00e4ev<\/span><\/strong><br \/>\nBakuust ca 90 km kaugusel asub omap\u00e4rane 15. sajandist p\u00e4rit 2-korruseline <strong>Diri-Baba mo\u0161ee-mausoleum<\/strong>, kuhu on v\u00e4idetavalt maetud p\u00fchak Diri-Baba.<br \/>\nSiiditeel asuv <strong>Samaxi<\/strong> (Samakhi) on \u00fcks Aserbaid\u017eaani vanemaid linnu, mida on korduvalt raputanud maav\u00e4rinad ja mille suurimaks vaatamisv\u00e4\u00e4rsuseks on aastal 734 rajatud Juma mo\u0161ee.<br \/>\n<strong>Meyseri veinit\u00f6\u00f6stus.<\/strong><br \/>\n<strong>Sheki ajalooline keskus<\/strong> <strong>koos Khani paleega<\/strong> on kantud UNESCO maailmap\u00e4randi nimekirja.<br \/>\nMajutus Sheki hotellis (2-sed toad, hommikus\u00f6\u00f6giga)<\/p>\n<p><strong><span style=\"color: #0000ff;\">4.p\u00e4ev<\/span><\/strong><br \/>\n<strong>Ganjas Heydar Aliyjevi<\/strong> pargis\u00a0on 2 km pikkune peaallee, kuldkaladega j\u00e4rv ja triumfikaar, mille ees prantslased peaksid silmad peast h\u00e4benema, nagu on keegi netis \u00f6elnud.<br \/>\n<strong>Ganja\u00a0pudelitest maja.<\/strong><br \/>\nGanja l\u00e4hedal asub <strong>Imamzadeh<\/strong>, \u0161iiitide p\u00fchapaik. Imamzadeh on t\u00f5lkes &#8220;prohveti pojad&#8221; ja vihjab seega prohvet Ali j\u00e4reltulijate matmispaigale. Mausoleum p\u00e4rineb 14. sajandist ja koosneb mo\u0161eest ning matusemonumentidest. See on Aserbaid\u017eaani moslemite palver\u00e4nnusiht.<br \/>\nSealsamas asub ka <strong>Nizami Ganjavi<\/strong>, Aserbaid\u017eaani kuulsaima poeedi (12. saj) memoriaal, mausoleum ja muuseum.<br \/>\n<strong>G\u00f6yg\u00f6l<\/strong> v\u00f5i Goygol t\u00e4hendab Sinist J\u00e4rve. Asub ca 1500 m k\u00f5rgusel \u00fcmp. J\u00e4rv tekkis 1139.aastal, kui maav\u00e4risemise k\u00e4igus kukkus kokku Papazi m\u00e4gi ja blokeeris K\u00fcr\u00e4kcay j\u00f5e tee.<br \/>\nJ\u00e4rve \u00e4\u00e4res asub<strong> presidendi kahe vaateplatvormiga villa<\/strong>.<br \/>\n\u00d6\u00f6bimine Naftalani hotellis (2-sed toad, hommikus\u00f6\u00f6giga)<\/p>\n<p><strong><span style=\"color: #0000ff;\">5.p\u00e4ev<\/span><\/strong><br \/>\n<strong>Naftavannid.<\/strong><br \/>\nVaba aeg Bakuus.<br \/>\n\u00d6\u00f6bimine Bakuus (2-sed toa, hommikus\u00f6\u00f6giga)<\/p>\n<p><strong><span style=\"color: #0000ff;\">6.p\u00e4ev<\/span><\/strong><br \/>\n<strong>Bakuu p\u00e4ev.<\/strong><br \/>\nVanalinn.<strong>\u00a0Shirvanshahi palee<\/strong> Bakuu vanalinnas on UNESCO maailma kultuurip\u00e4randi nimekirjas.<br \/>\n<strong>Vaibamuuseum<\/strong> on rullikeeratud vaiba kujuline ja asub mere\u00e4\u00e4rsel promenaadil, tema l\u00e4hedalt leiame veel <strong>V\u00e4ikese Veneetsia<\/strong>.<br \/>\nP\u00e4rastl\u00f5unal vaba aeg. \u00d5htus\u00f6\u00f6k soovi korral teletornis.<br \/>\n\u00d6\u00f6bimine Bakuus samas hotellis.<\/p>\n<p><strong><span style=\"color: #0000ff;\">7.p\u00e4ev<\/span><\/strong><br \/>\n<strong>Bakuu p\u00e4ev.<\/strong><br \/>\nHaydar Aliyevi kultuurikeskus ehk <strong>Heidar Alijevi palee<\/strong> ehitati 2012. aastal Aserbaid\u017eaanis toimunud Eurovisiooni lauluv\u00f5istluse jaoks. Hoone arhitektiks on maailmakuulus Zaha Hadid, kes v\u00e4idetavalt oli inspiratsiooni saanud Merilyn Monroe seelikust. Kompleksis on mitu erinevat muuseumi, sh autode ja muusikariistade oma.<br \/>\nAserbaid\u017eaanis on s\u00e4ilinud hulk <strong>tulekummardajate (zoroatristide) templeid<\/strong>, mille k\u00f5igi kohta k\u00e4ib s\u00f5na Ateshgah (atesh\u00a0 = p\u00e4rsia k &#8216;tuli&#8217;). Bakuus asuv <strong>Ateshgah<\/strong> on kantud UNESCO maailmap\u00e4randi nimekirja.<br \/>\n<strong>Yanar Dag<\/strong> ehk p\u00f5lev m\u00e4gi.<br \/>\n\u00d6\u00f6bimine Bakuus samas hotellis.<\/p>\n<p><strong><span style=\"color: #0000ff;\">8.p\u00e4ev<\/span><\/strong><br \/>\nHommikus\u00f6\u00f6k hotellis. S\u00f5it lennujaama.<br \/>\nLend Bakuu-Varssavi 12.00-13.40 (LOT), Varssavi-Tallinn 15.05-17.50 (LOT) &#8211; kellaajad kohaliku aja j\u00e4rgi.<br \/>\nTransfeer Tallinn-V\u00f5ru.<\/p>\n<p><strong>Hind: 1290 EUR\/in<\/strong><\/p>\n<p>Hinna sees:<\/p>\n<ul>\n<li>lennupilet Tallinn-Varssavi-Bakuu ja Bakuu-Varssavi-Tallinn, LOT (hinna sees nii k\u00e4si- kui \u00e4raantav pagas)<\/li>\n<li>lennujaamamaksud<\/li>\n<li>transfeer V\u00f5ru-Tallinn ja Tallinn-V\u00f5ru<\/li>\n<li>majutused 2-kohalises toas koos hommikus\u00f6\u00f6giga<\/li>\n<li>kohalik transport<\/li>\n<li>kohalik giid<\/li>\n<li>reisijuhi teenused<\/li>\n<li>\u00fcldhaldus- ja juhtimiskulud<\/li>\n<\/ul>\n<p>&nbsp;<\/p>\n<p>Lisatasu eest:<\/p>\n<ul>\n<li>viisa u 36 USD\/in<\/li>\n<li>l\u00f5una-ja \u00f5htus\u00f6\u00f6gid<\/li>\n<li>1-kohalise toa lisatasu<\/li>\n<li>reisikindlustus<\/li>\n<\/ul>\n<p>&nbsp;<\/p>\n<p>P\u00e4\u00e4smed\/k\u00fclastused:<\/p>\n<ul>\n<li>naftavann 50 USD in<\/li>\n<li>mudavulkaanid 15 USD in<\/li>\n<li>Gobustan 10 USD in<\/li>\n<li>Shirvanshahi palee 15 USD in<\/li>\n<li>vaibamuuseum 10 USD in<\/li>\n<li>V\u00e4ike Veneetsia 5 USD in<\/li>\n<li>Diri Baba mo\u0161ee-mausoleum 10 USD in<\/li>\n<li>Meyseri veinit\u00f6\u00f6stus ja degustatsioon 50 USD in<\/li>\n<li>Sheki Khani palee 10 USD in<\/li>\n<li>Goygol j\u00e4rv Ganjas 3 USD in<\/li>\n<li>Haydar Aliyev palee 15 USD in<\/li>\n<li>Ateshgah tempel ja p\u00f5lev m\u00e4gi 15 USD in<\/li>\n<\/ul>\n<p>&nbsp;<\/p>\n<p>Reisile on vajalik kaasa v\u00f5tta<strong> pass, mis kehtib v\u00e4hemalt kuus kuud p\u00e4rast reisi l\u00f5ppu ja vormistada viisa!<\/strong><\/p>\n<p><strong>Tasumine.\u00a0<\/strong>5 p\u00e4eva jooksul peale reisile registreerumist palume teha ettemaks 350 eurot inimese kohta. Kogu reisi maksumus peab olema tasutud hiljemalt 31 p\u00e4eva enne reisi algust. Reisi t\u00fchistamisel v\u00e4hem kui 31 p\u00e4eva enne reisi ei tagastata reisijale ettemaksu, mille summa on \u00e4ra m\u00e4rgitud reisikavas (350 eurot).<\/p>\n<p><strong>NB!<\/strong>\u00a0Reisile registreerumise ja reisiraha tasumisega kinnitate, et olete tutvunud O\u00dc ABZ Reisid reisitingimustega\u00a0<a href=\"http:\/\/www.abz.ee\"><span lang=\"zxx\">www.abz.ee<\/span><\/a><\/p>\n<p>J\u00e4tame endale \u00f5iguse teha muudatusi reisiprogrammis ja hinnas.<\/p>\n<p>O\u00dc ABZ Reisid<br \/>\nSeminari 5<br \/>\nV\u00f5ru 65608<br \/>\nTel. +372 78 28 498<br \/>\ne-mail: info@abz.ee<\/p>\n","protected":false},"excerpt":{"rendered":"<p>1.p\u00e4ev Transfeer V\u00f5ru-Tallinn. Lend Tallinn-Varssavi 18.25-19.05 (LOT) ja Varssavi-Bakuu 20.15-02.25 (LOT) &#8211; kellaajad kohaliku aja j\u00e4rgi. Majutumine Bakuu hotellis (2-sed toad, hommikus\u00f6\u00f6kidega) 2.p\u00e4ev Aserbaid\u017eaan on \u00fcks mudavulkaanirohkemaid riike terves maailmas. J\u00e4\u00e4k\u00fclma mudaga mulisevad vulkaanid on t\u00f5eliselt s\u00fcrrealistlik vaatepilt. Gobustani kaljudel ja kividel leitud enam kui 6000 kaljujoonist, mille vanus on 5000 kuni 4000 aastat. Kivikunsti [&hellip;]<\/p>\n","protected":false},"featured_media":13610,"template":"","meta":{"_acf_changed":false},"product_brand":[],"product_cat":[56],"product_tag":[],"class_list":{"0":"post-13607","1":"product","2":"type-product","3":"status-publish","4":"has-post-thumbnail","6":"product_cat-valisreisid","8":"first","9":"instock","10":"shipping-taxable","11":"purchasable","12":"product-type-ovabrw_car_rental"},"acf":[],"yoast_head":"<!-- This site is optimized with the Yoast SEO plugin v27.5 - https:\/\/yoast.com\/product\/yoast-seo-wordpress\/ -->\n<title>ASERBAID\u017dAAN 24.-31.10.2026 - ABZ Reisid<\/title>\n<meta name=\"robots\" content=\"index, follow, max-snippet:-1, max-image-preview:large, max-video-preview:-1\" \/>\n<link rel=\"canonical\" href=\"https:\/\/abz.ee\/en\/reis\/aserbaidzaan-2026\/\" \/>\n<meta property=\"og:locale\" content=\"en_US\" \/>\n<meta property=\"og:type\" content=\"article\" \/>\n<meta property=\"og:title\" content=\"ASERBAID\u017dAAN 24.-31.10.2026 - ABZ Reisid\" \/>\n<meta property=\"og:description\" content=\"1.p\u00e4ev Transfeer V\u00f5ru-Tallinn. Lend Tallinn-Varssavi 18.25-19.05 (LOT) ja Varssavi-Bakuu 20.15-02.25 (LOT) &#8211; kellaajad kohaliku aja j\u00e4rgi. Majutumine Bakuu hotellis (2-sed toad, hommikus\u00f6\u00f6kidega) 2.p\u00e4ev Aserbaid\u017eaan on \u00fcks mudavulkaanirohkemaid riike terves maailmas. J\u00e4\u00e4k\u00fclma mudaga mulisevad vulkaanid on t\u00f5eliselt s\u00fcrrealistlik vaatepilt. Gobustani kaljudel ja kividel leitud enam kui 6000 kaljujoonist, mille vanus on 5000 kuni 4000 aastat. Kivikunsti [&hellip;]\" \/>\n<meta property=\"og:url\" content=\"https:\/\/abz.ee\/en\/reis\/aserbaidzaan-2026\/\" \/>\n<meta property=\"og:site_name\" content=\"ABZ Reisid\" \/>\n<meta property=\"article:modified_time\" content=\"2026-03-05T10:26:03+00:00\" \/>\n<meta property=\"og:image\" content=\"https:\/\/abz.ee\/wp-content\/uploads\/2025\/03\/Palace_of_Shirvanshahs_ABZ-Reisid-1.jpg\" \/>\n\t<meta property=\"og:image:width\" content=\"1135\" \/>\n\t<meta property=\"og:image:height\" content=\"720\" \/>\n\t<meta property=\"og:image:type\" content=\"image\/jpeg\" \/>\n<meta name=\"twitter:card\" content=\"summary_large_image\" \/>\n<meta name=\"twitter:label1\" content=\"Est. reading time\" \/>\n\t<meta name=\"twitter:data1\" content=\"4 minutes\" \/>\n<script type=\"application\/ld+json\" class=\"yoast-schema-graph\">{\"@context\":\"https:\\\/\\\/schema.org\",\"@graph\":[{\"@type\":\"WebPage\",\"@id\":\"https:\\\/\\\/abz.ee\\\/en\\\/reis\\\/aserbaidzaan-2026\\\/\",\"url\":\"https:\\\/\\\/abz.ee\\\/en\\\/reis\\\/aserbaidzaan-2026\\\/\",\"name\":\"ASERBAID\u017dAAN 24.-31.10.2026 - ABZ Reisid\",\"isPartOf\":{\"@id\":\"https:\\\/\\\/abz.ee\\\/en\\\/#website\"},\"primaryImageOfPage\":{\"@id\":\"https:\\\/\\\/abz.ee\\\/en\\\/reis\\\/aserbaidzaan-2026\\\/#primaryimage\"},\"image\":{\"@id\":\"https:\\\/\\\/abz.ee\\\/en\\\/reis\\\/aserbaidzaan-2026\\\/#primaryimage\"},\"thumbnailUrl\":\"https:\\\/\\\/abz.ee\\\/wp-content\\\/uploads\\\/2025\\\/03\\\/Palace_of_Shirvanshahs_ABZ-Reisid-1.jpg\",\"datePublished\":\"2025-09-22T09:00:38+00:00\",\"dateModified\":\"2026-03-05T10:26:03+00:00\",\"breadcrumb\":{\"@id\":\"https:\\\/\\\/abz.ee\\\/en\\\/reis\\\/aserbaidzaan-2026\\\/#breadcrumb\"},\"inLanguage\":\"en-US\",\"potentialAction\":[{\"@type\":\"ReadAction\",\"target\":[\"https:\\\/\\\/abz.ee\\\/en\\\/reis\\\/aserbaidzaan-2026\\\/\"]}]},{\"@type\":\"ImageObject\",\"inLanguage\":\"en-US\",\"@id\":\"https:\\\/\\\/abz.ee\\\/en\\\/reis\\\/aserbaidzaan-2026\\\/#primaryimage\",\"url\":\"https:\\\/\\\/abz.ee\\\/wp-content\\\/uploads\\\/2025\\\/03\\\/Palace_of_Shirvanshahs_ABZ-Reisid-1.jpg\",\"contentUrl\":\"https:\\\/\\\/abz.ee\\\/wp-content\\\/uploads\\\/2025\\\/03\\\/Palace_of_Shirvanshahs_ABZ-Reisid-1.jpg\",\"width\":1135,\"height\":720},{\"@type\":\"BreadcrumbList\",\"@id\":\"https:\\\/\\\/abz.ee\\\/en\\\/reis\\\/aserbaidzaan-2026\\\/#breadcrumb\",\"itemListElement\":[{\"@type\":\"ListItem\",\"position\":1,\"name\":\"Home\",\"item\":\"https:\\\/\\\/abz.ee\\\/en\\\/\"},{\"@type\":\"ListItem\",\"position\":2,\"name\":\"Shop\",\"item\":\"https:\\\/\\\/abz.ee\\\/shop\\\/\"},{\"@type\":\"ListItem\",\"position\":3,\"name\":\"ASERBAID\u017dAAN 24.-31.10.2026\"}]},{\"@type\":\"WebSite\",\"@id\":\"https:\\\/\\\/abz.ee\\\/en\\\/#website\",\"url\":\"https:\\\/\\\/abz.ee\\\/en\\\/\",\"name\":\"ABZ Reisid\",\"description\":\"Avastuste avar aabits\",\"publisher\":{\"@id\":\"https:\\\/\\\/abz.ee\\\/en\\\/#organization\"},\"potentialAction\":[{\"@type\":\"SearchAction\",\"target\":{\"@type\":\"EntryPoint\",\"urlTemplate\":\"https:\\\/\\\/abz.ee\\\/en\\\/?s={search_term_string}\"},\"query-input\":{\"@type\":\"PropertyValueSpecification\",\"valueRequired\":true,\"valueName\":\"search_term_string\"}}],\"inLanguage\":\"en-US\"},{\"@type\":\"Organization\",\"@id\":\"https:\\\/\\\/abz.ee\\\/en\\\/#organization\",\"name\":\"ABZ Reisid\",\"url\":\"https:\\\/\\\/abz.ee\\\/en\\\/\",\"logo\":{\"@type\":\"ImageObject\",\"inLanguage\":\"en-US\",\"@id\":\"https:\\\/\\\/abz.ee\\\/en\\\/#\\\/schema\\\/logo\\\/image\\\/\",\"url\":\"https:\\\/\\\/abz.ee\\\/wp-content\\\/uploads\\\/2024\\\/02\\\/cropped-favicon-1.png\",\"contentUrl\":\"https:\\\/\\\/abz.ee\\\/wp-content\\\/uploads\\\/2024\\\/02\\\/cropped-favicon-1.png\",\"width\":512,\"height\":512,\"caption\":\"ABZ Reisid\"},\"image\":{\"@id\":\"https:\\\/\\\/abz.ee\\\/en\\\/#\\\/schema\\\/logo\\\/image\\\/\"}}]}<\/script>\n<!-- \/ Yoast SEO plugin. -->","yoast_head_json":{"title":"ASERBAID\u017dAAN 24.-31.10.2026 - ABZ Reisid","robots":{"index":"index","follow":"follow","max-snippet":"max-snippet:-1","max-image-preview":"max-image-preview:large","max-video-preview":"max-video-preview:-1"},"canonical":"https:\/\/abz.ee\/en\/reis\/aserbaidzaan-2026\/","og_locale":"en_US","og_type":"article","og_title":"ASERBAID\u017dAAN 24.-31.10.2026 - ABZ Reisid","og_description":"1.p\u00e4ev Transfeer V\u00f5ru-Tallinn. Lend Tallinn-Varssavi 18.25-19.05 (LOT) ja Varssavi-Bakuu 20.15-02.25 (LOT) &#8211; kellaajad kohaliku aja j\u00e4rgi. Majutumine Bakuu hotellis (2-sed toad, hommikus\u00f6\u00f6kidega) 2.p\u00e4ev Aserbaid\u017eaan on \u00fcks mudavulkaanirohkemaid riike terves maailmas. J\u00e4\u00e4k\u00fclma mudaga mulisevad vulkaanid on t\u00f5eliselt s\u00fcrrealistlik vaatepilt. Gobustani kaljudel ja kividel leitud enam kui 6000 kaljujoonist, mille vanus on 5000 kuni 4000 aastat. Kivikunsti [&hellip;]","og_url":"https:\/\/abz.ee\/en\/reis\/aserbaidzaan-2026\/","og_site_name":"ABZ Reisid","article_modified_time":"2026-03-05T10:26:03+00:00","og_image":[{"width":1135,"height":720,"url":"https:\/\/abz.ee\/wp-content\/uploads\/2025\/03\/Palace_of_Shirvanshahs_ABZ-Reisid-1.jpg","type":"image\/jpeg"}],"twitter_card":"summary_large_image","twitter_misc":{"Est. reading time":"4 minutes"},"schema":{"@context":"https:\/\/schema.org","@graph":[{"@type":"WebPage","@id":"https:\/\/abz.ee\/en\/reis\/aserbaidzaan-2026\/","url":"https:\/\/abz.ee\/en\/reis\/aserbaidzaan-2026\/","name":"ASERBAID\u017dAAN 24.-31.10.2026 - ABZ Reisid","isPartOf":{"@id":"https:\/\/abz.ee\/en\/#website"},"primaryImageOfPage":{"@id":"https:\/\/abz.ee\/en\/reis\/aserbaidzaan-2026\/#primaryimage"},"image":{"@id":"https:\/\/abz.ee\/en\/reis\/aserbaidzaan-2026\/#primaryimage"},"thumbnailUrl":"https:\/\/abz.ee\/wp-content\/uploads\/2025\/03\/Palace_of_Shirvanshahs_ABZ-Reisid-1.jpg","datePublished":"2025-09-22T09:00:38+00:00","dateModified":"2026-03-05T10:26:03+00:00","breadcrumb":{"@id":"https:\/\/abz.ee\/en\/reis\/aserbaidzaan-2026\/#breadcrumb"},"inLanguage":"en-US","potentialAction":[{"@type":"ReadAction","target":["https:\/\/abz.ee\/en\/reis\/aserbaidzaan-2026\/"]}]},{"@type":"ImageObject","inLanguage":"en-US","@id":"https:\/\/abz.ee\/en\/reis\/aserbaidzaan-2026\/#primaryimage","url":"https:\/\/abz.ee\/wp-content\/uploads\/2025\/03\/Palace_of_Shirvanshahs_ABZ-Reisid-1.jpg","contentUrl":"https:\/\/abz.ee\/wp-content\/uploads\/2025\/03\/Palace_of_Shirvanshahs_ABZ-Reisid-1.jpg","width":1135,"height":720},{"@type":"BreadcrumbList","@id":"https:\/\/abz.ee\/en\/reis\/aserbaidzaan-2026\/#breadcrumb","itemListElement":[{"@type":"ListItem","position":1,"name":"Home","item":"https:\/\/abz.ee\/en\/"},{"@type":"ListItem","position":2,"name":"Shop","item":"https:\/\/abz.ee\/shop\/"},{"@type":"ListItem","position":3,"name":"ASERBAID\u017dAAN 24.-31.10.2026"}]},{"@type":"WebSite","@id":"https:\/\/abz.ee\/en\/#website","url":"https:\/\/abz.ee\/en\/","name":"ABZ Reisid","description":"Avastuste avar aabits","publisher":{"@id":"https:\/\/abz.ee\/en\/#organization"},"potentialAction":[{"@type":"SearchAction","target":{"@type":"EntryPoint","urlTemplate":"https:\/\/abz.ee\/en\/?s={search_term_string}"},"query-input":{"@type":"PropertyValueSpecification","valueRequired":true,"valueName":"search_term_string"}}],"inLanguage":"en-US"},{"@type":"Organization","@id":"https:\/\/abz.ee\/en\/#organization","name":"ABZ Reisid","url":"https:\/\/abz.ee\/en\/","logo":{"@type":"ImageObject","inLanguage":"en-US","@id":"https:\/\/abz.ee\/en\/#\/schema\/logo\/image\/","url":"https:\/\/abz.ee\/wp-content\/uploads\/2024\/02\/cropped-favicon-1.png","contentUrl":"https:\/\/abz.ee\/wp-content\/uploads\/2024\/02\/cropped-favicon-1.png","width":512,"height":512,"caption":"ABZ Reisid"},"image":{"@id":"https:\/\/abz.ee\/en\/#\/schema\/logo\/image\/"}}]}},"_links":{"self":[{"href":"https:\/\/abz.ee\/en\/wp-json\/wp\/v2\/product\/13607","targetHints":{"allow":["GET"]}}],"collection":[{"href":"https:\/\/abz.ee\/en\/wp-json\/wp\/v2\/product"}],"about":[{"href":"https:\/\/abz.ee\/en\/wp-json\/wp\/v2\/types\/product"}],"version-history":[{"count":9,"href":"https:\/\/abz.ee\/en\/wp-json\/wp\/v2\/product\/13607\/revisions"}],"predecessor-version":[{"id":14573,"href":"https:\/\/abz.ee\/en\/wp-json\/wp\/v2\/product\/13607\/revisions\/14573"}],"wp:featuredmedia":[{"embeddable":true,"href":"https:\/\/abz.ee\/en\/wp-json\/wp\/v2\/media\/13610"}],"wp:attachment":[{"href":"https:\/\/abz.ee\/en\/wp-json\/wp\/v2\/media?parent=13607"}],"wp:term":[{"taxonomy":"product_brand","embeddable":true,"href":"https:\/\/abz.ee\/en\/wp-json\/wp\/v2\/product_brand?post=13607"},{"taxonomy":"product_cat","embeddable":true,"href":"https:\/\/abz.ee\/en\/wp-json\/wp\/v2\/product_cat?post=13607"},{"taxonomy":"product_tag","embeddable":true,"href":"https:\/\/abz.ee\/en\/wp-json\/wp\/v2\/product_tag?post=13607"}],"curies":[{"name":"wp","href":"https:\/\/api.w.org\/{rel}","templated":true}]}}